{"id":7808,"date":"2025-08-25T22:18:40","date_gmt":"2025-08-25T20:18:40","guid":{"rendered":"https:\/\/diebuchmacherei.de\/?page_id=7808"},"modified":"2025-12-27T15:56:20","modified_gmt":"2025-12-27T14:56:20","slug":"startseite","status":"publish","type":"page","link":"https:\/\/diebuchmacherei.de\/de_de\/","title":{"rendered":"Startseite"},"content":{"rendered":"\n\n\n<p><\/p>\n\n\n<h1 class=\"wp-block-heading\" id=\"willkommen-in-der-buchmacherei\">Willkommen in der Buchmacherei<\/h1>\n\n\n<p>Unsere Website informiert Sie \u00fcber unser Verlagsprogramm. Neben den Informationen zu den B\u00fcchern selbst haben Sie auch Einblick in die&nbsp;Medienkritik&nbsp;der Titel. Im weiteren halten wir Sie \u00fcber<a href=\"https:\/\/diebuchmacherei.de\/de_de\/termine\/\">&nbsp;Termine, Diskussionen und Lesungen<\/a>&nbsp;mit den Autor\/innen auf dem Laufenden. Sie k\u00f6nnen B\u00fccher bei uns direkt beziehen oder auch im Buchhandel bekommen. Beim Direktbezug nutzen Sie bitte unseren&nbsp;<a href=\"https:\/\/diebuchmacherei.de\/de_de\/shop\/\">Webshop<\/a>.<br>Buchh\u00e4ndler*innen k\u00f6nnen \u00fcber die Mailadresse&nbsp;<strong>bestellung@diebuchmacherei.de&nbsp;<\/strong>bestellen.<br>Des Weiteren erreichen Sie unsere Buchtitel \u00fcber das Men\u00fc \u201eThemenschwerpunkte\u201c im linken Seitenbereich dieser Website.<\/p>\n\n\n\n<p>Einen schnellen \u00dcberblick \u00fcber alle unsere Titel erhalten Sie \u00fcber die Schaltfl\u00e4che &#8220;<a href=\"https:\/\/diebuchmacherei.de\/wp-content\/uploads\/2025\/12\/Gesamtprogramm-2025-3.-Quartal-neu-o.SM_.pdf\" target=\"_blank\" rel=\"noreferrer noopener\">Gesamtkatalog<\/a>&#8221; unten links.<\/p>\n\n\n<h3 class=\"wp-block-heading\" id=\"ueber-uns\">\u00dcber Uns<\/h3>\n\n\n<p>\u201cDie Buchmacherei\u201d feierte im letzten Jahr (2024) ihr zwanzigj\u00e4hriges Bestehen. Wir, \u201cdie Buchmacher\u201d sind ein kleiner Kreis von sozialen Akteuren, die sich seit Jahrzehnten in der Arbeiter- und Gewerkschaftsbewegung engagieren. Entweder wir schieben Buchprojekte selbst an oder verlegen ins Konzept passende Buchideen, die an uns herangetragen werden. Unser verlegerisches Anliegen ist die Verbreitung von Wissen \u00fcber Ziele und Geschichte der modernen Arbeiter\/innenbewegung \u2013 f\u00fcr uns kein abgeschlossenes Kapitel sondern eine nach wie vor geschichtsm\u00e4chtige Kraft. Die meisten Beitr\u00e4ge dazu finden sich in den beiden Themenstr\u00e4ngen \u201cKonkrete Utopien als Lernprozesse\u201d und \u201cSoziale K\u00e4mpfe \u2013 historisch und aktuell\u201d.<\/p>\n\n\n\n<p><\/p>\n\n\n\n<p><\/p>\n\n\n\n\t\t<!-- MasterSlider -->\n\t\t<div id=\"P_MS69106fba94793\" class=\"master-slider-parent msl ms-parent-id-1\" style=\"max-width:800px;\">\n\n\t\t\t\n\t\t\t<!-- MasterSlider Main -->\n\t\t\t<div id=\"MS69106fba94793\" class=\"master-slider ms-skin-light-3\" >\n\t\t\t\t \t\t\t\t \n\t\t\t\t<div  class=\"ms-slide\" data-delay=\"3\" data-fill-mode=\"fill\"  >\n\t\t\t\t\t<img decoding=\"async\" src=\"https:\/\/diebuchmacherei.de\/wp-content\/plugins\/master-slider\/public\/assets\/css\/blank.gif\" alt=\"\" title=\"\" data-src=\"https:\/\/diebuchmacherei.de\/wp-content\/uploads\/2025\/09\/RRP.jpg\" \/>\n\n\n\t<div class=\"ms-thumb\" ><div class=\"ms-tab-context\"><div class=\"&quot;ms-tab-context&quot;\"><\/div><\/div>\n<\/div>\n\t\t\t\t<\/div>\n\t\t\t\t<div  class=\"ms-slide\" data-delay=\"3\" data-fill-mode=\"fill\"  >\n\t\t\t\t\t<img decoding=\"async\" src=\"https:\/\/diebuchmacherei.de\/wp-content\/plugins\/master-slider\/public\/assets\/css\/blank.gif\" alt=\"\" title=\"\" data-src=\"https:\/\/diebuchmacherei.de\/wp-content\/uploads\/2025\/09\/Kiezblick.jpg\" \/>\n\n\n\t<div class=\"ms-thumb\" ><div class=\"ms-tab-context\"><div class=\"&quot;ms-tab-context&quot;\"><\/div><\/div>\n<\/div>\n\t\t\t\t<\/div>\n\t\t\t\t<div  class=\"ms-slide\" data-delay=\"3\" data-fill-mode=\"fill\"  >\n\t\t\t\t\t<img decoding=\"async\" src=\"https:\/\/diebuchmacherei.de\/wp-content\/plugins\/master-slider\/public\/assets\/css\/blank.gif\" alt=\"\" title=\"\" data-src=\"https:\/\/diebuchmacherei.de\/wp-content\/uploads\/2025\/10\/LLM-N2.jpg\" \/>\n\n\n\t<div class=\"ms-thumb\" ><div class=\"ms-tab-context\"><div class=\"&quot;ms-tab-context&quot;\"><\/div><\/div>\n<\/div>\n\t\t\t\t<\/div>\n\t\t\t\t<div  class=\"ms-slide\" data-delay=\"3\" data-fill-mode=\"fill\"  >\n\t\t\t\t\t<img decoding=\"async\" src=\"https:\/\/diebuchmacherei.de\/wp-content\/plugins\/master-slider\/public\/assets\/css\/blank.gif\" alt=\"\" title=\"\" data-src=\"https:\/\/diebuchmacherei.de\/wp-content\/uploads\/2025\/11\/LLN-2025-mit-Besetzung-.jpg\" \/>\n\n\n\t<div class=\"ms-thumb\" ><div class=\"ms-tab-context\"><div class=\"&quot;ms-tab-context&quot;\"><\/div><\/div>\n<\/div>\n\t\t\t\t<\/div>\n\t\t\t\t<div  class=\"ms-slide\" data-delay=\"3\" data-fill-mode=\"fill\"  >\n\t\t\t\t\t<img decoding=\"async\" src=\"https:\/\/diebuchmacherei.de\/wp-content\/plugins\/master-slider\/public\/assets\/css\/blank.gif\" alt=\"\" title=\"\" data-src=\"https:\/\/diebuchmacherei.de\/wp-content\/uploads\/2025\/09\/RLS-Bochum.jpg\" \/>\n\n\n\t<div class=\"ms-thumb\" ><div class=\"ms-tab-context\"><div class=\"&quot;ms-tab-context&quot;\"><\/div><\/div>\n<\/div>\n\t\t\t\t<\/div>\n\t\t\t\t<div  class=\"ms-slide\" data-delay=\"3\" data-fill-mode=\"fill\"  >\n\t\t\t\t\t<img decoding=\"async\" src=\"https:\/\/diebuchmacherei.de\/wp-content\/plugins\/master-slider\/public\/assets\/css\/blank.gif\" alt=\"\" title=\"\" data-src=\"https:\/\/diebuchmacherei.de\/wp-content\/uploads\/2025\/09\/Versandzentrum.jpg\" \/>\n\n\n\t<div class=\"ms-thumb\" ><div class=\"ms-tab-context\"><div class=\"&quot;ms-tab-context&quot;\"><\/div><\/div>\n<\/div>\n\t\t\t\t<\/div>\n\t\t\t\t<div  class=\"ms-slide\" data-delay=\"3\" data-fill-mode=\"fill\"  >\n\t\t\t\t\t<img decoding=\"async\" src=\"https:\/\/diebuchmacherei.de\/wp-content\/plugins\/master-slider\/public\/assets\/css\/blank.gif\" alt=\"\" title=\"\" data-src=\"https:\/\/diebuchmacherei.de\/wp-content\/uploads\/2025\/09\/Muessiggang.jpg\" \/>\n\n\n\t<div class=\"ms-thumb\" ><div class=\"ms-tab-context\"><div class=\"&quot;ms-tab-context&quot;\"><\/div><\/div>\n<\/div>\n\t\t\t\t<\/div>\n\t\t\t\t<div  class=\"ms-slide\" data-delay=\"3\" data-fill-mode=\"fill\"  >\n\t\t\t\t\t<img decoding=\"async\" src=\"https:\/\/diebuchmacherei.de\/wp-content\/plugins\/master-slider\/public\/assets\/css\/blank.gif\" alt=\"\" title=\"\" data-src=\"https:\/\/diebuchmacherei.de\/wp-content\/uploads\/2025\/09\/ingo-1.jpg\" \/>\n\n\n\t<div class=\"ms-thumb\" ><div class=\"ms-tab-context\"><div class=\"&quot;ms-tab-context&quot;\"><\/div><\/div>\n<\/div>\n\t\t\t\t<\/div>\n\n\t\t\t<\/div>\n\t\t\t<!-- END MasterSlider Main -->\n\n\t\t\t \n\t\t<\/div>\n\t\t<!-- END MasterSlider -->\n\n\t\t<script>\n\t\t(function ( $ ) {\n\t\t\t\"use strict\";\n\n\t\t\t$(function () {\n\t\t\t\tvar masterslider_4793 = new MasterSlider();\n\n\t\t\t\t\/\/ slider controls\n\t\t\t\tmasterslider_4793.control('arrows'     ,{ autohide:false, overVideo:true  });\t\t\t\tmasterslider_4793.control('bullets'    ,{ autohide:true, overVideo:true, dir:'h', align:'bottom' , margin:10  });\n\n\t\t\t\tmasterslider_4793.control('circletimer',{ autohide:false, overVideo:true, color:'#434343', radius:10, stroke:3   });\n\t\t\t\tmasterslider_4793.control('timebar'    ,{ autohide:false, overVideo:true, align:'bottom', color:'#FFFFFF'  , width:4 });\n\t\t\t\t\/\/ slider setup\n\t\t\t\tmasterslider_4793.setup(\"MS69106fba94793\", {\n\t\t\t\t\t\twidth           : 500,\n\t\t\t\t\t\theight          : 180,\n\t\t\t\t\t\tminHeight       : 0,\n\t\t\t\t\t\tspace           : 0,\n\t\t\t\t\t\tstart           : 1,\n\t\t\t\t\t\tgrabCursor      : true,\n\t\t\t\t\t\tswipe           : true,\n\t\t\t\t\t\tmouse           : true,\n\t\t\t\t\t\tlayout          : \"boxed\",\n\t\t\t\t\t\twheel           : false,\n\t\t\t\t\t\tautoplay        : true,\n\t\t\t\t\t\tinstantStartLayers:false,\n\t\t\t\t\t\tloop            : true,\n\t\t\t\t\t\tshuffle         : false,\n\t\t\t\t\t\tpreload         : 0,\n\t\t\t\t\t\theightLimit     : true,\n\t\t\t\t\t\tautoHeight      : true,\n\t\t\t\t\t\tsmoothHeight    : true,\n\t\t\t\t\t\tendPause        : false,\n\t\t\t\t\t\toverPause       : true,\n\t\t\t\t\t\tfillMode        : \"fill\",\n\t\t\t\t\t\tcenterControls  : true,\n\t\t\t\t\t\tstartOnAppear   : true,\n\t\t\t\t\t\tlayersMode      : \"center\",\n\t\t\t\t\t\thideLayers      : false,\n\t\t\t\t\t\tfullscreenMargin: 0,\n\t\t\t\t\t\tspeed           : 16,\n\t\t\t\t\t\tdir             : \"h\",\n\t\t\t\t\t\tparallaxMode    : 'swipe',\n\t\t\t\t\t\tview            : \"fade\"\n\t\t\t\t});\n\n\t\t\t\t\n\t\t\t\twindow.masterslider_instances = window.masterslider_instances || [];\n\t\t\t\twindow.masterslider_instances.push( masterslider_4793 );\n\t\t\t });\n\n\t\t})(jQuery);\n\t\t<\/script>\n\n\n\n\n\n<p class=\"has-text-align-center\">Mit dem Maus auf das Video gehen und es h\u00e4lt an.<\/p>\n\n\n\n<p><\/p>\n\n\n\n<p><\/p>\n\n\n\n<p><\/p>\n\n\n\n<figure class=\"wp-block-image is-resized\"><img loading=\"lazy\" decoding=\"async\" width=\"600\" height=\"600\" src=\"https:\/\/diebuchmacherei.de\/wp-content\/uploads\/2015\/02\/druckvorlage_button_38x38mm-rund.jpg\" alt=\"\" class=\"wp-image-1979\" style=\"width:342px;height:auto\" srcset=\"https:\/\/diebuchmacherei.de\/wp-content\/uploads\/2015\/02\/druckvorlage_button_38x38mm-rund.jpg 600w, https:\/\/diebuchmacherei.de\/wp-content\/uploads\/2015\/02\/druckvorlage_button_38x38mm-rund-113x113.jpg 113w, https:\/\/diebuchmacherei.de\/wp-content\/uploads\/2015\/02\/druckvorlage_button_38x38mm-rund-100x100.jpg 100w, https:\/\/diebuchmacherei.de\/wp-content\/uploads\/2015\/02\/druckvorlage_button_38x38mm-rund-200x200.jpg 200w, https:\/\/diebuchmacherei.de\/wp-content\/uploads\/2015\/02\/druckvorlage_button_38x38mm-rund-12x12.jpg 12w, https:\/\/diebuchmacherei.de\/wp-content\/uploads\/2015\/02\/druckvorlage_button_38x38mm-rund-50x50.jpg 50w, https:\/\/diebuchmacherei.de\/wp-content\/uploads\/2015\/02\/druckvorlage_button_38x38mm-rund-150x150.jpg 150w, https:\/\/diebuchmacherei.de\/wp-content\/uploads\/2015\/02\/druckvorlage_button_38x38mm-rund-300x300.jpg 300w, https:\/\/diebuchmacherei.de\/wp-content\/uploads\/2015\/02\/druckvorlage_button_38x38mm-rund-90x90.jpg 90w\" sizes=\"auto, (max-width: 600px) 100vw, 600px\" \/><\/figure>\n\n\n<h3 class=\"wp-block-heading has-text-align-center\" style=\"font-size:17px\" id=\"datenschutzerklaerung-nach-dsgvo\">Datenschutzerkl\u00e4rung nach DSGVO<\/h3>\n\n\n<p class=\"has-text-align-center\">Hier k\u00f6nnen Sie nachlesen, wie Ihre Daten bei uns behandelt werden:<br><a href=\"http:\/\/diebuchmacherei2.de\/wordpress\/wp-content\/uploads\/2015\/02\/DSVO-fuer-die-Buchmacherei-1.pdf\">DSVO f\u00fcr die Buchmacherei<\/a><\/p>\n\n\n\n<p><\/p>\n","protected":false},"excerpt":{"rendered":"<p>Willkommen in der Buchmacherei Unsere Website informiert Sie \u00fcber unser Verlagsprogramm. Neben den Informationen zu den B\u00fcchern selbst haben Sie auch Einblick in die&nbsp;Medienkritik&nbsp;der Titel.&hellip;<\/p>\n","protected":false},"author":2,"featured_media":0,"parent":0,"menu_order":0,"comment_status":"closed","ping_status":"closed","template":"","meta":{"_eb_attr":"","footnotes":""},"categories":[],"tags":[],"class_list":["post-7808","page","type-page","status-publish","hentry"],"_links":{"self":[{"href":"https:\/\/diebuchmacherei.de\/de_de\/wp-json\/wp\/v2\/pages\/7808","targetHints":{"allow":["GET"]}}],"collection":[{"href":"https:\/\/diebuchmacherei.de\/de_de\/wp-json\/wp\/v2\/pages"}],"about":[{"href":"https:\/\/diebuchmacherei.de\/de_de\/wp-json\/wp\/v2\/types\/page"}],"author":[{"embeddable":true,"href":"https:\/\/diebuchmacherei.de\/de_de\/wp-json\/wp\/v2\/users\/2"}],"replies":[{"embeddable":true,"href":"https:\/\/diebuchmacherei.de\/de_de\/wp-json\/wp\/v2\/comments?post=7808"}],"version-history":[{"count":28,"href":"https:\/\/diebuchmacherei.de\/de_de\/wp-json\/wp\/v2\/pages\/7808\/revisions"}],"predecessor-version":[{"id":9577,"href":"https:\/\/diebuchmacherei.de\/de_de\/wp-json\/wp\/v2\/pages\/7808\/revisions\/9577"}],"wp:attachment":[{"href":"https:\/\/diebuchmacherei.de\/de_de\/wp-json\/wp\/v2\/media?parent=7808"}],"wp:term":[{"taxonomy":"category","embeddable":true,"href":"https:\/\/diebuchmacherei.de\/de_de\/wp-json\/wp\/v2\/categories?post=7808"},{"taxonomy":"post_tag","embeddable":true,"href":"https:\/\/diebuchmacherei.de\/de_de\/wp-json\/wp\/v2\/tags?post=7808"}],"curies":[{"name":"wp","href":"https:\/\/api.w.org\/{rel}","templated":true}]}}