{"id":107,"date":"2015-03-01T18:38:10","date_gmt":"2015-03-01T17:38:10","guid":{"rendered":"http:\/\/www.diebuchmacherei.dev\/?post_type=product&#038;p=107"},"modified":"2026-02-15T15:19:47","modified_gmt":"2026-02-15T14:19:47","slug":"anarchismus-marxismus-emanzipation","status":"publish","type":"product","link":"https:\/\/diebuchmacherei.de\/de_de\/produkt\/anarchismus-marxismus-emanzipation\/","title":{"rendered":"Anarchismus, Marxismus, Emanzipation"},"content":{"rendered":"<a class=\"maxbutton-3 maxbutton maxbutton-medienkritik\" target=\"_blank\" rel=\"noopener\" href=\"https:\/\/diebuchmacherei.de\/de_de\/category\/anarchismus-marxismus-emanzipation\/\"><span class='mb-text'>Medienkritik<\/span><\/a>\n<p>Die Geschichte der letzten hundertf\u00fcnfzig Jahre l\u00e4sst sich von keiner der verschiedenen sozialistischen Bewegungen als Er\u00adfolgsgeschichte reklamieren: Sozialdemokratisch-reformisti\u00adsche Versumpfung im Bestehenden, zumeist nur kurzfristig gelungene anarchistische Aufbr\u00fcche und schlie\u00dflich \u2013 alles \u00fcberschattend \u2013 massenhafte Gewalt im so genannten Real\u00adsozialismus. Es gilt, sich dieser Vergangenheit zu stellen, um f\u00fcr m\u00f6gliche Gefahren sozialistischer Politik zu sensibilisieren und alte innersozialistische Kon\ufb02ikte und deren m\u00f6gliche Ak\u00adtualit\u00e4t zu beleuchten und zu verhandeln. In ausf\u00fchrlichen Gespr\u00e4chen diskutiert Philippe Kellermann deshalb mit Bini Adamczak, Jochen Gester, Joachim Hirsch, Gerhard Hanloser und Hendrik Wallat \u00fcber Anarchismus, Marxismus, Emanzipation.<\/p>\n<p>&nbsp;<\/p>\n","protected":false},"excerpt":{"rendered":"<p>Die Geschichte der letzten hundertf\u00fcnfzig Jahre l\u00e4sst sich von keiner der verschiedenen sozialistischen Bewegungen als Er\u00adfolgsgeschichte reklamieren: Sozialdemokratisch-reformisti\u00adsche Versumpfung im Bestehenden, zumeist nur kurzfristig gelungene&hellip;<\/p>\n","protected":false},"featured_media":8441,"template":"","meta":{"_eb_attr":""},"product_brand":[],"product_cat":[9],"product_tag":[],"class_list":{"0":"post-107","1":"product","2":"type-product","3":"status-publish","4":"has-post-thumbnail","6":"product_cat-utopien","8":"first","9":"instock","10":"taxable","11":"shipping-taxable","12":"purchasable","13":"product-type-simple","14":"customify-col"},"_links":{"self":[{"href":"https:\/\/diebuchmacherei.de\/de_de\/wp-json\/wp\/v2\/product\/107","targetHints":{"allow":["GET"]}}],"collection":[{"href":"https:\/\/diebuchmacherei.de\/de_de\/wp-json\/wp\/v2\/product"}],"about":[{"href":"https:\/\/diebuchmacherei.de\/de_de\/wp-json\/wp\/v2\/types\/product"}],"wp:featuredmedia":[{"embeddable":true,"href":"https:\/\/diebuchmacherei.de\/de_de\/wp-json\/wp\/v2\/media\/8441"}],"wp:attachment":[{"href":"https:\/\/diebuchmacherei.de\/de_de\/wp-json\/wp\/v2\/media?parent=107"}],"wp:term":[{"taxonomy":"product_brand","embeddable":true,"href":"https:\/\/diebuchmacherei.de\/de_de\/wp-json\/wp\/v2\/product_brand?post=107"},{"taxonomy":"product_cat","embeddable":true,"href":"https:\/\/diebuchmacherei.de\/de_de\/wp-json\/wp\/v2\/product_cat?post=107"},{"taxonomy":"product_tag","embeddable":true,"href":"https:\/\/diebuchmacherei.de\/de_de\/wp-json\/wp\/v2\/product_tag?post=107"}],"curies":[{"name":"wp","href":"https:\/\/api.w.org\/{rel}","templated":true}]}}