{"id":109,"date":"2015-02-28T18:43:01","date_gmt":"2015-02-28T17:43:01","guid":{"rendered":"http:\/\/www.diebuchmacherei.dev\/?post_type=product&#038;p=109"},"modified":"2026-02-15T15:20:22","modified_gmt":"2026-02-15T14:20:22","slug":"auf-dem-weg-gelebte-utopie-einer-kooperative-in-venezuela","status":"publish","type":"product","link":"https:\/\/diebuchmacherei.de\/de_de\/produkt\/auf-dem-weg-gelebte-utopie-einer-kooperative-in-venezuela\/","title":{"rendered":"Auf dem Weg. Gelebte Utopie einer Kooperative in Venezuela."},"content":{"rendered":"<p>In Barquisimeto, einer Millionenstadt im Westen Venezuelas experimentiert der Kooperativenverbund Cecosesola seit mehr als vier Jahrzehnten mit Selbstverwaltung und Basisdemokratie. Die Kooperativistas betreiben gro\u00dfe Gem\u00fcsem\u00e4rkte, produzieren Lebensmittel und bieten Gesundheitsversorgung und andere Dienstleistungen an. Sie arbeiten ohne Chefs, entscheiden im Konsens, bew\u00e4ltigen die Aufgaben im Rotationsverfahren und stellen immer wieder alles in Frage.<br \/>\nGro\u00dfe und kleine Themen werden st\u00e4ndig in Versammlungen gemeinsam besprochen. Mit diesen Prinzipien ist es ihnen gelungen, die \u00fcbliche B\u00fcrokratisierung langlebiger Gro\u00dfprojekte zu vermeiden. Hier erz\u00e4hlen die Kooperativistas ihre Geschichte und analysieren ihren eigenen Ver\u00e4nderungsprozess auf dem Hintergrund der westlich-patriarchalen Kultur.<\/p>\n<p>&nbsp;<\/p>\n<p>++++++ Siehe auch Veranstaltungen der Lesereise vom 02.05 &#8211; 29.5.2013 +++++ (unter Termine)<\/p>\n<p>&nbsp;<\/p>\n","protected":false},"excerpt":{"rendered":"<p>In Barquisimeto, einer Millionenstadt im Westen Venezuelas experimentiert der Kooperativenverbund Cecosesola seit mehr als vier Jahrzehnten mit Selbstverwaltung und Basisdemokratie. Die Kooperativistas betreiben gro\u00dfe Gem\u00fcsem\u00e4rkte,&hellip;<\/p>\n","protected":false},"featured_media":8443,"template":"","meta":{"_eb_attr":""},"product_brand":[],"product_cat":[9],"product_tag":[],"class_list":{"0":"post-109","1":"product","2":"type-product","3":"status-publish","4":"has-post-thumbnail","6":"product_cat-utopien","8":"first","9":"instock","10":"taxable","11":"shipping-taxable","12":"purchasable","13":"product-type-simple","14":"customify-col"},"_links":{"self":[{"href":"https:\/\/diebuchmacherei.de\/de_de\/wp-json\/wp\/v2\/product\/109","targetHints":{"allow":["GET"]}}],"collection":[{"href":"https:\/\/diebuchmacherei.de\/de_de\/wp-json\/wp\/v2\/product"}],"about":[{"href":"https:\/\/diebuchmacherei.de\/de_de\/wp-json\/wp\/v2\/types\/product"}],"wp:featuredmedia":[{"embeddable":true,"href":"https:\/\/diebuchmacherei.de\/de_de\/wp-json\/wp\/v2\/media\/8443"}],"wp:attachment":[{"href":"https:\/\/diebuchmacherei.de\/de_de\/wp-json\/wp\/v2\/media?parent=109"}],"wp:term":[{"taxonomy":"product_brand","embeddable":true,"href":"https:\/\/diebuchmacherei.de\/de_de\/wp-json\/wp\/v2\/product_brand?post=109"},{"taxonomy":"product_cat","embeddable":true,"href":"https:\/\/diebuchmacherei.de\/de_de\/wp-json\/wp\/v2\/product_cat?post=109"},{"taxonomy":"product_tag","embeddable":true,"href":"https:\/\/diebuchmacherei.de\/de_de\/wp-json\/wp\/v2\/product_tag?post=109"}],"curies":[{"name":"wp","href":"https:\/\/api.w.org\/{rel}","templated":true}]}}