{"id":112,"date":"2015-02-27T18:47:54","date_gmt":"2015-02-27T17:47:54","guid":{"rendered":"http:\/\/www.diebuchmacherei.dev\/?post_type=product&#038;p=112"},"modified":"2026-02-15T15:20:58","modified_gmt":"2026-02-15T14:20:58","slug":"die-kommune-von-kronstadt","status":"publish","type":"product","link":"https:\/\/diebuchmacherei.de\/de_de\/produkt\/die-kommune-von-kronstadt\/","title":{"rendered":"Die Kommune von Kronstadt"},"content":{"rendered":"<p>Vor 90 Jahren, am 16. M\u00e4rz 1921, attackierten 50 000 Rotarmisten unter General Tuchatschewski die Festung Kronstadt (vor Petrograd, heute St. Petersburg gelegen), in der 14 000 Matrosen zusammen mit der Zivilbev\u00f6lkerung der Stadt, die &#8220;Dritte Revolution&#8221; gelebt und verk\u00fcndet hatten. Jene Matrosen, die von Leo Trotzki einmal als &#8220;Sch\u00f6nheit und Stolz der Oktoberrevolution&#8221; gepriesen worden waren, weil sie 1917 den Bolschewiki zum Sieg verholfen hatten.<\/p>\n<p>Kronstadt gab einem Aufstand den Namen, der den Niedergang der Oktoberrevolution symbolisiert, wie kein anderer. Kronstadt ist der point of no return der russischen Revolution. Danach war die Sache praktisch gelaufen. Wie aber kam es zum Kronst\u00e4dter Aufstand? War es ein konterrevolution\u00e4rer Putsch oder der Versuch die Revolution in die Hand derer zur\u00fcckzuholen, die sie gemacht hatten?<\/p>\n","protected":false},"excerpt":{"rendered":"<p>Vor 90 Jahren, am 16. M\u00e4rz 1921, attackierten 50 000 Rotarmisten unter General Tuchatschewski die Festung Kronstadt (vor Petrograd, heute St. Petersburg gelegen), in der&hellip;<\/p>\n","protected":false},"featured_media":8444,"template":"","meta":{"_eb_attr":""},"product_brand":[],"product_cat":[9],"product_tag":[],"class_list":{"0":"post-112","1":"product","2":"type-product","3":"status-publish","4":"has-post-thumbnail","6":"product_cat-utopien","8":"first","9":"instock","10":"taxable","11":"shipping-taxable","12":"purchasable","13":"product-type-simple","14":"customify-col"},"_links":{"self":[{"href":"https:\/\/diebuchmacherei.de\/de_de\/wp-json\/wp\/v2\/product\/112","targetHints":{"allow":["GET"]}}],"collection":[{"href":"https:\/\/diebuchmacherei.de\/de_de\/wp-json\/wp\/v2\/product"}],"about":[{"href":"https:\/\/diebuchmacherei.de\/de_de\/wp-json\/wp\/v2\/types\/product"}],"wp:featuredmedia":[{"embeddable":true,"href":"https:\/\/diebuchmacherei.de\/de_de\/wp-json\/wp\/v2\/media\/8444"}],"wp:attachment":[{"href":"https:\/\/diebuchmacherei.de\/de_de\/wp-json\/wp\/v2\/media?parent=112"}],"wp:term":[{"taxonomy":"product_brand","embeddable":true,"href":"https:\/\/diebuchmacherei.de\/de_de\/wp-json\/wp\/v2\/product_brand?post=112"},{"taxonomy":"product_cat","embeddable":true,"href":"https:\/\/diebuchmacherei.de\/de_de\/wp-json\/wp\/v2\/product_cat?post=112"},{"taxonomy":"product_tag","embeddable":true,"href":"https:\/\/diebuchmacherei.de\/de_de\/wp-json\/wp\/v2\/product_tag?post=112"}],"curies":[{"name":"wp","href":"https:\/\/api.w.org\/{rel}","templated":true}]}}