{"id":1168,"date":"2017-08-03T19:33:41","date_gmt":"2017-08-03T17:33:41","guid":{"rendered":"http:\/\/diebuchmacherei.de\/?post_type=product&#038;p=1168"},"modified":"2026-02-15T15:05:04","modified_gmt":"2026-02-15T14:05:04","slug":"auf-der-suche-nach-rosas-erbe","status":"publish","type":"product","link":"https:\/\/diebuchmacherei.de\/de_de\/produkt\/auf-der-suche-nach-rosas-erbe\/","title":{"rendered":"Auf der Suche nach Rosas Erbe"},"content":{"rendered":"<p><strong>Der deutsche Marxist Willy Huhn (1909-1970)<\/strong><\/p>\n<p>Die Arbeiterbewegung des 20. Jahrhunderts war eine geschichtsm\u00e4chtige Kraft. \u00dcber Generationen konnte sie die politische Landschaft in ihrem Sinne beeinflussen. Doch ihre beiden politischen Hauptstr\u00f6mungen, Sozialdemokratie und Bolschewismus, verloren \u2013 jede auf andere Weise \u2013 ihr emanzipatorisches Potenzial und wurden zu Tr\u00e4gern neuer Herrschaftsverh\u00e4ltnisse. Heute wird deutlicher denn je, dass zur \u00dcberwindung des Kapitalismus neue politische Ans\u00e4tze n\u00f6tig sind. Es liegt deshalb nahe, danach zu fragen, welche Antworten die historisch marginalisierten Richtungen der Arbeiterbewegung gaben und wie sie ihre Vorstellung praktisch zu realisieren versuchten. Und es interessiert nat\u00fcrlich, welchen Anteil sie selber daran hatten, dass ihre Vorschl\u00e4ge so wenig geh\u00f6rt wurden. Wie h\u00e4tten sich Marxist\/innen in der zweiten H\u00e4lfte des 20. Jahrhunderts positionieren sollen, die Rosa Luxemburgs Kritik sowohl an Lenin als auch an der Mehrheitssozialdemokratie teilten? Der 1970 verstorbene Willy Huhn geh\u00f6rt zu den wenigen deutschen Sozialist\/innen, die sich diese Aufgabe stellten. Sein politisches Leben und seine Schriften sind jedoch kaum bekannt. Das von uns herausgegeben Buch soll dazu beitragen, diese L\u00fccke zu schlie\u00dfen. Jochen Gester hat daf\u00fcr eine ausf\u00fchrliche biografische Skizze des Autors erstellt, die \u2013 vor allem durch Huhns Gedanken selbst \u2013 nachvollziehbar macht, wie Huhn politisch sozialisiert wurde und wie sich sein Lernprozess entwickelte, der ihn schlie\u00dflich zu einem Protagonisten des antiautorit\u00e4ren Sozialismus machte. Das Buch erlaubt den Leserinnen und Lesern dar\u00fcber hinaus Huhn in fast 30 Dokumenten selbst zu studieren.<\/p>\n","protected":false},"excerpt":{"rendered":"<p>Der deutsche Marxist Willy Huhn (1909-1970) Die Arbeiterbewegung des 20. Jahrhunderts war eine geschichtsm\u00e4chtige Kraft. \u00dcber Generationen konnte sie die politische Landschaft in ihrem Sinne&hellip;<\/p>\n","protected":false},"featured_media":1171,"template":"","meta":{"_eb_attr":""},"product_brand":[],"product_cat":[9],"product_tag":[],"class_list":{"0":"post-1168","1":"product","2":"type-product","3":"status-publish","4":"has-post-thumbnail","6":"product_cat-utopien","8":"first","9":"instock","10":"taxable","11":"shipping-taxable","12":"purchasable","13":"product-type-simple","14":"customify-col"},"_links":{"self":[{"href":"https:\/\/diebuchmacherei.de\/de_de\/wp-json\/wp\/v2\/product\/1168","targetHints":{"allow":["GET"]}}],"collection":[{"href":"https:\/\/diebuchmacherei.de\/de_de\/wp-json\/wp\/v2\/product"}],"about":[{"href":"https:\/\/diebuchmacherei.de\/de_de\/wp-json\/wp\/v2\/types\/product"}],"wp:featuredmedia":[{"embeddable":true,"href":"https:\/\/diebuchmacherei.de\/de_de\/wp-json\/wp\/v2\/media\/1171"}],"wp:attachment":[{"href":"https:\/\/diebuchmacherei.de\/de_de\/wp-json\/wp\/v2\/media?parent=1168"}],"wp:term":[{"taxonomy":"product_brand","embeddable":true,"href":"https:\/\/diebuchmacherei.de\/de_de\/wp-json\/wp\/v2\/product_brand?post=1168"},{"taxonomy":"product_cat","embeddable":true,"href":"https:\/\/diebuchmacherei.de\/de_de\/wp-json\/wp\/v2\/product_cat?post=1168"},{"taxonomy":"product_tag","embeddable":true,"href":"https:\/\/diebuchmacherei.de\/de_de\/wp-json\/wp\/v2\/product_tag?post=1168"}],"curies":[{"name":"wp","href":"https:\/\/api.w.org\/{rel}","templated":true}]}}