{"id":1292,"date":"2017-11-17T12:20:09","date_gmt":"2017-11-17T11:20:09","guid":{"rendered":"http:\/\/diebuchmacherei.de\/?post_type=product&#038;p=1292"},"modified":"2026-02-15T15:25:03","modified_gmt":"2026-02-15T14:25:03","slug":"du-bist-fuer-keinen-stern-kein-glueck-geborn","status":"publish","type":"product","link":"https:\/\/diebuchmacherei.de\/de_de\/produkt\/du-bist-fuer-keinen-stern-kein-glueck-geborn\/","title":{"rendered":"Jakob Haringer: &#8220;Du bist f\u00fcr keinen Stern, kein Gl\u00fcck geborn!&#8221;"},"content":{"rendered":"<p>Dieses Buch widmet sich einem fast vergessenen Schriftsteller und \u00dcbersetzer: Jakob Haringer. Dieter Braeg hat als Herausgeber einen l\u00e4ngeren aktualisierten Lebenslauf samt einer Auswahl von Prosa- und Lyriktexten dieses Autors herausgeben. Haringer wurde am 16.3.1898 in Dresden-Neustadt geboren und starb am 3.4.1948 in Zu\u0308rich. Nach Abbruch einer kaufm\u00e4nnischen Lehre fu\u0308hrte Haringer ein unstetes Wanderleben. Haringers Werke erschienen meist im Selbstverlag, die Erscheinungsorte waren h\u00e4ufig fingiert. Er lebte vorwiegend von Bettelbriefen an prominente Schriftsteller, zu seinen F\u00f6rderern geh\u00f6rten Alfred D\u00f6blin und Hermann Hesse. Da ihm 1936 von den NS-Machthabern die deutsche Staatsangeh\u00f6rigkeit aberkannt wurde, emigrierte Haringer 1938 nach Prag und von dort in die Schweiz. Bei der einzigen Bu\u0308cherverbrennung in Salzburg im Jahre 1938 wurden auch seine Bu\u0308cher verbrannt! 1939 lebte er voru\u0308bergehend in Paris, anschlie\u00dfend wieder in der Schweiz, wo er w\u00e4hrend des Zweiten Weltkriegs in verschiedenen Flu\u0308chtlings- und Internierungslagern festgehalten wurde. Haringer war ein Schnorrer-K\u00f6nig, Vielreisender, Verf\u00e4lscher seines eigenen Lebenslaufs, genialer \u00dcbersetzter von Francois Villons \u201eTestament\u201c und Polemiker. Seine Bu\u0308cher sind nur noch antiquarisch, sehr teuer, zu erwerben.<\/p>\n","protected":false},"excerpt":{"rendered":"<p>Dieses Buch widmet sich einem fast vergessenen Schriftsteller und \u00dcbersetzer: Jakob Haringer. Dieter Braeg hat als Herausgeber einen l\u00e4ngeren aktualisierten Lebenslauf samt einer Auswahl von&hellip;<\/p>\n","protected":false},"featured_media":1261,"template":"","meta":{"_eb_attr":""},"product_brand":[],"product_cat":[10],"product_tag":[],"class_list":{"0":"post-1292","1":"product","2":"type-product","3":"status-publish","4":"has-post-thumbnail","6":"product_cat-lebenswege","8":"first","9":"instock","10":"taxable","11":"shipping-taxable","12":"purchasable","13":"product-type-simple","14":"customify-col"},"_links":{"self":[{"href":"https:\/\/diebuchmacherei.de\/de_de\/wp-json\/wp\/v2\/product\/1292","targetHints":{"allow":["GET"]}}],"collection":[{"href":"https:\/\/diebuchmacherei.de\/de_de\/wp-json\/wp\/v2\/product"}],"about":[{"href":"https:\/\/diebuchmacherei.de\/de_de\/wp-json\/wp\/v2\/types\/product"}],"wp:featuredmedia":[{"embeddable":true,"href":"https:\/\/diebuchmacherei.de\/de_de\/wp-json\/wp\/v2\/media\/1261"}],"wp:attachment":[{"href":"https:\/\/diebuchmacherei.de\/de_de\/wp-json\/wp\/v2\/media?parent=1292"}],"wp:term":[{"taxonomy":"product_brand","embeddable":true,"href":"https:\/\/diebuchmacherei.de\/de_de\/wp-json\/wp\/v2\/product_brand?post=1292"},{"taxonomy":"product_cat","embeddable":true,"href":"https:\/\/diebuchmacherei.de\/de_de\/wp-json\/wp\/v2\/product_cat?post=1292"},{"taxonomy":"product_tag","embeddable":true,"href":"https:\/\/diebuchmacherei.de\/de_de\/wp-json\/wp\/v2\/product_tag?post=1292"}],"curies":[{"name":"wp","href":"https:\/\/api.w.org\/{rel}","templated":true}]}}