{"id":1320,"date":"2017-12-04T15:21:17","date_gmt":"2017-12-04T14:21:17","guid":{"rendered":"http:\/\/diebuchmacherei.de\/?post_type=product&#038;p=1320"},"modified":"2026-02-15T15:03:57","modified_gmt":"2026-02-15T14:03:57","slug":"aufstieg-und-fall-der-arbeitermacht-in-russland","status":"publish","type":"product","link":"https:\/\/diebuchmacherei.de\/de_de\/produkt\/aufstieg-und-fall-der-arbeitermacht-in-russland\/","title":{"rendered":"Aufstieg und Fall der Arbeitermacht in Russland"},"content":{"rendered":"<p>Die russischen Arbeiterinnen und Arbeiter schufen zu Beginn des 20. Jahrhunderts andere Organisationsformen als die in den meisten L\u00e4ndern \u00fcblichen Parteien und Gewerkschaften. Ihre Fabrikkomitees waren Arbeiterr\u00e4te, die direkt von den Belegschaften gew\u00e4hlt wurden. Die hier erstmals auf Deutsch erscheinenden Protokolle des Fabrikkomitees der Putilow-Werke, eines der bedeutendsten Industriebetriebe Russlands, erlauben eine ungewohnte Perspektive auf die Russische Revolution.<\/p>\n<p>Dieses Buch will daf\u00fcr sorgen, dass jene nicht in Vergessenheit geraten, die vor 100 Jahren die Herrschaftsverh\u00e4ltnisse in Russland zum Einsturz brachten und damit Weltgeschichte schrieben: die Arbeiterinnen und Arbeiter, die ihre Fabriken besetzten, die Bauernsoldaten, welche massenhaft und kollektiv die Befehle verweigerten sowie die B\u00e4uerinnen und Bauern, die sich auf eigene Faust das Land aneigneten. Sie alle sind die eigentlichen Protagonist_innen der Revolution von 1917.<\/p>\n","protected":false},"excerpt":{"rendered":"<p>Die russischen Arbeiterinnen und Arbeiter schufen zu Beginn des 20. Jahrhunderts andere Organisationsformen als die in den meisten L\u00e4ndern \u00fcblichen Parteien und Gewerkschaften. Ihre Fabrikkomitees&hellip;<\/p>\n","protected":false},"featured_media":1322,"template":"","meta":{"_eb_attr":""},"product_brand":[],"product_cat":[169,9,172,173],"product_tag":[],"class_list":{"0":"post-1320","1":"product","2":"type-product","3":"status-publish","4":"has-post-thumbnail","6":"product_cat-arbeitermacht","7":"product_cat-utopien","8":"product_cat-revolution","9":"product_cat-russland","11":"first","12":"instock","13":"taxable","14":"shipping-taxable","15":"purchasable","16":"product-type-simple","17":"customify-col"},"_links":{"self":[{"href":"https:\/\/diebuchmacherei.de\/de_de\/wp-json\/wp\/v2\/product\/1320","targetHints":{"allow":["GET"]}}],"collection":[{"href":"https:\/\/diebuchmacherei.de\/de_de\/wp-json\/wp\/v2\/product"}],"about":[{"href":"https:\/\/diebuchmacherei.de\/de_de\/wp-json\/wp\/v2\/types\/product"}],"wp:featuredmedia":[{"embeddable":true,"href":"https:\/\/diebuchmacherei.de\/de_de\/wp-json\/wp\/v2\/media\/1322"}],"wp:attachment":[{"href":"https:\/\/diebuchmacherei.de\/de_de\/wp-json\/wp\/v2\/media?parent=1320"}],"wp:term":[{"taxonomy":"product_brand","embeddable":true,"href":"https:\/\/diebuchmacherei.de\/de_de\/wp-json\/wp\/v2\/product_brand?post=1320"},{"taxonomy":"product_cat","embeddable":true,"href":"https:\/\/diebuchmacherei.de\/de_de\/wp-json\/wp\/v2\/product_cat?post=1320"},{"taxonomy":"product_tag","embeddable":true,"href":"https:\/\/diebuchmacherei.de\/de_de\/wp-json\/wp\/v2\/product_tag?post=1320"}],"curies":[{"name":"wp","href":"https:\/\/api.w.org\/{rel}","templated":true}]}}