{"id":1647,"date":"2018-09-04T08:23:53","date_gmt":"2018-09-04T06:23:53","guid":{"rendered":"http:\/\/diebuchmacherei.de\/?post_type=product&#038;p=1647"},"modified":"2026-02-15T15:46:44","modified_gmt":"2026-02-15T14:46:44","slug":"partisanen-einer-neuen-welt-eine-geschichte-der-linken-und-arbeiterbewegung-in-der-tuerkei","status":"publish","type":"product","link":"https:\/\/diebuchmacherei.de\/de_de\/produkt\/partisanen-einer-neuen-welt-eine-geschichte-der-linken-und-arbeiterbewegung-in-der-tuerkei\/","title":{"rendered":"Partisanen einer neuen Welt &#8211; eine Geschichte der Linken und Arbeiterbewegung in der T\u00fcrkei"},"content":{"rendered":"<p>Die Geschichte der Linken in der T\u00fcrkei ist hierzulande weitgehend unbekannt \u2013 zu Unrecht. Denn nur in wenigen L\u00e4ndern kann auf einen so reichhaltigen Erfahrungsschatz an sozialen K\u00e4mpfen zur\u00fcckgeblickt werden wie in der T\u00fcrkei. Das Spektrum reicht von Streiks und Fabrikbesetzungen \u00fcber den Guerillakampf bis zur spontanen Gezi-Park-Rebellion im Jahr 2013 und der Bildung von Volksr\u00e4ten zur Selbstverwaltung in kurdischen St\u00e4dten. Doch eine Abh\u00e4ngigkeit von Sowjetrussland in den 20er-Jahren, Illusionen in das Milit\u00e4r in den 60er-Jahren, selbstzerst\u00f6rerische Str\u00f6mungsk\u00e4mpfe, Abgrenzungsschwierigkeiten gegen\u00fcber dem Kemalismus und eine Ignoranz gegen\u00fcber dem Selbstbestimmungsrecht der kurdischen Nation f\u00fchrten mehrfach zu tragischen Niederlagen.<\/p>\n<p>Dieses Buch schildert den Werdegang der Linken und ihrer Organisationen vom ausgehenden Osmanischen Reich bis in die Gegenwart, in Wechselwirkung mit der politischen und sozio\u00f6konomischen Entwicklung des Landes. Es kann so auch als eine alternative Geschichte der T\u00fcrkei gelesen werden. Einzelne Kapitel befassen sich mit dem Verh\u00e4ltnis von Arbeit und Kapital in der gegenw\u00e4rtigen T\u00fcrkei, der feministischen Bewegung und der kurdischen Freiheitsbewegung.<\/p>\n","protected":false},"excerpt":{"rendered":"<p>Die Geschichte der Linken in der T\u00fcrkei ist hierzulande weitgehend unbekannt \u2013 zu Unrecht. Denn nur in wenigen L\u00e4ndern kann auf einen so reichhaltigen Erfahrungsschatz&hellip;<\/p>\n","protected":false},"featured_media":8471,"template":"","meta":{"_eb_attr":""},"product_brand":[],"product_cat":[8],"product_tag":[],"class_list":{"0":"post-1647","1":"product","2":"type-product","3":"status-publish","4":"has-post-thumbnail","6":"product_cat-kaempfe","8":"first","9":"instock","10":"taxable","11":"shipping-taxable","12":"purchasable","13":"product-type-simple","14":"customify-col"},"_links":{"self":[{"href":"https:\/\/diebuchmacherei.de\/de_de\/wp-json\/wp\/v2\/product\/1647","targetHints":{"allow":["GET"]}}],"collection":[{"href":"https:\/\/diebuchmacherei.de\/de_de\/wp-json\/wp\/v2\/product"}],"about":[{"href":"https:\/\/diebuchmacherei.de\/de_de\/wp-json\/wp\/v2\/types\/product"}],"wp:featuredmedia":[{"embeddable":true,"href":"https:\/\/diebuchmacherei.de\/de_de\/wp-json\/wp\/v2\/media\/8471"}],"wp:attachment":[{"href":"https:\/\/diebuchmacherei.de\/de_de\/wp-json\/wp\/v2\/media?parent=1647"}],"wp:term":[{"taxonomy":"product_brand","embeddable":true,"href":"https:\/\/diebuchmacherei.de\/de_de\/wp-json\/wp\/v2\/product_brand?post=1647"},{"taxonomy":"product_cat","embeddable":true,"href":"https:\/\/diebuchmacherei.de\/de_de\/wp-json\/wp\/v2\/product_cat?post=1647"},{"taxonomy":"product_tag","embeddable":true,"href":"https:\/\/diebuchmacherei.de\/de_de\/wp-json\/wp\/v2\/product_tag?post=1647"}],"curies":[{"name":"wp","href":"https:\/\/api.w.org\/{rel}","templated":true}]}}