{"id":2121,"date":"2019-06-09T13:11:33","date_gmt":"2019-06-09T11:11:33","guid":{"rendered":"http:\/\/diebuchmacherei.de\/?post_type=product&#038;p=2121"},"modified":"2026-02-15T14:52:06","modified_gmt":"2026-02-15T13:52:06","slug":"kritik-und-hoffnung","status":"publish","type":"product","link":"https:\/\/diebuchmacherei.de\/de_de\/produkt\/kritik-und-hoffnung\/","title":{"rendered":"Kritik und Hoffnung"},"content":{"rendered":"<p>Verfasser unserer Neuerscheinung ist Bodo Zeuner, emeritierter Professor der Politischen Wisenschaft.\u00a0 Sie ist ein Vor-Nachlass des Autors und bietet die ungew\u00f6hnliche Chance, in kompakter Form Werdegang und politische Interventionen eines linken Intellektuellen zu studieren, der noch in den letzten Kriegsjahren auf die Welt kam und bereits Ende der 1950er-Jahre, weit vor dem Auftreten der Studentenbewegung, seinen Platz in der politischen Linken fand. Seine Analysen des Zeitgeschehens lesen sich streckenweise wie ein Geschichtskurs \u00fcber die Entwicklung der Bundesrepublik \u2013 betrachtet aus der Sicht eines marxistisch inspirierten Sozialisten.<br \/>\nDas gr\u00f6\u00dfte der f\u00fcnf Kapitel widmet sich dem Thema \u201eGewerkschaften und Arbeiterbewegung\u201c. Besonders die hier zusammengestellten Dokumente demonstrieren die analytischen und didaktischen F\u00e4higkeiten des Autors, die er sich im Bereich der politischen Erwachsenenbildung, dem Journalismus und der langj\u00e4hrigen sozialwissenschaftlichen Arbeit als Hochschullehrer aneignen konnte. Doch d\u00fcrfte seine gut verst\u00e4ndliche Art zu argumentieren noch einen weiteren Grund besitzen: Bodo Zeuner war und ist eben nicht nur ein linker sozialwissenschaftlicher Theoretiker, sondern bis heute auch immer sozialer Akteur geblieben. Er erforschte nicht nur Parteien und Gewerkschaften nach Literaturlage, sondern begab sich auch in ihre Strukturen und mischte sich direkt in den politischen Prozess ein. So konnte er wertvolle Hilfestellungen geben, Lernprozesse erm\u00f6glichen und zum Gelingen von K\u00e4mpfen beitragen.<\/p>\n","protected":false},"excerpt":{"rendered":"<p>Verfasser unserer Neuerscheinung ist Bodo Zeuner, emeritierter Professor der Politischen Wisenschaft.\u00a0 Sie ist ein Vor-Nachlass des Autors und bietet die ungew\u00f6hnliche Chance, in kompakter Form&hellip;<\/p>\n","protected":false},"featured_media":2122,"template":"","meta":{"_eb_attr":""},"product_brand":[],"product_cat":[9],"product_tag":[],"class_list":{"0":"post-2121","1":"product","2":"type-product","3":"status-publish","4":"has-post-thumbnail","6":"product_cat-utopien","8":"first","9":"instock","10":"taxable","11":"shipping-taxable","12":"purchasable","13":"product-type-simple","14":"customify-col"},"_links":{"self":[{"href":"https:\/\/diebuchmacherei.de\/de_de\/wp-json\/wp\/v2\/product\/2121","targetHints":{"allow":["GET"]}}],"collection":[{"href":"https:\/\/diebuchmacherei.de\/de_de\/wp-json\/wp\/v2\/product"}],"about":[{"href":"https:\/\/diebuchmacherei.de\/de_de\/wp-json\/wp\/v2\/types\/product"}],"wp:featuredmedia":[{"embeddable":true,"href":"https:\/\/diebuchmacherei.de\/de_de\/wp-json\/wp\/v2\/media\/2122"}],"wp:attachment":[{"href":"https:\/\/diebuchmacherei.de\/de_de\/wp-json\/wp\/v2\/media?parent=2121"}],"wp:term":[{"taxonomy":"product_brand","embeddable":true,"href":"https:\/\/diebuchmacherei.de\/de_de\/wp-json\/wp\/v2\/product_brand?post=2121"},{"taxonomy":"product_cat","embeddable":true,"href":"https:\/\/diebuchmacherei.de\/de_de\/wp-json\/wp\/v2\/product_cat?post=2121"},{"taxonomy":"product_tag","embeddable":true,"href":"https:\/\/diebuchmacherei.de\/de_de\/wp-json\/wp\/v2\/product_tag?post=2121"}],"curies":[{"name":"wp","href":"https:\/\/api.w.org\/{rel}","templated":true}]}}