{"id":2475,"date":"2019-12-13T15:42:45","date_gmt":"2019-12-13T14:42:45","guid":{"rendered":"https:\/\/diebuchmacherei.de\/?post_type=product&#038;p=2475"},"modified":"2026-02-15T15:40:20","modified_gmt":"2026-02-15T14:40:20","slug":"maerzrevolution-1920","status":"publish","type":"product","link":"https:\/\/diebuchmacherei.de\/de_de\/produkt\/maerzrevolution-1920\/","title":{"rendered":"M\u00e4rzrevolution 1920"},"content":{"rendered":"<p>(Neuherausgabe zum 100. Jahrestag des Arbeiter-Aufstands an der Ruhr f\u00fcr Demokratie und Sozialismus)<\/p>\n<p>Gegen eine demokratisch gew\u00e4hlte Regierung putscht ein Teil der Armee, und der andere Teil verweigert der Regierung die Unterst\u00fctzung. Diese flieht. In vielen Landesteilen wird der Generalstreik ausgerufen. Im Industriezentrum des Landes werden die Betriebe besetzt, und mehrere tausend Arbeiter bewaffnen sich, greifen die Putschisten an und besiegen regul\u00e4re Truppen im offenen Kampf. Neugebildete Vollzugsr\u00e4te \u00fcbernehmen alle \u00f6ffentliche Gewalt und es bildet sich eine \u201eRote Armee\u201c mit etwa 50.000 K\u00e4mpfern, bestehend aus Sozialdemokraten, Unabh\u00e4ngigen, Kommunisten und Syndikalisten. Die Rede ist nicht von Spanien 1936, sondern vom Ruhrgebiet im M\u00e4rz 1920. Nach der Niederschlagung des Rechts-Putsches ging die Reichsregierung zusammen mit den Einheiten, die sie im Stich gelassen hatten, gegen ihre Retter vor. Die Reaktion nahm blutige Rache. Wie ist es zu diesem Aufstand gekommen und was waren die Gr\u00fcnde seines Scheiterns? Wieso war 1920 m\u00f6glich, was 1933 gegen die Nazis nicht gelang? Erhard Lucas (1937\u20131993) hat dazu in 3 B\u00e4nden \u201eM\u00e4rzrevolution 1920\u201c eine Geschichte der Ereignisse vorgelegt \u2013 seit vielen Jahren vergriffen. Wir wollen an \u201e100 Jahre M\u00e4rzrevolution\u201c im Ruhrgebiet erinnern und geben dieses Werk wieder heraus, zu einem Non-Profit-Preis, als Beitrag gegen das planm\u00e4\u00dfige Vergessenmachen.<\/p>\n","protected":false},"excerpt":{"rendered":"<p>(Neuherausgabe zum 100. Jahrestag des Arbeiter-Aufstands an der Ruhr f\u00fcr Demokratie und Sozialismus) Gegen eine demokratisch gew\u00e4hlte Regierung putscht ein Teil der Armee, und der&hellip;<\/p>\n","protected":false},"featured_media":2477,"template":"","meta":{"_eb_attr":""},"product_brand":[],"product_cat":[8],"product_tag":[],"class_list":{"0":"post-2475","1":"product","2":"type-product","3":"status-publish","4":"has-post-thumbnail","6":"product_cat-kaempfe","8":"first","9":"instock","10":"taxable","11":"shipping-taxable","12":"purchasable","13":"product-type-simple","14":"customify-col"},"_links":{"self":[{"href":"https:\/\/diebuchmacherei.de\/de_de\/wp-json\/wp\/v2\/product\/2475","targetHints":{"allow":["GET"]}}],"collection":[{"href":"https:\/\/diebuchmacherei.de\/de_de\/wp-json\/wp\/v2\/product"}],"about":[{"href":"https:\/\/diebuchmacherei.de\/de_de\/wp-json\/wp\/v2\/types\/product"}],"wp:featuredmedia":[{"embeddable":true,"href":"https:\/\/diebuchmacherei.de\/de_de\/wp-json\/wp\/v2\/media\/2477"}],"wp:attachment":[{"href":"https:\/\/diebuchmacherei.de\/de_de\/wp-json\/wp\/v2\/media?parent=2475"}],"wp:term":[{"taxonomy":"product_brand","embeddable":true,"href":"https:\/\/diebuchmacherei.de\/de_de\/wp-json\/wp\/v2\/product_brand?post=2475"},{"taxonomy":"product_cat","embeddable":true,"href":"https:\/\/diebuchmacherei.de\/de_de\/wp-json\/wp\/v2\/product_cat?post=2475"},{"taxonomy":"product_tag","embeddable":true,"href":"https:\/\/diebuchmacherei.de\/de_de\/wp-json\/wp\/v2\/product_tag?post=2475"}],"curies":[{"name":"wp","href":"https:\/\/api.w.org\/{rel}","templated":true}]}}