{"id":2526,"date":"2020-01-23T14:11:27","date_gmt":"2020-01-23T13:11:27","guid":{"rendered":"https:\/\/diebuchmacherei.de\/?post_type=product&#038;p=2526"},"modified":"2025-08-31T22:05:25","modified_gmt":"2025-08-31T20:05:25","slug":"walter-ernsting-ein-leben-ohne-und-mit-science-fiction","status":"publish","type":"product","link":"https:\/\/diebuchmacherei.de\/de_de\/produkt\/walter-ernsting-ein-leben-ohne-und-mit-science-fiction\/","title":{"rendered":"Diete Braeg [Hg.] Walter Ernsting &#8211; Ein Leben ohne und mit Science Fiction"},"content":{"rendered":"<p>Vor 15 Jahren, am 15. Januar 2005, starb der als Clark Darlton bekannte SF-Autor Walter Ernsting; am 13. Juni 2020 ist sein 100. Geburtstag. Zusammen mit K.H. Scheer war \u00a0im Jahre 1961 Gr\u00fcnder und Autor der SF Serie Perry Rhodan, die noch heute, mit mehr als 3000 Einzelheften erscheint. Aus diesem Anlass erinnert sein langj\u00e4hriger Salzburger Nachbar und Begleiter seiner letzten Lebensjahre Dieter Braeg in einem Sammelband an den Schriftsteller, Herausgeber, \u00dcbersetzer, SF-Fan und Reisenden (&#8220;Abenteuer in Griechenland &#8211; die echten und die falschen Raubfischer&#8221;). Der von Dieter Braeg zusammengestellte und herausgegebene Band enth\u00e4lt u. a. ein 1966 zwischen Walter Ernsting, Ulf Miehe, Dieter Braeg und Conrad C. Schaef gef\u00fchrtes umfassendes, sehr aufschlussreiches Werkstattgespr\u00e4ch.<\/p>\n","protected":false},"excerpt":{"rendered":"<p>Vor 15 Jahren, am 15. Januar 2005, starb der als Clark Darlton bekannte SF-Autor Walter Ernsting; am 13. Juni 2020 ist sein 100. Geburtstag. Zusammen&hellip;<\/p>\n","protected":false},"featured_media":2527,"template":"","meta":{"_eb_attr":""},"product_brand":[],"product_cat":[10],"product_tag":[],"class_list":{"0":"post-2526","1":"product","2":"type-product","3":"status-publish","4":"has-post-thumbnail","6":"product_cat-lebenswege","8":"first","9":"instock","10":"taxable","11":"shipping-taxable","12":"purchasable","13":"product-type-simple","14":"customify-col"},"_links":{"self":[{"href":"https:\/\/diebuchmacherei.de\/de_de\/wp-json\/wp\/v2\/product\/2526","targetHints":{"allow":["GET"]}}],"collection":[{"href":"https:\/\/diebuchmacherei.de\/de_de\/wp-json\/wp\/v2\/product"}],"about":[{"href":"https:\/\/diebuchmacherei.de\/de_de\/wp-json\/wp\/v2\/types\/product"}],"wp:featuredmedia":[{"embeddable":true,"href":"https:\/\/diebuchmacherei.de\/de_de\/wp-json\/wp\/v2\/media\/2527"}],"wp:attachment":[{"href":"https:\/\/diebuchmacherei.de\/de_de\/wp-json\/wp\/v2\/media?parent=2526"}],"wp:term":[{"taxonomy":"product_brand","embeddable":true,"href":"https:\/\/diebuchmacherei.de\/de_de\/wp-json\/wp\/v2\/product_brand?post=2526"},{"taxonomy":"product_cat","embeddable":true,"href":"https:\/\/diebuchmacherei.de\/de_de\/wp-json\/wp\/v2\/product_cat?post=2526"},{"taxonomy":"product_tag","embeddable":true,"href":"https:\/\/diebuchmacherei.de\/de_de\/wp-json\/wp\/v2\/product_tag?post=2526"}],"curies":[{"name":"wp","href":"https:\/\/api.w.org\/{rel}","templated":true}]}}