{"id":2528,"date":"2020-01-23T14:35:03","date_gmt":"2020-01-23T13:35:03","guid":{"rendered":"https:\/\/diebuchmacherei.de\/?post_type=product&#038;p=2528"},"modified":"2025-08-31T22:01:16","modified_gmt":"2025-08-31T20:01:16","slug":"vom-scheitern-der-deutschen-arbeiterbewegung","status":"publish","type":"product","link":"https:\/\/diebuchmacherei.de\/de_de\/produkt\/vom-scheitern-der-deutschen-arbeiterbewegung\/","title":{"rendered":"Vom Scheitern der deutschen Arbeiterbewegung"},"content":{"rendered":"<p>Das Buch ist im Kontext der Arbeiten von Erhard Lucas zur &#8220;M\u00e4rzrevolution 1920&#8221; entstanden und tr\u00e4gt stark autobiografische Z\u00fcge. Der Autor gibt Auskunft \u00fcber seinen Zugang zur Geschichte der Ruhrk\u00e4mpfe. Das Buch vermag auf empathische Weise zu vermitteln, wie schmerzlich und langandauernd die Opfer waren, die die Arbeiterfamilien f\u00fcr ihren mutigen Kampf f\u00fcr Demokratie und Sozialismus haben erbringen m\u00fcssen. Im zweiten Teil des Buches sp\u00fcrt Lucas zentrale politisch-ideologische Ursachen auf, die er f\u00fcr daf\u00fcr verantworlich macht, dass die deutsche Arbeiterbewegung\u00a0 nicht die Kraft entwickeln konnte, die sie im Kampf gegen den drohenden Faschismus ben\u00f6tigt h\u00e4tte.<\/p>\n","protected":false},"excerpt":{"rendered":"<p>Das Buch ist im Kontext der Arbeiten von Erhard Lucas zur &#8220;M\u00e4rzrevolution 1920&#8221; entstanden und tr\u00e4gt stark autobiografische Z\u00fcge. Der Autor gibt Auskunft \u00fcber seinen&hellip;<\/p>\n","protected":false},"featured_media":2529,"template":"","meta":{"_eb_attr":""},"product_brand":[],"product_cat":[9],"product_tag":[],"class_list":{"0":"post-2528","1":"product","2":"type-product","3":"status-publish","4":"has-post-thumbnail","6":"product_cat-utopien","8":"first","9":"instock","10":"taxable","11":"shipping-taxable","12":"purchasable","13":"product-type-simple","14":"customify-col"},"_links":{"self":[{"href":"https:\/\/diebuchmacherei.de\/de_de\/wp-json\/wp\/v2\/product\/2528","targetHints":{"allow":["GET"]}}],"collection":[{"href":"https:\/\/diebuchmacherei.de\/de_de\/wp-json\/wp\/v2\/product"}],"about":[{"href":"https:\/\/diebuchmacherei.de\/de_de\/wp-json\/wp\/v2\/types\/product"}],"wp:featuredmedia":[{"embeddable":true,"href":"https:\/\/diebuchmacherei.de\/de_de\/wp-json\/wp\/v2\/media\/2529"}],"wp:attachment":[{"href":"https:\/\/diebuchmacherei.de\/de_de\/wp-json\/wp\/v2\/media?parent=2528"}],"wp:term":[{"taxonomy":"product_brand","embeddable":true,"href":"https:\/\/diebuchmacherei.de\/de_de\/wp-json\/wp\/v2\/product_brand?post=2528"},{"taxonomy":"product_cat","embeddable":true,"href":"https:\/\/diebuchmacherei.de\/de_de\/wp-json\/wp\/v2\/product_cat?post=2528"},{"taxonomy":"product_tag","embeddable":true,"href":"https:\/\/diebuchmacherei.de\/de_de\/wp-json\/wp\/v2\/product_tag?post=2528"}],"curies":[{"name":"wp","href":"https:\/\/api.w.org\/{rel}","templated":true}]}}