{"id":2709,"date":"2020-04-13T13:23:51","date_gmt":"2020-04-13T11:23:51","guid":{"rendered":"https:\/\/diebuchmacherei.de\/?post_type=product&#038;p=2709"},"modified":"2026-02-15T15:37:56","modified_gmt":"2026-02-15T14:37:56","slug":"eine-zweite-revolution-das-fruehjahr-1919-in-deutschland-und-europa","status":"publish","type":"product","link":"https:\/\/diebuchmacherei.de\/de_de\/produkt\/eine-zweite-revolution-das-fruehjahr-1919-in-deutschland-und-europa\/","title":{"rendered":"Eine zweite Revolution? \u2013  Das Fr\u00fchjahr 1919 in Deutschland und Europa"},"content":{"rendered":"<p>Der November 1918 brachte den Sturz des deutschen Kaiserreichs, das Ende des Ersten Weltkriegs und den Aufbruch in republikanische Ordnung. F\u00fcr viele Zeitgenossen war die deutsche Revolution aber auch im Fr\u00fchjahr 1919 noch keineswegs abgeschlossen. Das Schlagwort von der \u201ezweiten Revolution\u201c war daher weit verbreitet \u2013 f\u00fcr die einen Ausdruck ihrer unerf\u00fcllten Hoffnungen, w\u00e4hrend andere Chaos und bolschewistische Verh\u00e4ltnisse bef\u00fcrchteten. Die Publikation geht auf eine wissenschaftliche Tagung zur\u00fcck, die zum 100. Jahrestag des Berliner Generalstreiks und der gewaltsamen Auseinandersetzungen vom M\u00e4rz 1919 im Rathaus Berlin-Lichtenberg stattfand. Der Band dokumentiert den aktuellen Forschungsstand und enth\u00e4lt Beitr\u00e4ge zahlreicher Historikerinnen und Historiker.-Sie fragen nach den Zielen, Aktivit\u00e4ten und Organisationsstrukturen der Revolutionsbewegungen. Die Rolle von Frauen wird ebenso gew\u00fcrdigt wie jene der Revolutionsgegner und die Erinnerung an das Geschehen. Nicht nur in Deutschland, auch in vielen anderen L\u00e4ndern Europas kam es zu massiven politischen und sozialen Auseinandersetzungen. Der Band macht deutlich, dass das Fr\u00fchjahr 1919 eine Zeit politischen Aufbruchs, dramatischer Gewalt wie entt\u00e4uschter Hoffnungen war.<\/p>\n","protected":false},"excerpt":{"rendered":"<p>Der November 1918 brachte den Sturz des deutschen Kaiserreichs, das Ende des Ersten Weltkriegs und den Aufbruch in republikanische Ordnung. F\u00fcr viele Zeitgenossen war die&hellip;<\/p>\n","protected":false},"featured_media":2710,"template":"","meta":{"_eb_attr":""},"product_brand":[],"product_cat":[8],"product_tag":[],"class_list":{"0":"post-2709","1":"product","2":"type-product","3":"status-publish","4":"has-post-thumbnail","6":"product_cat-kaempfe","8":"first","9":"instock","10":"taxable","11":"shipping-taxable","12":"purchasable","13":"product-type-simple","14":"customify-col"},"_links":{"self":[{"href":"https:\/\/diebuchmacherei.de\/de_de\/wp-json\/wp\/v2\/product\/2709","targetHints":{"allow":["GET"]}}],"collection":[{"href":"https:\/\/diebuchmacherei.de\/de_de\/wp-json\/wp\/v2\/product"}],"about":[{"href":"https:\/\/diebuchmacherei.de\/de_de\/wp-json\/wp\/v2\/types\/product"}],"wp:featuredmedia":[{"embeddable":true,"href":"https:\/\/diebuchmacherei.de\/de_de\/wp-json\/wp\/v2\/media\/2710"}],"wp:attachment":[{"href":"https:\/\/diebuchmacherei.de\/de_de\/wp-json\/wp\/v2\/media?parent=2709"}],"wp:term":[{"taxonomy":"product_brand","embeddable":true,"href":"https:\/\/diebuchmacherei.de\/de_de\/wp-json\/wp\/v2\/product_brand?post=2709"},{"taxonomy":"product_cat","embeddable":true,"href":"https:\/\/diebuchmacherei.de\/de_de\/wp-json\/wp\/v2\/product_cat?post=2709"},{"taxonomy":"product_tag","embeddable":true,"href":"https:\/\/diebuchmacherei.de\/de_de\/wp-json\/wp\/v2\/product_tag?post=2709"}],"curies":[{"name":"wp","href":"https:\/\/api.w.org\/{rel}","templated":true}]}}