{"id":2724,"date":"2020-04-13T13:47:08","date_gmt":"2020-04-13T11:47:08","guid":{"rendered":"https:\/\/diebuchmacherei.de\/?post_type=product&#038;p=2724"},"modified":"2026-02-15T14:50:30","modified_gmt":"2026-02-15T13:50:30","slug":"kritik-der-sowjetwirtschaft-zur-politischen-oekonomie-der-sowjetunion","status":"publish","type":"product","link":"https:\/\/diebuchmacherei.de\/de_de\/produkt\/kritik-der-sowjetwirtschaft-zur-politischen-oekonomie-der-sowjetunion\/","title":{"rendered":"Kritik der Sowjetwirtschaft &#8211; Zur Politischen \u00d6konomie der Sowjetunion"},"content":{"rendered":"<p>War der sowjetische Zwangsstaat sozialistisch? Buchenberg erliegt hier nicht der Versuchung, sich oberfl\u00e4chlich zu distanzieren, sondern untersucht die innere Funktionsweise von Produktion, Zirkulation, Konsumtion und Akkumulation. Und der Autor verdeutlicht die entscheidenden Weichenstellungen, die die herrschenden Bolschewiki zur Installierung von Zwangsarbeit, Massenterror und Industrialisierungsdiktatur greifen lie\u00dfen. Ab 1921 war die Arbeiterklasse nur noch unterdr\u00fccktes Objekt, das in der Produktion ebenso wenig zu sagen hatte wie im krisenhaften Planungsprozess. Die Planung blieb gefangen in den Gegens\u00e4tzen von Betriebsleitungen versus Zentralplaner, Werkt\u00e4tige versus Betriebsleitung, Planerf\u00fcllung versus technische Neuerungen, Ressourcenhortung versus Ressourcenmangel. In den sich gegenseitig versch\u00e4rfenden St\u00f6rprozessen aus stockender Zulieferung, Qualit\u00e4tsm\u00e4ngeln, Verschwendung, Leerlauf und Sto\u00dfproduktion \u00e4u\u00dferte sich die mangelnde Beteiligung der Beherrschten. Im R\u00fcckgriff auf Marxsche Ma\u00dfst\u00e4be verdeutlicht der Autor, dass die Emanzipation der Arbeiterklasse auf diesem Weg weder das politische Ziel noch \u00fcberhaupt m\u00f6glich war: das Fehlen der gesellschaftlichen Arbeiterdemokratie musste zur Implosion des Sowjetsystems f\u00fchren.<\/p>\n","protected":false},"excerpt":{"rendered":"<p>War der sowjetische Zwangsstaat sozialistisch? Buchenberg erliegt hier nicht der Versuchung, sich oberfl\u00e4chlich zu distanzieren, sondern untersucht die innere Funktionsweise von Produktion, Zirkulation, Konsumtion und&hellip;<\/p>\n","protected":false},"featured_media":2734,"template":"","meta":{"_eb_attr":""},"product_brand":[],"product_cat":[9],"product_tag":[],"class_list":{"0":"post-2724","1":"product","2":"type-product","3":"status-publish","4":"has-post-thumbnail","6":"product_cat-utopien","8":"first","9":"instock","10":"taxable","11":"shipping-taxable","12":"purchasable","13":"product-type-simple","14":"customify-col"},"_links":{"self":[{"href":"https:\/\/diebuchmacherei.de\/de_de\/wp-json\/wp\/v2\/product\/2724","targetHints":{"allow":["GET"]}}],"collection":[{"href":"https:\/\/diebuchmacherei.de\/de_de\/wp-json\/wp\/v2\/product"}],"about":[{"href":"https:\/\/diebuchmacherei.de\/de_de\/wp-json\/wp\/v2\/types\/product"}],"wp:featuredmedia":[{"embeddable":true,"href":"https:\/\/diebuchmacherei.de\/de_de\/wp-json\/wp\/v2\/media\/2734"}],"wp:attachment":[{"href":"https:\/\/diebuchmacherei.de\/de_de\/wp-json\/wp\/v2\/media?parent=2724"}],"wp:term":[{"taxonomy":"product_brand","embeddable":true,"href":"https:\/\/diebuchmacherei.de\/de_de\/wp-json\/wp\/v2\/product_brand?post=2724"},{"taxonomy":"product_cat","embeddable":true,"href":"https:\/\/diebuchmacherei.de\/de_de\/wp-json\/wp\/v2\/product_cat?post=2724"},{"taxonomy":"product_tag","embeddable":true,"href":"https:\/\/diebuchmacherei.de\/de_de\/wp-json\/wp\/v2\/product_tag?post=2724"}],"curies":[{"name":"wp","href":"https:\/\/api.w.org\/{rel}","templated":true}]}}