{"id":280,"date":"2015-02-24T17:34:11","date_gmt":"2015-02-24T16:34:11","guid":{"rendered":"http:\/\/www.diebuchmacherei.dev\/?post_type=product&#038;p=280"},"modified":"2026-02-15T15:21:41","modified_gmt":"2026-02-15T14:21:41","slug":"im-land-der-verwirrenden-luege","status":"publish","type":"product","link":"https:\/\/diebuchmacherei.de\/de_de\/produkt\/im-land-der-verwirrenden-luege\/","title":{"rendered":"Im Land der verwirrenden L\u00fcge"},"content":{"rendered":"<p>Als Ant\u00e9 Ciliga, Mitglied des ZK der Kommunistischen Partei Jugoslawiens, 1925 auf Grund seiner Parteiarbeit des Landes verwiesen wird, entscheidet er sich nach einem Jahr T\u00e4tigkeit als Auslandsvertreter der Komintern in Wien in die Sowjetunion zu gehen, um dort \u201ean Ort und Stelle die Erfahrungen der ersten grossen russischen Revolution zu studieren\u201c. Dabei st\u00f6\u00dft der promovierte Philosoph und Historiker auf eine Realit\u00e4t, die mit dem Selbstbild des neuen Staates unvereinbar ist. Er schlie\u00dft sich der trotzkistischen Opposition an. Doch seine Emp\u00f6rung \u00fcber die sozialen und politischen Verh\u00e4ltnisse \u201eim Heimatland aller Werkt\u00e4tigen\u201c f\u00fchrt dazu, dass er sich vom Trotzkismus wieder l\u00f6st. Ciliga sieht das bolschewistische Regime in einem antagonistischen Widerspruch zu den Arbeitern und Bauern, die Idee der Emanzipation der Arbeiterklasse verraten. Weil er sich dar\u00fcber nicht beirren l\u00e4sst, wird er gegen seinen Willen 10 Jahre in der Sowjetunion verbringen, davon mehr als die H\u00e4lfte in Haft und Lagern. Am Ende gelingt ihm nach mehrfachem Einsatz seines Lebens seine Ausweisung durchzusetzen. Ciligas Aufzeichungen aus dem \u201eLand der verwirrenden L\u00fcge\u201c sind auch noch heute ein authentischer Zugang zur Beantwortung der Frage, was die Sowjetunion historisch war und was es aus diesem gescheiterten Experiment zu lernen gibt.<\/p>\n<p>Wer sich gr\u00fcndlicher mit den von Ciliga dargestellten Kontroversen der politischen Str\u00f6mungen rund um die KPR befassen m\u00f6chte, kann dies mit Hilfe der englischen Langfassung des Kapitels &#8220;Lenin, du auch &#8230;&#8221; tun. <a href=\"https:\/\/diebuchmacherei.de\/wp-content\/uploads\/2015\/03\/Langfassung-Lenin-du-auch-....pdf\">Langfassung Lenin du auch &#8230;<\/a>&#8230;<br \/>\nDieser bisher fehlende Teil der englischen Langfassung ist der neusten Auflage der deutschen Ausgabe (2016) im Buch integriert.<\/p>\n<p>&nbsp;<\/p>\n","protected":false},"excerpt":{"rendered":"<p>Als Ant\u00e9 Ciliga, Mitglied des ZK der Kommunistischen Partei Jugoslawiens, 1925 auf Grund seiner Parteiarbeit des Landes verwiesen wird, entscheidet er sich nach einem Jahr&hellip;<\/p>\n","protected":false},"featured_media":992,"template":"","meta":{"_eb_attr":""},"product_brand":[],"product_cat":[9],"product_tag":[],"class_list":{"0":"post-280","1":"product","2":"type-product","3":"status-publish","4":"has-post-thumbnail","6":"product_cat-utopien","8":"first","9":"instock","10":"taxable","11":"shipping-taxable","12":"purchasable","13":"product-type-simple","14":"customify-col"},"_links":{"self":[{"href":"https:\/\/diebuchmacherei.de\/de_de\/wp-json\/wp\/v2\/product\/280","targetHints":{"allow":["GET"]}}],"collection":[{"href":"https:\/\/diebuchmacherei.de\/de_de\/wp-json\/wp\/v2\/product"}],"about":[{"href":"https:\/\/diebuchmacherei.de\/de_de\/wp-json\/wp\/v2\/types\/product"}],"wp:featuredmedia":[{"embeddable":true,"href":"https:\/\/diebuchmacherei.de\/de_de\/wp-json\/wp\/v2\/media\/992"}],"wp:attachment":[{"href":"https:\/\/diebuchmacherei.de\/de_de\/wp-json\/wp\/v2\/media?parent=280"}],"wp:term":[{"taxonomy":"product_brand","embeddable":true,"href":"https:\/\/diebuchmacherei.de\/de_de\/wp-json\/wp\/v2\/product_brand?post=280"},{"taxonomy":"product_cat","embeddable":true,"href":"https:\/\/diebuchmacherei.de\/de_de\/wp-json\/wp\/v2\/product_cat?post=280"},{"taxonomy":"product_tag","embeddable":true,"href":"https:\/\/diebuchmacherei.de\/de_de\/wp-json\/wp\/v2\/product_tag?post=280"}],"curies":[{"name":"wp","href":"https:\/\/api.w.org\/{rel}","templated":true}]}}