{"id":2814,"date":"2020-06-12T10:52:33","date_gmt":"2020-06-12T08:52:33","guid":{"rendered":"https:\/\/diebuchmacherei.de\/?post_type=product&#038;p=2814"},"modified":"2026-02-15T14:48:40","modified_gmt":"2026-02-15T13:48:40","slug":"stalinismus-eine-sackgasse-im-labyrinth-der-geschichte","status":"publish","type":"product","link":"https:\/\/diebuchmacherei.de\/de_de\/produkt\/stalinismus-eine-sackgasse-im-labyrinth-der-geschichte\/","title":{"rendered":"Stalinismus &#8211; eine Sackgasse im Labyrinth der Geschichte"},"content":{"rendered":"<p>1990 publizierte der Historiker Wolfgang Ruge (1917-2010) im Deutschen Verlag der Wissenschaften, Berlin (Ost), eine in nur wenigen Wochen geschriebene Geschichte der Entstehung, der Funktionsweise und des Untergangs des Stalinismus in der Sowjetunion. Erst nach der Herbstrevolution 1989 in der DDR tat sich auch f\u00fcr ihn \u2013 der 1956 nach f\u00fcnfzehn Jahren Lagerhaft im Gulag und in der Verbannung im Nordural in die DDR einreisen konnte \u2013 die M\u00f6glichkeit auf, eine derart fundamentale Kritik am Stalinismus zu ver\u00f6ffentlichen. In den ersten Kapiteln seines Buches sucht Ruge nach den \u201eunz\u00e4hligen F\u00e4den\u201c, die die russische Geschichte mit den Bolschewiki und die den Terror der Stalin\u00e4ra mit dem der Revolutionsjahre verbanden. Er stellt Fragen nach den Ursachen f\u00fcr Stalins Macht\u00fcbernahme und sucht in der Leninschen Politik nach Momenten, die den Weg in das Terrorregime ebneten, ohne eine Zwangsl\u00e4ufigkeit zu der selbstherrlichen Despotenherrschaft Stalins zu behaupten, dessen Verbrechen an Unmenschlichkeit kaum zu \u00fcbertreffen gewesen w\u00e4ren. Mit seinen Vorschl\u00e4gen, welchen Platz dem Stalinismus in der Geschichte zukommen solle, gibt Wolfgang Ruge gen\u00fcgend Anregungen f\u00fcr eine immer noch notwendige Diskussion. In einer dieser Neuauflage seines Buches vorangestellten Einleitung beschreibt Renate H\u00fcrtgen den Lebensweg Wolfgang Ruges und ordnet den in der \u201einneren Verbannung\u201c erdachten Text sowie die Umst\u00e4nde seiner sp\u00e4ten Ver\u00f6ffentlichung in der DDR historisch ein.<\/p>\n","protected":false},"excerpt":{"rendered":"<p>1990 publizierte der Historiker Wolfgang Ruge (1917-2010) im Deutschen Verlag der Wissenschaften, Berlin (Ost), eine in nur wenigen Wochen geschriebene Geschichte der Entstehung, der Funktionsweise&hellip;<\/p>\n","protected":false},"featured_media":2816,"template":"","meta":{"_eb_attr":""},"product_brand":[],"product_cat":[9],"product_tag":[],"class_list":{"0":"post-2814","1":"product","2":"type-product","3":"status-publish","4":"has-post-thumbnail","6":"product_cat-utopien","8":"first","9":"instock","10":"taxable","11":"shipping-taxable","12":"purchasable","13":"product-type-simple","14":"customify-col"},"_links":{"self":[{"href":"https:\/\/diebuchmacherei.de\/de_de\/wp-json\/wp\/v2\/product\/2814","targetHints":{"allow":["GET"]}}],"collection":[{"href":"https:\/\/diebuchmacherei.de\/de_de\/wp-json\/wp\/v2\/product"}],"about":[{"href":"https:\/\/diebuchmacherei.de\/de_de\/wp-json\/wp\/v2\/types\/product"}],"wp:featuredmedia":[{"embeddable":true,"href":"https:\/\/diebuchmacherei.de\/de_de\/wp-json\/wp\/v2\/media\/2816"}],"wp:attachment":[{"href":"https:\/\/diebuchmacherei.de\/de_de\/wp-json\/wp\/v2\/media?parent=2814"}],"wp:term":[{"taxonomy":"product_brand","embeddable":true,"href":"https:\/\/diebuchmacherei.de\/de_de\/wp-json\/wp\/v2\/product_brand?post=2814"},{"taxonomy":"product_cat","embeddable":true,"href":"https:\/\/diebuchmacherei.de\/de_de\/wp-json\/wp\/v2\/product_cat?post=2814"},{"taxonomy":"product_tag","embeddable":true,"href":"https:\/\/diebuchmacherei.de\/de_de\/wp-json\/wp\/v2\/product_tag?post=2814"}],"curies":[{"name":"wp","href":"https:\/\/api.w.org\/{rel}","templated":true}]}}