{"id":283,"date":"2015-02-23T17:37:48","date_gmt":"2015-02-23T16:37:48","guid":{"rendered":"http:\/\/www.diebuchmacherei.dev\/?post_type=product&#038;p=283"},"modified":"2026-02-15T16:04:34","modified_gmt":"2026-02-15T15:04:34","slug":"chatting-with-sokrates-dialog-ueber-oel-atom-und-eichmann-ein-theaterstueck","status":"publish","type":"product","link":"https:\/\/diebuchmacherei.de\/de_de\/produkt\/chatting-with-sokrates-dialog-ueber-oel-atom-und-eichmann-ein-theaterstueck\/","title":{"rendered":"Chatting with Sokrates &#8211; Dialog \u00fcber \u00d6l, Atom und Eichmann &#8211; Ein Theaterst\u00fcck"},"content":{"rendered":"<p>&nbsp;<\/p>\n<p>Mit diesem Buch legt die Autorin Rechenschaft ab \u00fcber die Ergebnisse ihrer Recherchen, die mit der Suche nach den Verantwortlichen f\u00fcr das Verschwinden lassen von vierzehn Betriebsr\u00e4ten bei Mercedes-Benz in Argentinien begann. In dem als politisches Theaterst\u00fcck geschriebenen Text folgen die Leser und Leserinnen den Wegen von &#8220;Big Car&#8221;, &#8220;Big Oil&#8221; und &#8220;Big Money&#8221; und lernen etwas dar\u00fcber, wie sie mit dem deutschen Faschismus verbunden waren. Wir werden Zeuge davon, mit welcher Arroganz die Kathedralen der Macht sich auch heute weigern, historische Dokumente zu \u00f6ffnen, die darlegen, wer, warum und f\u00fcr was Verantwortung tr\u00e4gt. Gaby Weber hat dieses Buch in der Hoffnung geschrieben, diese Situation zu ver\u00e4ndern.<\/p>\n<p>&nbsp;<\/p>\n","protected":false},"excerpt":{"rendered":"<p>&nbsp; Mit diesem Buch legt die Autorin Rechenschaft ab \u00fcber die Ergebnisse ihrer Recherchen, die mit der Suche nach den Verantwortlichen f\u00fcr das Verschwinden lassen&hellip;<\/p>\n","protected":false},"featured_media":284,"template":"","meta":{"_eb_attr":""},"product_brand":[],"product_cat":[84],"product_tag":[],"class_list":{"0":"post-283","1":"product","2":"type-product","3":"status-publish","4":"has-post-thumbnail","6":"product_cat-lebendiger-antifaschismus","8":"first","9":"instock","10":"taxable","11":"shipping-taxable","12":"purchasable","13":"product-type-simple","14":"customify-col"},"_links":{"self":[{"href":"https:\/\/diebuchmacherei.de\/de_de\/wp-json\/wp\/v2\/product\/283","targetHints":{"allow":["GET"]}}],"collection":[{"href":"https:\/\/diebuchmacherei.de\/de_de\/wp-json\/wp\/v2\/product"}],"about":[{"href":"https:\/\/diebuchmacherei.de\/de_de\/wp-json\/wp\/v2\/types\/product"}],"wp:featuredmedia":[{"embeddable":true,"href":"https:\/\/diebuchmacherei.de\/de_de\/wp-json\/wp\/v2\/media\/284"}],"wp:attachment":[{"href":"https:\/\/diebuchmacherei.de\/de_de\/wp-json\/wp\/v2\/media?parent=283"}],"wp:term":[{"taxonomy":"product_brand","embeddable":true,"href":"https:\/\/diebuchmacherei.de\/de_de\/wp-json\/wp\/v2\/product_brand?post=283"},{"taxonomy":"product_cat","embeddable":true,"href":"https:\/\/diebuchmacherei.de\/de_de\/wp-json\/wp\/v2\/product_cat?post=283"},{"taxonomy":"product_tag","embeddable":true,"href":"https:\/\/diebuchmacherei.de\/de_de\/wp-json\/wp\/v2\/product_tag?post=283"}],"curies":[{"name":"wp","href":"https:\/\/api.w.org\/{rel}","templated":true}]}}