{"id":3004,"date":"2020-08-17T13:33:24","date_gmt":"2020-08-17T11:33:24","guid":{"rendered":"https:\/\/diebuchmacherei.de\/?post_type=product&#038;p=3004"},"modified":"2026-02-15T15:24:10","modified_gmt":"2026-02-15T14:24:10","slug":"hugo-sonnenschein","status":"publish","type":"product","link":"https:\/\/diebuchmacherei.de\/de_de\/produkt\/hugo-sonnenschein\/","title":{"rendered":"Hugo Sonnenschein &#8211; &#8220;Judenjunge, Slowakenkind, Kulturbastard&#8221; \/ &#8220;Der Bruder Sonka &#8230;&#8221; (Gedichte)"},"content":{"rendered":"<p>Peter Haumer rekonstruiert das Leben des deutschsprachigen expressionistischen Dichters Hugo Sonnenschein (1889-1953), der in der Literaturgeschichte unter dem Pseudonym \u201eSonka\u201c bekannt ist. Dieser anarchistische Abenteurer und sp\u00e4tere Parteikommunist stammte aus der N\u00e4he von Br\u00fcnn. Er vernahm das Lied der Entrechteten, das aus Hammerschl\u00e4gen und Sirenengeheul und aus Bettlerfl\u00fcchen klingt und entschied, dass die Zeit reif sei, sich zu wenden, dass in die geballten F\u00e4uste der Emp\u00f6rten die Waffe der Revolution geh\u00f6rt. Der zweite Teil des Buches umfasst Sonnenscheins Gedichtband \u201eDer Bruder Sonka und die allgemeine Sache oder das Wort gegen die Ordnung\u201c.<\/p>\n","protected":false},"excerpt":{"rendered":"<p>Peter Haumer rekonstruiert das Leben des deutschsprachigen expressionistischen Dichters Hugo Sonnenschein (1889-1953), der in der Literaturgeschichte unter dem Pseudonym \u201eSonka\u201c bekannt ist. Dieser anarchistische Abenteurer&hellip;<\/p>\n","protected":false},"featured_media":3005,"template":"","meta":{"_eb_attr":""},"product_brand":[],"product_cat":[10],"product_tag":[],"class_list":{"0":"post-3004","1":"product","2":"type-product","3":"status-publish","4":"has-post-thumbnail","6":"product_cat-lebenswege","8":"first","9":"instock","10":"taxable","11":"shipping-taxable","12":"purchasable","13":"product-type-simple","14":"customify-col"},"_links":{"self":[{"href":"https:\/\/diebuchmacherei.de\/de_de\/wp-json\/wp\/v2\/product\/3004","targetHints":{"allow":["GET"]}}],"collection":[{"href":"https:\/\/diebuchmacherei.de\/de_de\/wp-json\/wp\/v2\/product"}],"about":[{"href":"https:\/\/diebuchmacherei.de\/de_de\/wp-json\/wp\/v2\/types\/product"}],"wp:featuredmedia":[{"embeddable":true,"href":"https:\/\/diebuchmacherei.de\/de_de\/wp-json\/wp\/v2\/media\/3005"}],"wp:attachment":[{"href":"https:\/\/diebuchmacherei.de\/de_de\/wp-json\/wp\/v2\/media?parent=3004"}],"wp:term":[{"taxonomy":"product_brand","embeddable":true,"href":"https:\/\/diebuchmacherei.de\/de_de\/wp-json\/wp\/v2\/product_brand?post=3004"},{"taxonomy":"product_cat","embeddable":true,"href":"https:\/\/diebuchmacherei.de\/de_de\/wp-json\/wp\/v2\/product_cat?post=3004"},{"taxonomy":"product_tag","embeddable":true,"href":"https:\/\/diebuchmacherei.de\/de_de\/wp-json\/wp\/v2\/product_tag?post=3004"}],"curies":[{"name":"wp","href":"https:\/\/api.w.org\/{rel}","templated":true}]}}