{"id":3007,"date":"2020-08-17T13:39:30","date_gmt":"2020-08-17T11:39:30","guid":{"rendered":"https:\/\/diebuchmacherei.de\/?post_type=product&#038;p=3007"},"modified":"2026-02-15T15:34:35","modified_gmt":"2026-02-15T14:34:35","slug":"martkt-zerfrisst-gesundheitswesen","status":"publish","type":"product","link":"https:\/\/diebuchmacherei.de\/de_de\/produkt\/martkt-zerfrisst-gesundheitswesen\/","title":{"rendered":"Markt zerfrisst Gesundheitswesen! &#8211; Stimmen aus einem zornigen Bereich"},"content":{"rendered":"<div class=\"\">KollegInnen aus den Krankenh\u00e4usern, GewerkschafterInnen und Mitglieder der Bu\u0308ndnisse gegen die Profite mit der Gesundheit berichten aus ihren Arbeitsbereichen. Sie geben einen tiefen Einblick in haarstr\u00e4ubende Zust\u00e4nde, zu denen die Unterwerfung des Gesundheitswesens unter die Marktzw\u00e4nge gefu\u0308hrt hat. Personalnot, Lohndumping, Tempozwang und Operationenwettlauf schnu\u0308ren der Gesundheit von Personal und Patienten die Luft ab. Zentraler Hebel zur Durchsetzung des \u00f6konomischen Drucks ist die Finanzierung u\u0308ber Fallpauschalen. Corona hat uns die Zust\u00e4nde in den Krankenh\u00e4usern wie unter einer Lupe gezeigt.<\/div>\n<div class=\"\">Die Besch\u00e4ftigten des Gesundheitswesens haben vor einigen Jahren begonnen, sich massiv zu wehren. Volksentscheide gegen Gewinnprinzip und Personalnot sind trotz gro\u00dfer Zustimmung gestoppt worden. Die Besch\u00e4ftigten und Teile der \u00d6ffentlichkeit nehmen neuen Anlauf, eine Befreiung der Gesundheit vom Profit durchzusetzen.<\/div>\n<div class=\"\"><\/div>\n","protected":false},"excerpt":{"rendered":"<p>KollegInnen aus den Krankenh\u00e4usern, GewerkschafterInnen und Mitglieder der Bu\u0308ndnisse gegen die Profite mit der Gesundheit berichten aus ihren Arbeitsbereichen. Sie geben einen tiefen Einblick in&hellip;<\/p>\n","protected":false},"featured_media":3008,"template":"","meta":{"_eb_attr":""},"product_brand":[],"product_cat":[8],"product_tag":[],"class_list":{"0":"post-3007","1":"product","2":"type-product","3":"status-publish","4":"has-post-thumbnail","6":"product_cat-kaempfe","8":"first","9":"instock","10":"taxable","11":"shipping-taxable","12":"purchasable","13":"product-type-simple","14":"customify-col"},"_links":{"self":[{"href":"https:\/\/diebuchmacherei.de\/de_de\/wp-json\/wp\/v2\/product\/3007","targetHints":{"allow":["GET"]}}],"collection":[{"href":"https:\/\/diebuchmacherei.de\/de_de\/wp-json\/wp\/v2\/product"}],"about":[{"href":"https:\/\/diebuchmacherei.de\/de_de\/wp-json\/wp\/v2\/types\/product"}],"wp:featuredmedia":[{"embeddable":true,"href":"https:\/\/diebuchmacherei.de\/de_de\/wp-json\/wp\/v2\/media\/3008"}],"wp:attachment":[{"href":"https:\/\/diebuchmacherei.de\/de_de\/wp-json\/wp\/v2\/media?parent=3007"}],"wp:term":[{"taxonomy":"product_brand","embeddable":true,"href":"https:\/\/diebuchmacherei.de\/de_de\/wp-json\/wp\/v2\/product_brand?post=3007"},{"taxonomy":"product_cat","embeddable":true,"href":"https:\/\/diebuchmacherei.de\/de_de\/wp-json\/wp\/v2\/product_cat?post=3007"},{"taxonomy":"product_tag","embeddable":true,"href":"https:\/\/diebuchmacherei.de\/de_de\/wp-json\/wp\/v2\/product_tag?post=3007"}],"curies":[{"name":"wp","href":"https:\/\/api.w.org\/{rel}","templated":true}]}}