{"id":3260,"date":"2020-12-18T18:36:12","date_gmt":"2020-12-18T17:36:12","guid":{"rendered":"https:\/\/diebuchmacherei.de\/?post_type=product&#038;p=3260"},"modified":"2025-08-31T22:14:13","modified_gmt":"2025-08-31T20:14:13","slug":"mall-of-shame-kampf-um-wu%cc%88rde-und-lohn-ru%cc%88ckblicke-hintergru%cc%88nde-und-ausblicke-des-arbeitskampfes-an-der-mall-of-berlin","status":"publish","type":"product","link":"https:\/\/diebuchmacherei.de\/de_de\/produkt\/mall-of-shame-kampf-um-wu%cc%88rde-und-lohn-ru%cc%88ckblicke-hintergru%cc%88nde-und-ausblicke-des-arbeitskampfes-an-der-mall-of-berlin\/","title":{"rendered":"Mall of Shame \u2013 Kampf um Wu\u0308rde und Lohn # Ru\u0308ckblicke, Hintergru\u0308nde und Ausblicke"},"content":{"rendered":"<p>\u201e[Ich] bin einer der sieben Arbeiter, die nicht akzeptieren wollten mit Gleichg\u00fcltigkeit erniedrigt und verraten zu werden. Daher haben wir im Oktober letzten Jahres begonnen gegen diese gro\u00dfen Unterneh-mer zu protestieren, die sich auf ihre Macht berufen und glauben, dass wir mit der Zeit aufgeben werden. Es kann sein, dass die Macht momentan bei ihnen liegt. Aber was das Aufgeben angeht, haben sie bei uns keine Chance. [&#8230;] Niemand, nicht einmal wir, erwarten, dass unser Kampf Erfolg haben wird. Aber trotzdem k\u00e4mpfen wir bis zum Ende, nicht unbedingt nur f\u00fcr unsere Geh\u00e4lter, die sehr klein sind, wir k\u00e4mpfen f\u00fcr unsere Rechte und unsere W\u00fcrde, die mit F\u00fc\u00dfen getreten wurde.\u201c<br \/>\nAus einem Redebeitrag von Elvis Iancu, einem der Wanderarbeiter, die im Herbst 2014 den Protest an der milliar-denschweren Mall of Berlin starteten und das Kaufhaus bis heute als \u201eMall of Shame\u201c bekannt machten.<br \/>\nDer Kampf zog sich \u00fcber mehrere Jahre hin, und richtete sich gegen die Arroganz und Ignoranz, mit der migrantische Arbeitskr\u00e4fte im wohlhabenden Deutschland ausgebeutet werden. In Interviews mit den Bauarbeitern und anderen Akteuren werden die Ereignisse rekonstruiert und eingeordnet, aber es wird auch auf die Gegenwart Bezug genommen. Dabei werden unterschiedliche Perspektiven sichtbar.<\/p>\n","protected":false},"excerpt":{"rendered":"<p>\u201e[Ich] bin einer der sieben Arbeiter, die nicht akzeptieren wollten mit Gleichg\u00fcltigkeit erniedrigt und verraten zu werden. Daher haben wir im Oktober letzten Jahres begonnen&hellip;<\/p>\n","protected":false},"featured_media":3272,"template":"","meta":{"_eb_attr":""},"product_brand":[],"product_cat":[8],"product_tag":[],"class_list":{"0":"post-3260","1":"product","2":"type-product","3":"status-publish","4":"has-post-thumbnail","6":"product_cat-kaempfe","8":"first","9":"instock","10":"taxable","11":"shipping-taxable","12":"purchasable","13":"product-type-simple","14":"customify-col"},"_links":{"self":[{"href":"https:\/\/diebuchmacherei.de\/de_de\/wp-json\/wp\/v2\/product\/3260","targetHints":{"allow":["GET"]}}],"collection":[{"href":"https:\/\/diebuchmacherei.de\/de_de\/wp-json\/wp\/v2\/product"}],"about":[{"href":"https:\/\/diebuchmacherei.de\/de_de\/wp-json\/wp\/v2\/types\/product"}],"wp:featuredmedia":[{"embeddable":true,"href":"https:\/\/diebuchmacherei.de\/de_de\/wp-json\/wp\/v2\/media\/3272"}],"wp:attachment":[{"href":"https:\/\/diebuchmacherei.de\/de_de\/wp-json\/wp\/v2\/media?parent=3260"}],"wp:term":[{"taxonomy":"product_brand","embeddable":true,"href":"https:\/\/diebuchmacherei.de\/de_de\/wp-json\/wp\/v2\/product_brand?post=3260"},{"taxonomy":"product_cat","embeddable":true,"href":"https:\/\/diebuchmacherei.de\/de_de\/wp-json\/wp\/v2\/product_cat?post=3260"},{"taxonomy":"product_tag","embeddable":true,"href":"https:\/\/diebuchmacherei.de\/de_de\/wp-json\/wp\/v2\/product_tag?post=3260"}],"curies":[{"name":"wp","href":"https:\/\/api.w.org\/{rel}","templated":true}]}}