{"id":3504,"date":"2021-05-18T09:44:56","date_gmt":"2021-05-18T07:44:56","guid":{"rendered":"https:\/\/diebuchmacherei.de\/?post_type=product&#038;p=3504"},"modified":"2026-02-15T15:58:20","modified_gmt":"2026-02-15T14:58:20","slug":"karl-marx-lexikon","status":"publish","type":"product","link":"https:\/\/diebuchmacherei.de\/de_de\/produkt\/karl-marx-lexikon\/","title":{"rendered":"Karl Marx-Lexikon"},"content":{"rendered":"<p>Sein umfassendes Wissen \u00fcber die Werke von Marx und Engels teilt Wal Buchenberg hier mit der Leserschaft. Zu 300 Lexikonartikeln sind zentrale Stellen aus Gesamtwerk und Briefen geordnet zusammengestellt und sparsam kommentiert. Unter L finden sich unter anderem so unterschiedliche Begriffe wie Landwirtschaft, Logik, Lohn und Luxus.<br \/>\nWer in dem Werk bl\u00e4ttert, liest sich fest. \u00dcberall lauern Erkenntnisgewinne. So d\u00fcrften z.B. nur wenige die Briefe kennen und gewusst haben, dass Marx schon 1870 \u00fcberzeugt war, &#8220;dass eine \u00e4u\u00dferst schreckliche Revolution &#8211; nat\u00fcrlich in den niederen Formen, wie sie dem gegenw\u00e4rtigen Moskauer Entwicklungsstand entsprechen &#8211; in Russland unvermeidlich ist und nahe bevorsteht&#8221;, und dass Engels 1885 Russland f\u00fcr eine &#8220;Geladene Mine&#8221; hielt und f\u00fcr einen &#8220;der Ausnahmef\u00e4lle, in denen es einer Handvoll Leute m\u00f6glich ist, eine Revolution zu machen, d.h. durch einen kleinen Ansto\u00df ein ganzes System zu st\u00fcrzen&#8230;&#8221; (Seite 226). \u00a0Ein Buch zum Lernen, nicht nur \u00fcber Ausnahmef\u00e4lle.<\/p>\n","protected":false},"excerpt":{"rendered":"<p>Sein umfassendes Wissen \u00fcber die Werke von Marx und Engels teilt Wal Buchenberg hier mit der Leserschaft. Zu 300 Lexikonartikeln sind zentrale Stellen aus Gesamtwerk&hellip;<\/p>\n","protected":false},"featured_media":5419,"template":"","meta":{"_eb_attr":""},"product_brand":[],"product_cat":[85],"product_tag":[],"class_list":{"0":"post-3504","1":"product","2":"type-product","3":"status-publish","4":"has-post-thumbnail","6":"product_cat-kapitalismuskritik","8":"first","9":"instock","10":"taxable","11":"shipping-taxable","12":"purchasable","13":"product-type-simple","14":"customify-col"},"_links":{"self":[{"href":"https:\/\/diebuchmacherei.de\/de_de\/wp-json\/wp\/v2\/product\/3504","targetHints":{"allow":["GET"]}}],"collection":[{"href":"https:\/\/diebuchmacherei.de\/de_de\/wp-json\/wp\/v2\/product"}],"about":[{"href":"https:\/\/diebuchmacherei.de\/de_de\/wp-json\/wp\/v2\/types\/product"}],"wp:featuredmedia":[{"embeddable":true,"href":"https:\/\/diebuchmacherei.de\/de_de\/wp-json\/wp\/v2\/media\/5419"}],"wp:attachment":[{"href":"https:\/\/diebuchmacherei.de\/de_de\/wp-json\/wp\/v2\/media?parent=3504"}],"wp:term":[{"taxonomy":"product_brand","embeddable":true,"href":"https:\/\/diebuchmacherei.de\/de_de\/wp-json\/wp\/v2\/product_brand?post=3504"},{"taxonomy":"product_cat","embeddable":true,"href":"https:\/\/diebuchmacherei.de\/de_de\/wp-json\/wp\/v2\/product_cat?post=3504"},{"taxonomy":"product_tag","embeddable":true,"href":"https:\/\/diebuchmacherei.de\/de_de\/wp-json\/wp\/v2\/product_tag?post=3504"}],"curies":[{"name":"wp","href":"https:\/\/api.w.org\/{rel}","templated":true}]}}