{"id":4266,"date":"2022-07-29T17:14:43","date_gmt":"2022-07-29T15:14:43","guid":{"rendered":"https:\/\/diebuchmacherei.de\/?post_type=product&#038;p=4266"},"modified":"2025-08-31T22:28:52","modified_gmt":"2025-08-31T20:28:52","slug":"eine-revolte-der-natur","status":"publish","type":"product","link":"https:\/\/diebuchmacherei.de\/de_de\/produkt\/eine-revolte-der-natur\/","title":{"rendered":"Eine Revolte der Natur"},"content":{"rendered":"<p>Die vorliegenden Texte sind wertvolle Beitr\u00e4ge f\u00fcr eine gesellschaftliche Linke, die sich kritisch mit der proletarischen Existenzweise und ihrer zunehmenden Prekarit\u00e4t auseinandersetzt und Wege zur \u00dcberwindung dieses gesellschaftlichen Zusammenhangs sucht, um einen anderen Bezug zur Natur, zum Anderen und zu sich selbst herausbilden zu k\u00f6nnen. Am Ende von Hiens Text wird deutlich, dass ihm befreiungstheologische Perspektiven nicht fremd sind, die in Aufrufen kulminieren, Orte der N\u00e4he, der Freundschaft, der Liebe zu schaffen. In das stahlharte Geh\u00e4use einer als notwendig erachteten Pandemiebek\u00e4mpfung durch Social Engeneering a la ZeroCovid, die sich durch nichts irritieren lassen will, oder eines septisch reinen \u201eAbstandhalten!\u201c ist damit eine Bresche geschlagen, um das Licht lebensbejahender Kritik und Praxis leuchten zu lassen.<\/p>\n","protected":false},"excerpt":{"rendered":"<p>Die vorliegenden Texte sind wertvolle Beitr\u00e4ge f\u00fcr eine gesellschaftliche Linke, die sich kritisch mit der proletarischen Existenzweise und ihrer zunehmenden Prekarit\u00e4t auseinandersetzt und Wege zur&hellip;<\/p>\n","protected":false},"featured_media":4267,"template":"","meta":{"_eb_attr":""},"product_brand":[],"product_cat":[85],"product_tag":[],"class_list":{"0":"post-4266","1":"product","2":"type-product","3":"status-publish","4":"has-post-thumbnail","6":"product_cat-kapitalismuskritik","8":"first","9":"instock","10":"taxable","11":"shipping-taxable","12":"purchasable","13":"product-type-simple","14":"customify-col"},"_links":{"self":[{"href":"https:\/\/diebuchmacherei.de\/de_de\/wp-json\/wp\/v2\/product\/4266","targetHints":{"allow":["GET"]}}],"collection":[{"href":"https:\/\/diebuchmacherei.de\/de_de\/wp-json\/wp\/v2\/product"}],"about":[{"href":"https:\/\/diebuchmacherei.de\/de_de\/wp-json\/wp\/v2\/types\/product"}],"wp:featuredmedia":[{"embeddable":true,"href":"https:\/\/diebuchmacherei.de\/de_de\/wp-json\/wp\/v2\/media\/4267"}],"wp:attachment":[{"href":"https:\/\/diebuchmacherei.de\/de_de\/wp-json\/wp\/v2\/media?parent=4266"}],"wp:term":[{"taxonomy":"product_brand","embeddable":true,"href":"https:\/\/diebuchmacherei.de\/de_de\/wp-json\/wp\/v2\/product_brand?post=4266"},{"taxonomy":"product_cat","embeddable":true,"href":"https:\/\/diebuchmacherei.de\/de_de\/wp-json\/wp\/v2\/product_cat?post=4266"},{"taxonomy":"product_tag","embeddable":true,"href":"https:\/\/diebuchmacherei.de\/de_de\/wp-json\/wp\/v2\/product_tag?post=4266"}],"curies":[{"name":"wp","href":"https:\/\/api.w.org\/{rel}","templated":true}]}}