{"id":4544,"date":"2022-12-12T20:50:52","date_gmt":"2022-12-12T19:50:52","guid":{"rendered":"https:\/\/diebuchmacherei.de\/?post_type=product&#038;p=4544"},"modified":"2025-09-23T12:40:33","modified_gmt":"2025-09-23T10:40:33","slug":"das-haben-wir-nicht-gewollt","status":"publish","type":"product","link":"https:\/\/diebuchmacherei.de\/de_de\/produkt\/das-haben-wir-nicht-gewollt\/","title":{"rendered":"Das haben wir nicht gewollt! &#8211; Die nationalsozialistische Machtergreifung in einer Kleinstadt 1930-1935"},"content":{"rendered":"<p>Dieses Buch ist eine Rarit\u00e4t. Der Autor William Sheridan Allen macht wie unter einem Brennglas den \u00dcbergangsprozess der Weimarer Republik in den NS-Staat nachvollzieh- und begreifbar. Ort der Handlung ist die nieders\u00e4chsische Kleinstadt Northeim. Dem US-Amerikaner war es zu Beginn der 60er-Jahre gelungen, \u201edas Vertrauen von prominenten wie unbedeutenden Leuten, die nach 1930 \u201amitmachten\u2018 oder auch \u201adagegen\u2018 waren\u201c, zu gewinnen. Er durchforschte die Archive und interviewte ma\u00dfgebliche Akteur:innen. Fu\u0308r seine 1965 erfolgte Buchver\u00f6ffentlichung musste er den Namen der Stadt am Harz durch den Fantasienamen \u201eThalburg\u201c ersetzen und die Namen der Befragten ebenfalls anonymisieren. Heute wissen wir auch, welche wirklichen Personen sich hinter den Pseudonymen verbargen und machen dieses Wissen verfu\u0308gbar. \u201eDas haben wir nicht gewollt!\u201c ist eine lehrreiche Geschichtsstunde, deren Lehren ungebrochene Aktualit\u00e4t besitzen. Wir haben das nur noch vereinzelt und zu sehr hohen Preisen antiquarisch erh\u00e4ltliche Buch neu gesetzt und wieder zug\u00e4nglich gemacht.<\/p>\n<p>&nbsp;<\/p>\n","protected":false},"excerpt":{"rendered":"<p>Dieses Buch ist eine Rarit\u00e4t. Der Autor William Sheridan Allen macht wie unter einem Brennglas den \u00dcbergangsprozess der Weimarer Republik in den NS-Staat nachvollzieh- und&hellip;<\/p>\n","protected":false},"featured_media":4545,"template":"","meta":{"_eb_attr":""},"product_brand":[],"product_cat":[84],"product_tag":[185,186],"class_list":{"0":"post-4544","1":"product","2":"type-product","3":"status-publish","4":"has-post-thumbnail","6":"product_cat-lebendiger-antifaschismus","7":"product_tag-medienkritik-express-12-2022","8":"product_tag-medienkritik-express-19-12-2024","10":"first","11":"instock","12":"taxable","13":"shipping-taxable","14":"purchasable","15":"product-type-simple","16":"customify-col"},"_links":{"self":[{"href":"https:\/\/diebuchmacherei.de\/de_de\/wp-json\/wp\/v2\/product\/4544","targetHints":{"allow":["GET"]}}],"collection":[{"href":"https:\/\/diebuchmacherei.de\/de_de\/wp-json\/wp\/v2\/product"}],"about":[{"href":"https:\/\/diebuchmacherei.de\/de_de\/wp-json\/wp\/v2\/types\/product"}],"wp:featuredmedia":[{"embeddable":true,"href":"https:\/\/diebuchmacherei.de\/de_de\/wp-json\/wp\/v2\/media\/4545"}],"wp:attachment":[{"href":"https:\/\/diebuchmacherei.de\/de_de\/wp-json\/wp\/v2\/media?parent=4544"}],"wp:term":[{"taxonomy":"product_brand","embeddable":true,"href":"https:\/\/diebuchmacherei.de\/de_de\/wp-json\/wp\/v2\/product_brand?post=4544"},{"taxonomy":"product_cat","embeddable":true,"href":"https:\/\/diebuchmacherei.de\/de_de\/wp-json\/wp\/v2\/product_cat?post=4544"},{"taxonomy":"product_tag","embeddable":true,"href":"https:\/\/diebuchmacherei.de\/de_de\/wp-json\/wp\/v2\/product_tag?post=4544"}],"curies":[{"name":"wp","href":"https:\/\/api.w.org\/{rel}","templated":true}]}}