{"id":5096,"date":"2023-06-07T21:27:48","date_gmt":"2023-06-07T19:27:48","guid":{"rendered":"https:\/\/diebuchmacherei.de\/?post_type=product&#038;p=5096"},"modified":"2026-02-15T14:43:36","modified_gmt":"2026-02-15T13:43:36","slug":"ukraine-verhandeln-ist-der-einzige-weg-zum-frieden","status":"publish","type":"product","link":"https:\/\/diebuchmacherei.de\/de_de\/produkt\/ukraine-verhandeln-ist-der-einzige-weg-zum-frieden\/","title":{"rendered":"Ukraine. Verhandeln ist der einzige Weg zum Frieden"},"content":{"rendered":"<p>Folgen nach der H\u00f6lle von Bachmut die von Saporischschja und der Krim? Es ist \u00fcberf\u00e4llig, im Ukraine-Krieg den Weg der Verhandlungen zu beschreiten und nach einer politischen L\u00f6sung zu suchen. Und die Chance gibt es \u2013 mit China, Frankreich und ihren Kontakten zur ukrainischen und russischen F\u00fchrung. Angesichts eines Patts, das nun mehr als ein halbes Jahr w\u00e4hrt, wird der Sinn rhetorisch beschworener Gro\u00dfoffensiven von seri\u00f6sen Milit\u00e4rs in den Vereinigten Staaten, in China und in der Bundesrepublik zunehmend angezweifelt \u2013 auch von immer mehr Ukrainerinnen und Ukrainern.<\/p>\n<p>Hajo Funke hat diese Flugschrift in der Hoffnung geschrieben, damit argumentativ die reale Chance zu bef\u00f6rdern, das Blutvergie\u00dfen zu beenden. Er befasst sich mit der Vorgeschichte des Krieges und kommt zum Ergebnis, dass Chancen, ihn abzuwenden, ebenso wenig genutzt wurden wie M\u00f6glichkeiten, ihn fr\u00fchzeitig zu beenden.<\/p>\n<p>Angesichts der bevorstehenden Eskalationen sollten jetzt alle Kr\u00e4fte darauf konzentriert werden, einen Waffenstillstand durchzusetzen, der in einen Verhandlungsprozess \u00fcbergeht und mit dem Ziel gef\u00fchrt wird, die territoriale Integrit\u00e4t der Ukraine wiederherzustellen. Vor dem Hintergrund weltweiter Spannungen in neuen Kalten Kriegen und sich versch\u00e4rfender \u00f6konomischer, sozialer und \u00f6kologischer Krisen braucht es die Kooperation, nicht die Konfrontation der Staatenwelt.<\/p>\n<p>An Hajo Funkes R\u00fcckblick der verpassten Chancen wird klar, um was es heute geht: Noch einmal haben wir \u201eeine Chance\u201c (Egon Bahr) zur Entspannung. Jetzt \u2013 vor den n\u00e4chsten blutigen Eskalationswellen und angesichts der Gefahr von Atomunf\u00e4llen um Saporischschja oder gar des Einsatzes taktischer Nuklearwaffen.<\/p>\n","protected":false},"excerpt":{"rendered":"<p>Folgen nach der H\u00f6lle von Bachmut die von Saporischschja und der Krim? Es ist \u00fcberf\u00e4llig, im Ukraine-Krieg den Weg der Verhandlungen zu beschreiten und nach&hellip;<\/p>\n","protected":false},"featured_media":5099,"template":"","meta":{"_eb_attr":""},"product_brand":[],"product_cat":[99],"product_tag":[],"class_list":{"0":"post-5096","1":"product","2":"type-product","3":"status-publish","4":"has-post-thumbnail","6":"product_cat-krieg-frieden","8":"first","9":"instock","10":"taxable","11":"shipping-taxable","12":"purchasable","13":"product-type-simple","14":"customify-col"},"_links":{"self":[{"href":"https:\/\/diebuchmacherei.de\/de_de\/wp-json\/wp\/v2\/product\/5096","targetHints":{"allow":["GET"]}}],"collection":[{"href":"https:\/\/diebuchmacherei.de\/de_de\/wp-json\/wp\/v2\/product"}],"about":[{"href":"https:\/\/diebuchmacherei.de\/de_de\/wp-json\/wp\/v2\/types\/product"}],"wp:featuredmedia":[{"embeddable":true,"href":"https:\/\/diebuchmacherei.de\/de_de\/wp-json\/wp\/v2\/media\/5099"}],"wp:attachment":[{"href":"https:\/\/diebuchmacherei.de\/de_de\/wp-json\/wp\/v2\/media?parent=5096"}],"wp:term":[{"taxonomy":"product_brand","embeddable":true,"href":"https:\/\/diebuchmacherei.de\/de_de\/wp-json\/wp\/v2\/product_brand?post=5096"},{"taxonomy":"product_cat","embeddable":true,"href":"https:\/\/diebuchmacherei.de\/de_de\/wp-json\/wp\/v2\/product_cat?post=5096"},{"taxonomy":"product_tag","embeddable":true,"href":"https:\/\/diebuchmacherei.de\/de_de\/wp-json\/wp\/v2\/product_tag?post=5096"}],"curies":[{"name":"wp","href":"https:\/\/api.w.org\/{rel}","templated":true}]}}