{"id":518,"date":"2015-05-06T18:53:36","date_gmt":"2015-05-06T16:53:36","guid":{"rendered":"http:\/\/www.diebuchmacherei.dev\/?post_type=product&#038;p=518"},"modified":"2026-02-15T15:48:47","modified_gmt":"2026-02-15T14:48:47","slug":"erwitte-wir-halten-den-betrieb-besetzt","status":"publish","type":"product","link":"https:\/\/diebuchmacherei.de\/de_de\/produkt\/erwitte-wir-halten-den-betrieb-besetzt\/","title":{"rendered":"Erwitte &#8211; &#8220;Wir halten den Betrieb besetzt&#8221;"},"content":{"rendered":"<p><strong>Geschichte und Aktualit\u00e4t der ersten Betriebsbesetzung in der Bundesrepublik<\/strong><\/p>\n<p>1975, fast am Ende des sogenannten \u201eRoten Jahrzehnts\u201c, wurde in einer Kleinstadt, dem westf\u00e4lischen Erwitte, Gewerkschaftsgeschichte geschrieben. Ein Teil der 150 Besch\u00e4ftigten des dortigen Zementwerkes Seibel &amp; S\u00f6hne \u2013 viele hatten in harter verschlei\u00dfender Arbeit und bei \u00fcberlangen Arbeitszeiten das Werk nach dem Krieg wiederaufgebaut \u2013 fanden sich pl\u00f6tzlich auf einer Entlassungsliste. Der Unternehmer reagierte damit auf die Folgen des Preiskriegs in der Zementindustrie. Das selbstherrliche Auftreten und der respektlose Umgang des Firmenchefs Clemens Seibel mit seiner \u201eGefolgschaft\u201c veranlasste die Arbeiter zu einem au\u00dfergew\u00f6hnlichen Schritt: Sie besetzten den Betrieb. Das war die erste Betriebsbesetzung in der Geschichte der Bundesrepublik. Wir haben zentrale Dokumente dieses Arbeitskampfes zusammengetragen, der auch ein Angriff auf das alleinige Verf\u00fcgungsrecht des Unternehmers \u00fcber sein Kapital war. Im Laufes dieses Konflikts wurden die Frauen der Zementwerker zu selbstbewussten Akteurinnen und begannen, ihre traditionellen Rollen zu hinterfragen. \u201eErwitte\u201c l\u00f6ste eine Prozesslawine aus, die \u00fcber ein Jahrzehnt dauerte und die Gewerkschaft IG Chemie-Papier-Keramik einen zweistelligen Millionenbetrag kostete. Ein Gro\u00dfteil dieser Summe im Schadensersatzprozess kann auch als abschreckende Strafe f\u00fcr die Verletzung der b\u00fcrgerlichen Eigentumsrechte angesehen werden. Dieses Urteil blieb nicht ohne Folgen f\u00fcr die weitere Politik der Gewerkschaften.<\/p>\n<p>Es ist enthalten in der beiliegenden CD, auf der insgesamt weitere Dokumente mit \u00fcber 190 Seiten zum Thema zur Verf\u00fcgung stehen.<\/p>\n<p>&nbsp;<\/p>\n","protected":false},"excerpt":{"rendered":"<p>Geschichte und Aktualit\u00e4t der ersten Betriebsbesetzung in der Bundesrepublik 1975, fast am Ende des sogenannten \u201eRoten Jahrzehnts\u201c, wurde in einer Kleinstadt, dem westf\u00e4lischen Erwitte, Gewerkschaftsgeschichte&hellip;<\/p>\n","protected":false},"featured_media":8437,"template":"","meta":{"_eb_attr":""},"product_brand":[],"product_cat":[8],"product_tag":[],"class_list":{"0":"post-518","1":"product","2":"type-product","3":"status-publish","4":"has-post-thumbnail","6":"product_cat-kaempfe","8":"first","9":"instock","10":"taxable","11":"shipping-taxable","12":"purchasable","13":"product-type-simple","14":"customify-col"},"_links":{"self":[{"href":"https:\/\/diebuchmacherei.de\/de_de\/wp-json\/wp\/v2\/product\/518","targetHints":{"allow":["GET"]}}],"collection":[{"href":"https:\/\/diebuchmacherei.de\/de_de\/wp-json\/wp\/v2\/product"}],"about":[{"href":"https:\/\/diebuchmacherei.de\/de_de\/wp-json\/wp\/v2\/types\/product"}],"wp:featuredmedia":[{"embeddable":true,"href":"https:\/\/diebuchmacherei.de\/de_de\/wp-json\/wp\/v2\/media\/8437"}],"wp:attachment":[{"href":"https:\/\/diebuchmacherei.de\/de_de\/wp-json\/wp\/v2\/media?parent=518"}],"wp:term":[{"taxonomy":"product_brand","embeddable":true,"href":"https:\/\/diebuchmacherei.de\/de_de\/wp-json\/wp\/v2\/product_brand?post=518"},{"taxonomy":"product_cat","embeddable":true,"href":"https:\/\/diebuchmacherei.de\/de_de\/wp-json\/wp\/v2\/product_cat?post=518"},{"taxonomy":"product_tag","embeddable":true,"href":"https:\/\/diebuchmacherei.de\/de_de\/wp-json\/wp\/v2\/product_tag?post=518"}],"curies":[{"name":"wp","href":"https:\/\/api.w.org\/{rel}","templated":true}]}}