{"id":5288,"date":"2023-09-17T21:33:04","date_gmt":"2023-09-17T19:33:04","guid":{"rendered":"https:\/\/diebuchmacherei.de\/?post_type=product&#038;p=5288"},"modified":"2026-02-15T15:30:11","modified_gmt":"2026-02-15T14:30:11","slug":"klassenlos-sozialer-widerstand-von-hartz-iv-bis-zu-den-teuerungsprotesten","status":"publish","type":"product","link":"https:\/\/diebuchmacherei.de\/de_de\/produkt\/klassenlos-sozialer-widerstand-von-hartz-iv-bis-zu-den-teuerungsprotesten\/","title":{"rendered":"KlassenLos &#8211; Sozialer Widerstand von Hartz IV bis zu den Teuerungsprotesten"},"content":{"rendered":"<p>\u201eHei\u00dfer Herbst\u201c, soziale Wut, gar Aufruhr aufgrund von Verarmung \u2013 was fu\u0308r die einen ein Schreckgespenst ist, kann fu\u0308r jene, die eine soziale und radikale \u00c4nderung der Verh\u00e4ltnisse anstreben, nur wu\u0308nschenswert sein. Der Sammelband liefert die Darstellung von 20 Jahren sozialen Widerstands gegen Verarmung.<br \/>\nVor der Hartz IV-Einfu\u0308hrung 2004 brachten arme Menschen besonders im Osten ihre angestaute Wut auf die Stra\u00dfe. Die Erfahrungen aus dieser Zeit machen deutlich, was m\u00f6glich w\u00e4re, wenn das individuelle Leiden an Armut in kollektiven Widerstand umschl\u00e4gt. 20 Jahre sp\u00e4ter rollt eine Teuerungswelle u\u0308ber Deutschland, doch der \u201erevolution\u00e4re\u201c Funke zu\u0308ndet nicht. Arme Bev\u00f6lkerungskreise, die am meisten unter Inflation und Preissteigerung leiden, halten sich zuru\u0308ck, fu\u0308hlen sich weder von linken Protestformen inspiriert, noch von rechten Aufm\u00e4rschen angesprochen.<br \/>\nEs zeigt sich nicht zum ersten Mal, \u201edass die Krisensituation, die materielles Elend schafft, nicht an sich selber die Revolution produziert.\u201c (Hans-Ju\u0308rgen Krahl)<\/p>\n","protected":false},"excerpt":{"rendered":"<p>\u201eHei\u00dfer Herbst\u201c, soziale Wut, gar Aufruhr aufgrund von Verarmung \u2013 was fu\u0308r die einen ein Schreckgespenst ist, kann fu\u0308r jene, die eine soziale und radikale&hellip;<\/p>\n","protected":false},"featured_media":5289,"template":"","meta":{"_eb_attr":""},"product_brand":[],"product_cat":[8],"product_tag":[],"class_list":{"0":"post-5288","1":"product","2":"type-product","3":"status-publish","4":"has-post-thumbnail","6":"product_cat-kaempfe","8":"first","9":"instock","10":"taxable","11":"shipping-taxable","12":"purchasable","13":"product-type-simple","14":"customify-col"},"_links":{"self":[{"href":"https:\/\/diebuchmacherei.de\/de_de\/wp-json\/wp\/v2\/product\/5288","targetHints":{"allow":["GET"]}}],"collection":[{"href":"https:\/\/diebuchmacherei.de\/de_de\/wp-json\/wp\/v2\/product"}],"about":[{"href":"https:\/\/diebuchmacherei.de\/de_de\/wp-json\/wp\/v2\/types\/product"}],"wp:featuredmedia":[{"embeddable":true,"href":"https:\/\/diebuchmacherei.de\/de_de\/wp-json\/wp\/v2\/media\/5289"}],"wp:attachment":[{"href":"https:\/\/diebuchmacherei.de\/de_de\/wp-json\/wp\/v2\/media?parent=5288"}],"wp:term":[{"taxonomy":"product_brand","embeddable":true,"href":"https:\/\/diebuchmacherei.de\/de_de\/wp-json\/wp\/v2\/product_brand?post=5288"},{"taxonomy":"product_cat","embeddable":true,"href":"https:\/\/diebuchmacherei.de\/de_de\/wp-json\/wp\/v2\/product_cat?post=5288"},{"taxonomy":"product_tag","embeddable":true,"href":"https:\/\/diebuchmacherei.de\/de_de\/wp-json\/wp\/v2\/product_tag?post=5288"}],"curies":[{"name":"wp","href":"https:\/\/api.w.org\/{rel}","templated":true}]}}