{"id":5355,"date":"2023-10-14T10:48:42","date_gmt":"2023-10-14T08:48:42","guid":{"rendered":"https:\/\/diebuchmacherei.de\/?post_type=product&#038;p=5355"},"modified":"2026-02-15T14:45:39","modified_gmt":"2026-02-15T13:45:39","slug":"biografisches-lexikon-des-deutschen-raetekommunismus-1920-1960","status":"publish","type":"product","link":"https:\/\/diebuchmacherei.de\/de_de\/produkt\/biografisches-lexikon-des-deutschen-raetekommunismus-1920-1960\/","title":{"rendered":"Biografisches Lexikon des deutschen R\u00e4tekommunismus 1920-1960  (Erw. 2. Auflage)"},"content":{"rendered":"<p>Das vorliegende biografische Lexikon \u2013 es umfasst 634 Eintragungen \u2013 erlaubt einen vertieften Zugang zur Geschichte des deutschen R\u00e4tekommunismus. Die hier zusammengetragenen biografischen Daten und Einblicke in das Denken der aufgesp\u00fcrten Akteur:innen k\u00f6nnen das Verst\u00e4ndnis f\u00fcr diese kurzzeitig bedeutende Str\u00f6mung der deutschen Arbeiterbewegung f\u00f6rdern.<br \/>\nSie machen verst\u00e4ndlich, warum Menschen zu dieser politischen Richtung stie\u00dfen, was sie zusammenhielt, aber auch wor\u00fcber sie sich entzweiten. Es wird nachvollziehbar, warum der R\u00e4tekommunismus f\u00fcr viele nur eine biografische Station blieb, dem ganz unterschiedliche Umorientierungen folgten.<\/p>\n<p>Nicht zuletzt wollen wir mit dem Buch die Erinnerung an den Opfermut und das Leid der f\u00fcr eine menschlichere Gesellschaft engagierten Aktivist:innen wachhalten.<\/p>\n","protected":false},"excerpt":{"rendered":"<p>Das vorliegende biografische Lexikon \u2013 es umfasst 634 Eintragungen \u2013 erlaubt einen vertieften Zugang zur Geschichte des deutschen R\u00e4tekommunismus. Die hier zusammengetragenen biografischen Daten und&hellip;<\/p>\n","protected":false},"featured_media":5356,"template":"","meta":{"_eb_attr":""},"product_brand":[],"product_cat":[9],"product_tag":[],"class_list":{"0":"post-5355","1":"product","2":"type-product","3":"status-publish","4":"has-post-thumbnail","6":"product_cat-utopien","8":"first","9":"instock","10":"taxable","11":"shipping-taxable","12":"purchasable","13":"product-type-simple","14":"customify-col"},"_links":{"self":[{"href":"https:\/\/diebuchmacherei.de\/de_de\/wp-json\/wp\/v2\/product\/5355","targetHints":{"allow":["GET"]}}],"collection":[{"href":"https:\/\/diebuchmacherei.de\/de_de\/wp-json\/wp\/v2\/product"}],"about":[{"href":"https:\/\/diebuchmacherei.de\/de_de\/wp-json\/wp\/v2\/types\/product"}],"wp:featuredmedia":[{"embeddable":true,"href":"https:\/\/diebuchmacherei.de\/de_de\/wp-json\/wp\/v2\/media\/5356"}],"wp:attachment":[{"href":"https:\/\/diebuchmacherei.de\/de_de\/wp-json\/wp\/v2\/media?parent=5355"}],"wp:term":[{"taxonomy":"product_brand","embeddable":true,"href":"https:\/\/diebuchmacherei.de\/de_de\/wp-json\/wp\/v2\/product_brand?post=5355"},{"taxonomy":"product_cat","embeddable":true,"href":"https:\/\/diebuchmacherei.de\/de_de\/wp-json\/wp\/v2\/product_cat?post=5355"},{"taxonomy":"product_tag","embeddable":true,"href":"https:\/\/diebuchmacherei.de\/de_de\/wp-json\/wp\/v2\/product_tag?post=5355"}],"curies":[{"name":"wp","href":"https:\/\/api.w.org\/{rel}","templated":true}]}}