{"id":5400,"date":"2023-11-11T22:11:10","date_gmt":"2023-11-11T21:11:10","guid":{"rendered":"https:\/\/diebuchmacherei.de\/?post_type=product&#038;p=5400"},"modified":"2025-08-31T21:45:48","modified_gmt":"2025-08-31T19:45:48","slug":"gegen-den-antisemitismus-und-fuer-die-rechte-des-palaestinensischen-volkes","status":"publish","type":"product","link":"https:\/\/diebuchmacherei.de\/de_de\/produkt\/gegen-den-antisemitismus-und-fuer-die-rechte-des-palaestinensischen-volkes\/","title":{"rendered":"Gegen den Antisemitismus und f\u00fcr die Rechte des pal\u00e4stinensischen Volkes"},"content":{"rendered":"<p>Pierre Stambul, Ko-Pr\u00e4sident der J\u00fcdischen franz\u00f6sischen Union f\u00fcr den Frieden (Union juive francaise pour la Paix, UJFP), erkl\u00e4rt hier in knappster Form die Geschichte des Antisemitismus, die Entstehung des Zionismus, die Kolonisierung Pal\u00e4stinas und die Gr\u00fcndung des Staates Israel. Der Autor zeichnet den Weg seiner antifaschistischen Familie von den Pogromen in Bessarabien in die franz\u00f6sische Resistance nach \u2013 und seine eigene Entwicklung vom Kibbuzbegeisterten jungen Juden zum Antizionisten, zum Vertreter eines universellen Judentums, dessen Emanzipation nur \u00fcber die Emanzipation der Menschheit verlaufen kann. Die UJFP setzt sich f\u00fcr die Rechte der Pal\u00e4stinenser ein. Die Buchmacherei m\u00f6chte mit dieser kompakten Streitschrift die gegenw\u00e4rtige Debatte um die Eskalation der Gewalt im Nahen Osten f\u00f6rdern. Im Verlag gibt es dazu \u2013 wie in der Linken \u00fcberhaupt \u2013 verschiedene Ansichten. Ein weiterer Aufsatzband soll diese Differenzen diskutierbar machen.<\/p>\n","protected":false},"excerpt":{"rendered":"<p>Pierre Stambul, Ko-Pr\u00e4sident der J\u00fcdischen franz\u00f6sischen Union f\u00fcr den Frieden (Union juive francaise pour la Paix, UJFP), erkl\u00e4rt hier in knappster Form die Geschichte des&hellip;<\/p>\n","protected":false},"featured_media":8274,"template":"","meta":{"_eb_attr":""},"product_brand":[],"product_cat":[99],"product_tag":[],"class_list":{"0":"post-5400","1":"product","2":"type-product","3":"status-publish","4":"has-post-thumbnail","6":"product_cat-krieg-frieden","8":"first","9":"instock","10":"taxable","11":"shipping-taxable","12":"purchasable","13":"product-type-simple","14":"customify-col"},"_links":{"self":[{"href":"https:\/\/diebuchmacherei.de\/de_de\/wp-json\/wp\/v2\/product\/5400","targetHints":{"allow":["GET"]}}],"collection":[{"href":"https:\/\/diebuchmacherei.de\/de_de\/wp-json\/wp\/v2\/product"}],"about":[{"href":"https:\/\/diebuchmacherei.de\/de_de\/wp-json\/wp\/v2\/types\/product"}],"wp:featuredmedia":[{"embeddable":true,"href":"https:\/\/diebuchmacherei.de\/de_de\/wp-json\/wp\/v2\/media\/8274"}],"wp:attachment":[{"href":"https:\/\/diebuchmacherei.de\/de_de\/wp-json\/wp\/v2\/media?parent=5400"}],"wp:term":[{"taxonomy":"product_brand","embeddable":true,"href":"https:\/\/diebuchmacherei.de\/de_de\/wp-json\/wp\/v2\/product_brand?post=5400"},{"taxonomy":"product_cat","embeddable":true,"href":"https:\/\/diebuchmacherei.de\/de_de\/wp-json\/wp\/v2\/product_cat?post=5400"},{"taxonomy":"product_tag","embeddable":true,"href":"https:\/\/diebuchmacherei.de\/de_de\/wp-json\/wp\/v2\/product_tag?post=5400"}],"curies":[{"name":"wp","href":"https:\/\/api.w.org\/{rel}","templated":true}]}}