{"id":5479,"date":"2023-12-25T17:01:44","date_gmt":"2023-12-25T16:01:44","guid":{"rendered":"https:\/\/diebuchmacherei.de\/?post_type=product&#038;p=5479"},"modified":"2025-09-03T14:17:08","modified_gmt":"2025-09-03T12:17:08","slug":"marx-in-paris-1871","status":"publish","type":"product","link":"https:\/\/diebuchmacherei.de\/de_de\/produkt\/marx-in-paris-1871\/","title":{"rendered":"Marx in Paris, 1871"},"content":{"rendered":"<p>Aus Karl Marx eine Romanfigur zu machen ist eine k\u00fchne, aber verlockende Idee, so sehr ist das Leben des Theoretikers und Revolution\u00e4rs mit den Umw\u00e4lzungen seiner Zeit verbunden. Die Autoren malen sich aus, dass ein Nachkomme der Familie Longuet ein Notizbuch entdeckt hat: die Erz\u00e4hlung von Jenny, die Tochter von Marx, \u00fcber einen klandestinen Aufenthalt in Paris w\u00e4hrend der Pariser Kommune. F\u00fcr sie stellt es die Gelegenheit dar, einige ihrer Protagonisten zu treffen, sich f\u00fcr die stattfindende Revolution zu begeistern, aus ihren Erfahrungen zu lernen, zu analysieren. Die Erz\u00e4hlung dieses Aufenthaltes wird von Jenny schwungvoll, intelligent und emotionsgeladen wiedergegeben, dabei \u00fcber ihren Vater mit Z\u00e4rtlichkeit und einem gelegentlichen Schuss Ironie sprechend. F\u00fcr die Leserinnen und Leser ist diese Erz\u00e4hlung eine lebendige und herzliche Form, in die Geschichte dieser Revolution einzusteigen, die nichts von ihrer inspirierenden Macht verloren hat. Wir haben das 2021 erschienene Buch aus dem Franz\u00f6sischen \u00fcbersetzt.<\/p>\n","protected":false},"excerpt":{"rendered":"<p>Aus Karl Marx eine Romanfigur zu machen ist eine k\u00fchne, aber verlockende Idee, so sehr ist das Leben des Theoretikers und Revolution\u00e4rs mit den Umw\u00e4lzungen&hellip;<\/p>\n","protected":false},"featured_media":5480,"template":"","meta":{"_eb_attr":""},"product_brand":[],"product_cat":[85],"product_tag":[],"class_list":{"0":"post-5479","1":"product","2":"type-product","3":"status-publish","4":"has-post-thumbnail","6":"product_cat-kapitalismuskritik","8":"first","9":"instock","10":"taxable","11":"shipping-taxable","12":"purchasable","13":"product-type-simple","14":"customify-col"},"_links":{"self":[{"href":"https:\/\/diebuchmacherei.de\/de_de\/wp-json\/wp\/v2\/product\/5479","targetHints":{"allow":["GET"]}}],"collection":[{"href":"https:\/\/diebuchmacherei.de\/de_de\/wp-json\/wp\/v2\/product"}],"about":[{"href":"https:\/\/diebuchmacherei.de\/de_de\/wp-json\/wp\/v2\/types\/product"}],"wp:featuredmedia":[{"embeddable":true,"href":"https:\/\/diebuchmacherei.de\/de_de\/wp-json\/wp\/v2\/media\/5480"}],"wp:attachment":[{"href":"https:\/\/diebuchmacherei.de\/de_de\/wp-json\/wp\/v2\/media?parent=5479"}],"wp:term":[{"taxonomy":"product_brand","embeddable":true,"href":"https:\/\/diebuchmacherei.de\/de_de\/wp-json\/wp\/v2\/product_brand?post=5479"},{"taxonomy":"product_cat","embeddable":true,"href":"https:\/\/diebuchmacherei.de\/de_de\/wp-json\/wp\/v2\/product_cat?post=5479"},{"taxonomy":"product_tag","embeddable":true,"href":"https:\/\/diebuchmacherei.de\/de_de\/wp-json\/wp\/v2\/product_tag?post=5479"}],"curies":[{"name":"wp","href":"https:\/\/api.w.org\/{rel}","templated":true}]}}