{"id":5678,"date":"2024-03-16T15:30:42","date_gmt":"2024-03-16T14:30:42","guid":{"rendered":"https:\/\/diebuchmacherei.de\/?post_type=product&#038;p=5678"},"modified":"2026-02-15T15:29:32","modified_gmt":"2026-02-15T14:29:32","slug":"spuren-der-solidaritaet","status":"publish","type":"product","link":"https:\/\/diebuchmacherei.de\/de_de\/produkt\/spuren-der-solidaritaet\/","title":{"rendered":"Spuren der Solidarit\u00e4t"},"content":{"rendered":"<p><strong>Betriebliche Organisierung am Beispiel der Industrial Workers of the World (IWW)<\/strong><\/p>\n<p>Betriebliche Organisierung ist schwer. Wir verbringen Stunden und Stunden in Gespr\u00e4chen mit Kolleg*innen, f\u00fchren Aktionen durch und scheitern in den meisten F\u00e4llen. Wir fallen hin, stehen wieder auf und probieren es aufs Neue. Dieser Prozess wird selten so verstanden als das, was er ist: ein Teil dessen, was Arbeiter*innen tun, um ihr Stellung im Kapitalismus zu verstehen und zu verbessern.<br \/>\n&#8220;Spuren der Solidarit\u00e4t&#8221; bietet einen seltenen Einblick in den Lern- und Diskussionsprozess aktiver Gewerkschafter*innen und betrieblich Aktiver. Die Texte sind \u00fcberwiegend im Umfeld der weltweiten Basisgewerkschaft Industrial Workers of the Wolrd (IWW) entstanden und beinhalten Geschichten, Analysen und Strategiedebatten aus einer Handvoll verschiedener L\u00e4nder. Darin beschreiben sie vergangene und aktuelle Organisierungskampagnen, wie es ist, zu gewinnen und zu verlieren und wie sich daraus ein systematisches Bildungsprogramm entwickelte, das heute erfolgreich den Kern betrieblicher Organisierung in den weltweiten Sektionen der IWW darstellt.<br \/>\nDie Autor*innensind keine professionellen Schriftsteller*innen oder Aktivist*innen, sondern Arbeiter*innen, die \u00fcber ihre Erfahrungen und Hoffnungen nachdenken sowie dar\u00fcber, wie sich ihre Situation verbessern l\u00e4sst. Mit der Darstellung ihres Lernprozesses zeigen sie Lehren aus der Misere am Arbeitsplatz auf und er\u00f6ffnen neue Wege und Perspektiven f\u00fcr gesellschaftliche Ver\u00e4nderung und eine neue Welt.<\/p>\n<p><a href=\"https:\/\/spuren.cc\/\" target=\"_blank\" rel=\"noopener\">Weitere Infos:<\/a><\/p>\n","protected":false},"excerpt":{"rendered":"<p>Betriebliche Organisierung am Beispiel der Industrial Workers of the World (IWW) Betriebliche Organisierung ist schwer. Wir verbringen Stunden und Stunden in Gespr\u00e4chen mit Kolleg*innen, f\u00fchren&hellip;<\/p>\n","protected":false},"featured_media":5679,"template":"","meta":{"_eb_attr":""},"product_brand":[],"product_cat":[8],"product_tag":[],"class_list":{"0":"post-5678","1":"product","2":"type-product","3":"status-publish","4":"has-post-thumbnail","6":"product_cat-kaempfe","8":"first","9":"instock","10":"taxable","11":"shipping-taxable","12":"purchasable","13":"product-type-simple","14":"customify-col"},"_links":{"self":[{"href":"https:\/\/diebuchmacherei.de\/de_de\/wp-json\/wp\/v2\/product\/5678","targetHints":{"allow":["GET"]}}],"collection":[{"href":"https:\/\/diebuchmacherei.de\/de_de\/wp-json\/wp\/v2\/product"}],"about":[{"href":"https:\/\/diebuchmacherei.de\/de_de\/wp-json\/wp\/v2\/types\/product"}],"wp:featuredmedia":[{"embeddable":true,"href":"https:\/\/diebuchmacherei.de\/de_de\/wp-json\/wp\/v2\/media\/5679"}],"wp:attachment":[{"href":"https:\/\/diebuchmacherei.de\/de_de\/wp-json\/wp\/v2\/media?parent=5678"}],"wp:term":[{"taxonomy":"product_brand","embeddable":true,"href":"https:\/\/diebuchmacherei.de\/de_de\/wp-json\/wp\/v2\/product_brand?post=5678"},{"taxonomy":"product_cat","embeddable":true,"href":"https:\/\/diebuchmacherei.de\/de_de\/wp-json\/wp\/v2\/product_cat?post=5678"},{"taxonomy":"product_tag","embeddable":true,"href":"https:\/\/diebuchmacherei.de\/de_de\/wp-json\/wp\/v2\/product_tag?post=5678"}],"curies":[{"name":"wp","href":"https:\/\/api.w.org\/{rel}","templated":true}]}}