{"id":5703,"date":"2024-03-23T14:40:53","date_gmt":"2024-03-23T13:40:53","guid":{"rendered":"https:\/\/diebuchmacherei.de\/?post_type=product&#038;p=5703"},"modified":"2025-08-31T21:44:32","modified_gmt":"2025-08-31T19:44:32","slug":"causa-mercedes-benz","status":"publish","type":"product","link":"https:\/\/diebuchmacherei.de\/de_de\/produkt\/causa-mercedes-benz\/","title":{"rendered":"Causa Mercedes-Benz"},"content":{"rendered":"<p>Milit\u00e4rdiktaturen sind nicht nur das Werk einer Soldateska, die nicht vor Folter und Mord zur\u00fcckschreckt und sich auf rohe Gewalt st\u00fctzt. Ihre Stabilit\u00e4t beruht auch auf der Existenz einflussreicher Komplizen und verm\u00f6gender Profiteure, die sich bem\u00fchen, im Dunkeln zu bleiben. Die deutsch-argentinische Journalistin Gaby Weber hat sich damit am Beispiel des Daimler-Konzerns in Argentinien \u00fcber Jahrzehnte befasst. Sie machte dieses Zusammenspiel transparent und versuchte, die daf\u00fcr Verantwortlichen vor Gericht zu bringen. Im vorliegenden Buch legt sie dar\u00fcber Rechenschaft ab.<\/p>\n<p>Der Fall der ermordeten Betriebsr\u00e4te von Mercedes-Benz Argentina (MBA) ist ein Schandfleck der globalen Justiz. Der Oberste Gerichtshof der USA verbot der Richterschaft Kaliforniens die Er\u00f6ffnung des Verfahrens. F\u00fcr die Staatsanwaltschaft N\u00fcrnberg waren die aus dem Folterzentrum verschwundenen Gewerkschafter nicht tot; sie stellte das Verfahren ein. In Argentinien weigert sich die Justiz seit 22 Jahren, einen Verhandlungstermin anzusetzen.<\/p>\n<p>Trotzdem zeigt die \u201eCausa Mercedes-Benz\u201c wie kaum eine andere die Erfolge der nichtinstitutionellen Zusammenarbeit von Journalisten, Juristen und Gewerkschaftern \u00fcber Jahre und Kontinente hinweg. Daimler sollte f\u00fcr seine Verbrechen auf der s\u00fcdlichen Halbkugel zur Rechenschaft gezogen werden. Dies ist juristisch misslungen und politisch gelungen.<\/p>\n<p>Die Kampagne wurde nicht von den gro\u00dfen Menschenrechts-Organisationen vorangebracht, sondern von Einzelpersonen. Dann wurde sie von der Menschenrechts-B\u00fcrokratie gekapert und endete als Karteileiche. Und im Argentinien des neuen rechtsradikalen Pr\u00e4sidenten Javier Milei ist f\u00fcr Gerechtigkeit kein Platz mehr. Oder wird am Ende die Mercedes-Benz-Group doch noch auf der Anklagebank landen?<\/p>\n","protected":false},"excerpt":{"rendered":"<p>Milit\u00e4rdiktaturen sind nicht nur das Werk einer Soldateska, die nicht vor Folter und Mord zur\u00fcckschreckt und sich auf rohe Gewalt st\u00fctzt. Ihre Stabilit\u00e4t beruht auch&hellip;<\/p>\n","protected":false},"featured_media":5704,"template":"","meta":{"_eb_attr":""},"product_brand":[],"product_cat":[84],"product_tag":[],"class_list":{"0":"post-5703","1":"product","2":"type-product","3":"status-publish","4":"has-post-thumbnail","6":"product_cat-lebendiger-antifaschismus","8":"first","9":"instock","10":"taxable","11":"shipping-taxable","12":"purchasable","13":"product-type-simple","14":"customify-col"},"_links":{"self":[{"href":"https:\/\/diebuchmacherei.de\/de_de\/wp-json\/wp\/v2\/product\/5703","targetHints":{"allow":["GET"]}}],"collection":[{"href":"https:\/\/diebuchmacherei.de\/de_de\/wp-json\/wp\/v2\/product"}],"about":[{"href":"https:\/\/diebuchmacherei.de\/de_de\/wp-json\/wp\/v2\/types\/product"}],"wp:featuredmedia":[{"embeddable":true,"href":"https:\/\/diebuchmacherei.de\/de_de\/wp-json\/wp\/v2\/media\/5704"}],"wp:attachment":[{"href":"https:\/\/diebuchmacherei.de\/de_de\/wp-json\/wp\/v2\/media?parent=5703"}],"wp:term":[{"taxonomy":"product_brand","embeddable":true,"href":"https:\/\/diebuchmacherei.de\/de_de\/wp-json\/wp\/v2\/product_brand?post=5703"},{"taxonomy":"product_cat","embeddable":true,"href":"https:\/\/diebuchmacherei.de\/de_de\/wp-json\/wp\/v2\/product_cat?post=5703"},{"taxonomy":"product_tag","embeddable":true,"href":"https:\/\/diebuchmacherei.de\/de_de\/wp-json\/wp\/v2\/product_tag?post=5703"}],"curies":[{"name":"wp","href":"https:\/\/api.w.org\/{rel}","templated":true}]}}