{"id":5783,"date":"2024-04-22T16:17:41","date_gmt":"2024-04-22T14:17:41","guid":{"rendered":"https:\/\/diebuchmacherei.de\/?post_type=product&#038;p=5783"},"modified":"2026-02-15T16:05:54","modified_gmt":"2026-02-15T15:05:54","slug":"der-weg-in-die-ns-diktatur","status":"publish","type":"product","link":"https:\/\/diebuchmacherei.de\/de_de\/produkt\/der-weg-in-die-ns-diktatur\/","title":{"rendered":"Der Weg in die NS-Diktatur"},"content":{"rendered":"<p>Nach der Wiederherausgabe des von William Sheridan Allen verfassten Buches &#8220;Das haben wir nicht gewollt!, das den Weg der Weimarer Republik in den Faschismus am Beispiel der nieders\u00e4chsischen Kleinstadt Northeim untersuchte, schieben wir jetzt als deutsche Erstver\u00f6ffentlichung einen Folgeband nach. Der Autor David E. Arns, ein Doktorant Allens, stellte sich die gleiche Aufgabe beim hessischen Pfungstadt. Interessant sind die Parallelen aber auch die Unterschiede in Bezug auf die wirtschaftlichen Strukturen und Kampfbedingungen im demokratischen Lager. Angeregt von Allen und seiner damaligen Ehefrau Gudrun untersuchte und analysierte Arns 1972 die erfolgreiche Zerst\u00f6rung der Republik durch die Rechte. Gerade auch im Vergleich zu Northeim, in dem sich fr\u00fcher eine politische Mehrheit f\u00fcr die Nazis abzeichnete, konnte Pfungstadt erst nach der Macht\u00fcbertragung an die NSDAP im Januar 1933 durch \u00e4u\u00dfere Gewalt genommen werden. Sozialdemokraten und Kommunisten erkannten ihre Situation und schufen die Arbeitereinheitsfront. Arns konnte noch viele Zeitzeugen befragen, auch aus bu\u0308rgerlichen Kreisen, die den Nazis den Weg ebneten. Berlin ist nicht Weimar. Doch die historischen Erfahrungen zeigen: Lange politisch stabile Verh\u00e4ltnissse k\u00f6nnen sehr schnell kippen und Demokratiefeinden und Rassisten ungeahnte Chancen er\u00f6ffnenn, wenn wir diese nicht entschlossen vereiteln. Es gibt aber auch Wege, das zeigt insbesondere Pfungstadt, dies zu verhindern. Nie wieder ist jetzt und Geschichte kann lehrreich sein!<\/p>\n","protected":false},"excerpt":{"rendered":"<p>Nach der Wiederherausgabe des von William Sheridan Allen verfassten Buches &#8220;Das haben wir nicht gewollt!, das den Weg der Weimarer Republik in den Faschismus am&hellip;<\/p>\n","protected":false},"featured_media":5784,"template":"","meta":{"_eb_attr":""},"product_brand":[],"product_cat":[84],"product_tag":[],"class_list":{"0":"post-5783","1":"product","2":"type-product","3":"status-publish","4":"has-post-thumbnail","6":"product_cat-lebendiger-antifaschismus","8":"first","9":"instock","10":"taxable","11":"shipping-taxable","12":"purchasable","13":"product-type-simple","14":"customify-col"},"_links":{"self":[{"href":"https:\/\/diebuchmacherei.de\/de_de\/wp-json\/wp\/v2\/product\/5783","targetHints":{"allow":["GET"]}}],"collection":[{"href":"https:\/\/diebuchmacherei.de\/de_de\/wp-json\/wp\/v2\/product"}],"about":[{"href":"https:\/\/diebuchmacherei.de\/de_de\/wp-json\/wp\/v2\/types\/product"}],"wp:featuredmedia":[{"embeddable":true,"href":"https:\/\/diebuchmacherei.de\/de_de\/wp-json\/wp\/v2\/media\/5784"}],"wp:attachment":[{"href":"https:\/\/diebuchmacherei.de\/de_de\/wp-json\/wp\/v2\/media?parent=5783"}],"wp:term":[{"taxonomy":"product_brand","embeddable":true,"href":"https:\/\/diebuchmacherei.de\/de_de\/wp-json\/wp\/v2\/product_brand?post=5783"},{"taxonomy":"product_cat","embeddable":true,"href":"https:\/\/diebuchmacherei.de\/de_de\/wp-json\/wp\/v2\/product_cat?post=5783"},{"taxonomy":"product_tag","embeddable":true,"href":"https:\/\/diebuchmacherei.de\/de_de\/wp-json\/wp\/v2\/product_tag?post=5783"}],"curies":[{"name":"wp","href":"https:\/\/api.w.org\/{rel}","templated":true}]}}