{"id":5890,"date":"2024-05-31T18:29:48","date_gmt":"2024-05-31T16:29:48","guid":{"rendered":"https:\/\/diebuchmacherei.de\/?post_type=product&#038;p=5890"},"modified":"2025-08-31T21:44:09","modified_gmt":"2025-08-31T19:44:09","slug":"der-gentleman-mit-dem-tiger-unter-dem-bett","status":"publish","type":"product","link":"https:\/\/diebuchmacherei.de\/de_de\/produkt\/der-gentleman-mit-dem-tiger-unter-dem-bett\/","title":{"rendered":"Der Gentleman mit dem Tiger unter dem Bett"},"content":{"rendered":"<p>Das vorliegende B\u00fcchlein hat Seltenheitswert. Es stammt nicht aus der Feder einer Journalistin, die sich ein interessantes Thema vorkn\u00f6pft, in das sie sich hier nach einigen Recherchen hineindenken kann. Geschrieben hat es eine Frau, die \u00fcber 30 Jahre in der mobilen Pflege gearbeitet hat und hier Zeugnis ablegt, \u00fcber die Natur dieser Arbeit. Pflege, das ist eigentlich ein Thema, \u00fcber dessen gesellschaftliche Rahmenbedingungen viel diskutiert wird und \u00fcber das sich einige der \u00c4lteren durch das Betroffensein von Eltern oder Partner:innen eine Vorstellung machen konnten. Doch f\u00fcr sehr viele bleibt diese Erfahrung au\u00dfen vor. Die Aufzeichnungen der Autorin machen f\u00fchl- und begreifbar, was Pflege sozial und menschlich bedeutet \u2013 vor allem f\u00fcr diejenigen, die diese professionell leisten. Eva Knapp schreibt dazu; \u201eIn diesem Buch geht es um wahre Erlebnisse aus meiner 30-j\u00e4hrigen Arbeit in der H\u00e4uslichen Pflege. Alten- und Krankenpflege mit K\u00f6rperkraft und Listigkeit nebst Kreativit\u00e4t und Liebe zum Menschen. Die mir Anvertrauten, meist sehr betagte Menschen in ihrer h\u00e4uslichen Atmosph\u00e4re, und die Vielfalt der unterschiedlichen Lebenssituationen, mit meinem Herzen und starken Armen aufzufangen, war meine Aufgabe. Ich f\u00fchlte mich berufen und liebte es, Pflege an ihren K\u00f6rpern und Seelen zu gestalten. Oft gelang es mir, die Schwere der Lebensgeschichten, oft aus Kriegserfahrungen resultierende Bitterkeit nebst Demenzen unterschiedlicher Auspr\u00e4gung, mit Humor, Zuneigung und spielerischer Lockerheit einzufangen. Dabei half mir enorm der Schauspielunterricht und meine 20-j\u00e4hrige B\u00fchnenerfahrung als Kabarettistin. Denn, was da in den Wohnungen der Menschen alles als Pflege vonstatten ging, war manchmal b\u00fchnenreif. Das von der Autorin durch eigene Zeichnungen phantasievoll illustrierte \u201eArbeitszeugnis\u201c wird erg\u00e4nzt durch einen Beitrag eines f\u00fcr den Fachbereich verantwortlichen ver.di-Sekret\u00e4rs, der die gesellschaftlichen Rahmenbedingungen skizziert, die Eva Knapps Arbeit zugrundeliegen.<\/p>\n","protected":false},"excerpt":{"rendered":"<p>Das vorliegende B\u00fcchlein hat Seltenheitswert. Es stammt nicht aus der Feder einer Journalistin, die sich ein interessantes Thema vorkn\u00f6pft, in das sie sich hier nach&hellip;<\/p>\n","protected":false},"featured_media":5891,"template":"","meta":{"_eb_attr":""},"product_brand":[],"product_cat":[10],"product_tag":[],"class_list":{"0":"post-5890","1":"product","2":"type-product","3":"status-publish","4":"has-post-thumbnail","6":"product_cat-lebenswege","8":"first","9":"instock","10":"taxable","11":"shipping-taxable","12":"purchasable","13":"product-type-simple","14":"customify-col"},"_links":{"self":[{"href":"https:\/\/diebuchmacherei.de\/de_de\/wp-json\/wp\/v2\/product\/5890","targetHints":{"allow":["GET"]}}],"collection":[{"href":"https:\/\/diebuchmacherei.de\/de_de\/wp-json\/wp\/v2\/product"}],"about":[{"href":"https:\/\/diebuchmacherei.de\/de_de\/wp-json\/wp\/v2\/types\/product"}],"wp:featuredmedia":[{"embeddable":true,"href":"https:\/\/diebuchmacherei.de\/de_de\/wp-json\/wp\/v2\/media\/5891"}],"wp:attachment":[{"href":"https:\/\/diebuchmacherei.de\/de_de\/wp-json\/wp\/v2\/media?parent=5890"}],"wp:term":[{"taxonomy":"product_brand","embeddable":true,"href":"https:\/\/diebuchmacherei.de\/de_de\/wp-json\/wp\/v2\/product_brand?post=5890"},{"taxonomy":"product_cat","embeddable":true,"href":"https:\/\/diebuchmacherei.de\/de_de\/wp-json\/wp\/v2\/product_cat?post=5890"},{"taxonomy":"product_tag","embeddable":true,"href":"https:\/\/diebuchmacherei.de\/de_de\/wp-json\/wp\/v2\/product_tag?post=5890"}],"curies":[{"name":"wp","href":"https:\/\/api.w.org\/{rel}","templated":true}]}}