{"id":593,"date":"2015-08-26T08:53:13","date_gmt":"2015-08-26T06:53:13","guid":{"rendered":"http:\/\/diebuchmacherei.de\/?post_type=product&#038;p=593"},"modified":"2026-02-15T15:49:15","modified_gmt":"2026-02-15T14:49:15","slug":"tschikweiber-haums-uns-genennt-3","status":"publish","type":"product","link":"https:\/\/diebuchmacherei.de\/de_de\/produkt\/tschikweiber-haums-uns-genennt-3\/","title":{"rendered":"&#8220;Tschikweiber haums uns g&#8217;nennt&#8221;"},"content":{"rendered":"<p><strong>Leben und Kampf der Zigarrenarbeiterinnen von Hallein<\/strong><\/p>\n<p>Das vorliegende Buch ist eine Arbeit der \u00f6sterreichischen Historikerin Ingrid Bauer, die in den 1980er-Jahren ausf\u00fchrliche lebensgeschichtliche Gespr\u00e4che mit den sog. \u201eTschik-Weibern\u201c, f\u00fchrte, mit Frauen, die in der dortigen ArbeiterInnenbewegung eine bedeutende Rolle spielten. Starke Geschichten werden in diesem Buch lebendig. Sie erz\u00e4hlen von den Zw\u00e4ngen und Hoffnungen, von Anpassung und Widerstand der Frauen\/Arbeiterinnen, deren Lebensgeschichten verwoben sind mit den beiden Weltkriegen und der Herrschaft der Austrofaschisten und Nationalsozialisten. Und: Es sind Geschichten, die auch in der Gegenwart, in einer Zeit, in der es in vielen gesellschaftlichen Bereichen neuer Formen von Solidarit\u00e4t, wachem Widerstandsgeist und konstruktiven Einspr\u00fcchen bedarf, anregend bleiben.<\/p>\n<p>Die erweiterte Neuausgabe umfasst 326 Seiten und 37 Abbildungen.<\/p>\n<p><em>Dem Buch ist eine DVD beigelegt. Sie enth\u00e4lt das Textbuch zum Theaterst\u00fcck \u201eTschikweiber\u201c (Text &amp; Regie: Gerd Hartmann\/Christa Hassfurther, 2001). Dazu umfasst sie zwei Dokumentarfilme: \u201eNicht stillhalten, wenn Unrecht geschieht\u201c (Uwe Bolius\/Robert Angst, 2002) und \u201eFestveranstaltung zum 100. Geburtstag\u201c (Helfried Hassfurther). Die Filme widmen sich dem Leben der Halleiner Zigarrenarbeiterin, Betriebsr\u00e4tin und Widerstandsk\u00e4mpferin Agnes Primocic.<\/em><\/p>\n<p>Die Daten-DVD ist f\u00fcr das Abspielen im DVD-Laufwerk eines Computers vorgesehen.<\/p>\n<p>Achtung! F\u00fcr Buchh\u00e4ndler aus \u00d6sterreich: Portofrei k\u00f6nnen wir mit dem \u00fcblichen Rabatt nur liefern, wenn mindestens drei Exemplare bestellt werden.<\/p>\n","protected":false},"excerpt":{"rendered":"<p>Leben und Kampf der Zigarrenarbeiterinnen von Hallein Das vorliegende Buch ist eine Arbeit der \u00f6sterreichischen Historikerin Ingrid Bauer, die in den 1980er-Jahren ausf\u00fchrliche lebensgeschichtliche Gespr\u00e4che&hellip;<\/p>\n","protected":false},"featured_media":8438,"template":"","meta":{"_eb_attr":""},"product_brand":[],"product_cat":[8],"product_tag":[],"class_list":{"0":"post-593","1":"product","2":"type-product","3":"status-publish","4":"has-post-thumbnail","6":"product_cat-kaempfe","8":"first","9":"instock","10":"taxable","11":"shipping-taxable","12":"purchasable","13":"product-type-simple","14":"customify-col"},"_links":{"self":[{"href":"https:\/\/diebuchmacherei.de\/de_de\/wp-json\/wp\/v2\/product\/593","targetHints":{"allow":["GET"]}}],"collection":[{"href":"https:\/\/diebuchmacherei.de\/de_de\/wp-json\/wp\/v2\/product"}],"about":[{"href":"https:\/\/diebuchmacherei.de\/de_de\/wp-json\/wp\/v2\/types\/product"}],"wp:featuredmedia":[{"embeddable":true,"href":"https:\/\/diebuchmacherei.de\/de_de\/wp-json\/wp\/v2\/media\/8438"}],"wp:attachment":[{"href":"https:\/\/diebuchmacherei.de\/de_de\/wp-json\/wp\/v2\/media?parent=593"}],"wp:term":[{"taxonomy":"product_brand","embeddable":true,"href":"https:\/\/diebuchmacherei.de\/de_de\/wp-json\/wp\/v2\/product_brand?post=593"},{"taxonomy":"product_cat","embeddable":true,"href":"https:\/\/diebuchmacherei.de\/de_de\/wp-json\/wp\/v2\/product_cat?post=593"},{"taxonomy":"product_tag","embeddable":true,"href":"https:\/\/diebuchmacherei.de\/de_de\/wp-json\/wp\/v2\/product_tag?post=593"}],"curies":[{"name":"wp","href":"https:\/\/api.w.org\/{rel}","templated":true}]}}