{"id":60,"date":"2015-03-03T17:40:40","date_gmt":"2015-03-03T16:40:40","guid":{"rendered":"http:\/\/www.diebuchmacherei.dev\/?post_type=product&#038;p=60"},"modified":"2026-02-15T15:48:18","modified_gmt":"2026-02-15T14:48:18","slug":"macht-und-recht-im-betrieb-der-fall-bmw-berlin","status":"publish","type":"product","link":"https:\/\/diebuchmacherei.de\/de_de\/produkt\/macht-und-recht-im-betrieb-der-fall-bmw-berlin\/","title":{"rendered":"Macht und Recht im Betrieb Der &#8220;Fall BMW-Berlin&#8221;"},"content":{"rendered":"<p>Gewerkschaftliche Betriebsarbeit zwischen &#8220;gekaufter Vernunft&#8221;<br \/>\nund unbestechlichem Widerstand<\/p>\n<p>W\u00e4hrend sich die Bek\u00e4mpfung der Gewerkschaften in den USA zu einem milliardenschweren Gewerbe entwickelte, waren die dort angewandten Strategien des \u00bbUnion-Busting\u00ab hier noch weitgehend unbekannt. Dies hat sich in der Zwischenzeit jedoch deutlich ver\u00e4ndert. Eine aktuelle Studie der Otto-Brenner-Stiftung spricht \u201evon einer neuen Qualit\u00e4t antigewerkschaftlichen und mitbestimmungsfeindlichen Vorgehens\u201c in Deutschland.<\/p>\n<p>Das vorliegende Buch ist eine Reise in die Vergangenheit, zu den Anf\u00e4ngen dieser aggressiven Unternehmensstrategie. Ort der Handlung: das Motorradwerk der BMW AG in Berlin-Spandau. Zeitschiene: 1984-87. Zentrale Fragen: Sind nur noch Betriebsr\u00e4te und \u201aGewerkschafts\u2018-vertretungen erlaubt, die dem Unternehmen genehm sind? Kann es sich diese gleich selbst zusammensetzen?<\/p>\n<p>Das Buch dokumentiert eine dreij\u00e4hrige heftige Ausein\u00adandersetzung um die K\u00fcndigung von IG Metall-Betriebsr\u00e4ten. Diese konnten letztlich das Recht der Belegschaft, die eigene Interessenvertretung ohne fremde Einflussnahme zu w\u00e4hlen, erfolgreich verteidigen. Das Lehrst\u00fcck \u00fcber Macht und Recht im Betrieb wirft auch die Frage auf, wie Gewerkschaften ihre Autonomie verteidigen k\u00f6nnen und wie sie mit auseinander laufenden Interessen ihrer Mitglieder umgehen sollen.<\/p>\n<p>&nbsp;<\/p>\n","protected":false},"excerpt":{"rendered":"<p>Gewerkschaftliche Betriebsarbeit zwischen &#8220;gekaufter Vernunft&#8221; und unbestechlichem Widerstand W\u00e4hrend sich die Bek\u00e4mpfung der Gewerkschaften in den USA zu einem milliardenschweren Gewerbe entwickelte, waren die dort&hellip;<\/p>\n","protected":false},"featured_media":8439,"template":"","meta":{"_eb_attr":""},"product_brand":[],"product_cat":[8],"product_tag":[],"class_list":{"0":"post-60","1":"product","2":"type-product","3":"status-publish","4":"has-post-thumbnail","6":"product_cat-kaempfe","8":"first","9":"instock","10":"taxable","11":"shipping-taxable","12":"purchasable","13":"product-type-simple","14":"customify-col"},"_links":{"self":[{"href":"https:\/\/diebuchmacherei.de\/de_de\/wp-json\/wp\/v2\/product\/60","targetHints":{"allow":["GET"]}}],"collection":[{"href":"https:\/\/diebuchmacherei.de\/de_de\/wp-json\/wp\/v2\/product"}],"about":[{"href":"https:\/\/diebuchmacherei.de\/de_de\/wp-json\/wp\/v2\/types\/product"}],"wp:featuredmedia":[{"embeddable":true,"href":"https:\/\/diebuchmacherei.de\/de_de\/wp-json\/wp\/v2\/media\/8439"}],"wp:attachment":[{"href":"https:\/\/diebuchmacherei.de\/de_de\/wp-json\/wp\/v2\/media?parent=60"}],"wp:term":[{"taxonomy":"product_brand","embeddable":true,"href":"https:\/\/diebuchmacherei.de\/de_de\/wp-json\/wp\/v2\/product_brand?post=60"},{"taxonomy":"product_cat","embeddable":true,"href":"https:\/\/diebuchmacherei.de\/de_de\/wp-json\/wp\/v2\/product_cat?post=60"},{"taxonomy":"product_tag","embeddable":true,"href":"https:\/\/diebuchmacherei.de\/de_de\/wp-json\/wp\/v2\/product_tag?post=60"}],"curies":[{"name":"wp","href":"https:\/\/api.w.org\/{rel}","templated":true}]}}