{"id":6024,"date":"2024-08-31T08:21:21","date_gmt":"2024-08-31T06:21:21","guid":{"rendered":"https:\/\/diebuchmacherei.de\/?post_type=product&#038;p=6024"},"modified":"2026-02-15T14:41:25","modified_gmt":"2026-02-15T13:41:25","slug":"sterben-und-sterben-lassen","status":"publish","type":"product","link":"https:\/\/diebuchmacherei.de\/de_de\/produkt\/sterben-und-sterben-lassen\/","title":{"rendered":"Sterben und sterben lassen"},"content":{"rendered":"<p>Die russische Invasion in der Ukraine sorgte f\u00fcr gro\u00dfe Verwirrung innerhalb der Linken. Die NATO galt vielen pl\u00f6tzlich als Schutzmacht der Schwachen und Unterdr\u00fcckten. Gleiches wurde \u00fcber die ukrainische Armee behauptet, die als antifaschistische Guerilla inszeniert wurde, der man Opfer und Waffen erbringen m\u00fcsse. Der westliche Imperialismus schien \u00fcber Nacht rehabilitiert. Seine Staaten konnten, ohne nennenswerten Widerstand, zur massiven Aufr\u00fcstung \u00fcbergehen. Der Vorkrieg hatte begonnen. Gegen diesen neuen Militarismus will das Buch Widerspruch einlegen. So schafft der Krieg das Klassenverh\u00e4ltnis schlie\u00dflich nicht ab, sondern verst\u00e4rkt nur die bestehenden Widerspr\u00fcche. \u00dcber die Situation hinter den Frontlinien berichten ukrainische und russische Linke, die sich dem Ruf nach Landesverteidigung widersetzen und die, zusammen mit westlichen Linken, in diesem Buch f\u00fcr einen neuen Internationalismus gegen Krieg und Aufr\u00fcstung pl\u00e4dieren.<\/p>\n","protected":false},"excerpt":{"rendered":"<p>Die russische Invasion in der Ukraine sorgte f\u00fcr gro\u00dfe Verwirrung innerhalb der Linken. Die NATO galt vielen pl\u00f6tzlich als Schutzmacht der Schwachen und Unterdr\u00fcckten. Gleiches&hellip;<\/p>\n","protected":false},"featured_media":6177,"template":"","meta":{"_eb_attr":""},"product_brand":[],"product_cat":[99],"product_tag":[],"class_list":{"0":"post-6024","1":"product","2":"type-product","3":"status-publish","4":"has-post-thumbnail","6":"product_cat-krieg-frieden","8":"first","9":"instock","10":"taxable","11":"shipping-taxable","12":"purchasable","13":"product-type-simple","14":"customify-col"},"_links":{"self":[{"href":"https:\/\/diebuchmacherei.de\/de_de\/wp-json\/wp\/v2\/product\/6024","targetHints":{"allow":["GET"]}}],"collection":[{"href":"https:\/\/diebuchmacherei.de\/de_de\/wp-json\/wp\/v2\/product"}],"about":[{"href":"https:\/\/diebuchmacherei.de\/de_de\/wp-json\/wp\/v2\/types\/product"}],"wp:featuredmedia":[{"embeddable":true,"href":"https:\/\/diebuchmacherei.de\/de_de\/wp-json\/wp\/v2\/media\/6177"}],"wp:attachment":[{"href":"https:\/\/diebuchmacherei.de\/de_de\/wp-json\/wp\/v2\/media?parent=6024"}],"wp:term":[{"taxonomy":"product_brand","embeddable":true,"href":"https:\/\/diebuchmacherei.de\/de_de\/wp-json\/wp\/v2\/product_brand?post=6024"},{"taxonomy":"product_cat","embeddable":true,"href":"https:\/\/diebuchmacherei.de\/de_de\/wp-json\/wp\/v2\/product_cat?post=6024"},{"taxonomy":"product_tag","embeddable":true,"href":"https:\/\/diebuchmacherei.de\/de_de\/wp-json\/wp\/v2\/product_tag?post=6024"}],"curies":[{"name":"wp","href":"https:\/\/api.w.org\/{rel}","templated":true}]}}