{"id":63,"date":"2015-03-01T17:54:34","date_gmt":"2015-03-01T16:54:34","guid":{"rendered":"http:\/\/www.diebuchmacherei.dev\/?post_type=product&#038;p=63"},"modified":"2026-02-15T15:56:19","modified_gmt":"2026-02-15T14:56:19","slug":"wilder-streik-das-ist-revolution","status":"publish","type":"product","link":"https:\/\/diebuchmacherei.de\/de_de\/produkt\/wilder-streik-das-ist-revolution\/","title":{"rendered":"&#8220;Wilder Streik &#8211; das ist Revolution&#8221;"},"content":{"rendered":"<p>Der Streik der Arbeiterinnen bei Pierburg in Neuss 1973<\/p>\n<p>1973 haben in der damaligen Bundesrepublik fast 300 000 Arbeiterinnen und Arbeiter gestreikt. Ganz ohne Urabstimmung, meist gegen den Willen der Gewerkschaftsf\u00fchrungen. Es gab dabei schmerzliche Niederlagen, wie den Streik bei Ford in K\u00f6ln. Doch es gab auch ganz ungew\u00f6hnliche Erfolge. Dieses Buch erz\u00e4hlt die Geschichte eines Arbeitskampfes, der zu einem solchen Erfolg gef\u00fchrt hat. Es geht um den Streik bei Pierburg in Neuss. Es war der erste Frauenstreik. In ihm standen sich migrantische Arbeiterinnen und deutsche Facharbeiter nicht getrennt gegen\u00fcber, sondern handelten gemeinsam. Die Forderungen der Frauen wurden voll durchgesetzt und auch ein Rachefeldzug des Unternehmers vor Gericht scheiterte. Das Buch umfasst Dokumente der damaligen Zeit, die das verst\u00e4ndlich machen. Sie zeigen u.a., wie es gelang, sich Rechte zu nehmen, die man eigentlich nicht hat, ohne danach durch die Walze der Repression platt gemacht zu werden. Zudem ist dem Buch eine au\u00dfergew\u00f6hnliche Film-DVD beigelegt, die den damaligen Akteurinnen und Akteuren ein Gesicht gibt und ganz nebenbei den postfaschistischen Geist der Nachkriegsbundesrepublik dokumentiert.<\/p>\n<p>&nbsp;<\/p>\n","protected":false},"excerpt":{"rendered":"<p>Der Streik der Arbeiterinnen bei Pierburg in Neuss 1973 1973 haben in der damaligen Bundesrepublik fast 300 000 Arbeiterinnen und Arbeiter gestreikt. Ganz ohne Urabstimmung,&hellip;<\/p>\n","protected":false},"featured_media":70,"template":"","meta":{"_eb_attr":""},"product_brand":[],"product_cat":[8],"product_tag":[],"class_list":{"0":"post-63","1":"product","2":"type-product","3":"status-publish","4":"has-post-thumbnail","6":"product_cat-kaempfe","8":"first","9":"instock","10":"taxable","11":"shipping-taxable","12":"purchasable","13":"product-type-simple","14":"customify-col"},"_links":{"self":[{"href":"https:\/\/diebuchmacherei.de\/de_de\/wp-json\/wp\/v2\/product\/63","targetHints":{"allow":["GET"]}}],"collection":[{"href":"https:\/\/diebuchmacherei.de\/de_de\/wp-json\/wp\/v2\/product"}],"about":[{"href":"https:\/\/diebuchmacherei.de\/de_de\/wp-json\/wp\/v2\/types\/product"}],"wp:featuredmedia":[{"embeddable":true,"href":"https:\/\/diebuchmacherei.de\/de_de\/wp-json\/wp\/v2\/media\/70"}],"wp:attachment":[{"href":"https:\/\/diebuchmacherei.de\/de_de\/wp-json\/wp\/v2\/media?parent=63"}],"wp:term":[{"taxonomy":"product_brand","embeddable":true,"href":"https:\/\/diebuchmacherei.de\/de_de\/wp-json\/wp\/v2\/product_brand?post=63"},{"taxonomy":"product_cat","embeddable":true,"href":"https:\/\/diebuchmacherei.de\/de_de\/wp-json\/wp\/v2\/product_cat?post=63"},{"taxonomy":"product_tag","embeddable":true,"href":"https:\/\/diebuchmacherei.de\/de_de\/wp-json\/wp\/v2\/product_tag?post=63"}],"curies":[{"name":"wp","href":"https:\/\/api.w.org\/{rel}","templated":true}]}}