{"id":68,"date":"2015-03-02T19:59:26","date_gmt":"2015-03-02T18:59:26","guid":{"rendered":"http:\/\/www.diebuchmacherei.dev\/?post_type=product&#038;p=68"},"modified":"2026-02-15T15:52:45","modified_gmt":"2026-02-15T14:52:45","slug":"9-monate-streik-bei-neupack","status":"publish","type":"product","link":"https:\/\/diebuchmacherei.de\/de_de\/produkt\/9-monate-streik-bei-neupack\/","title":{"rendered":"9 Monate Streik bei Neupack"},"content":{"rendered":"<p>Ein Unterst\u00fctzerkreis konnte einen der l\u00e4ngsten Arbeitsk\u00e4mpfe der letzten Jahrzehnte in Deutschland von der Vorbereitung bis zum Abschluss begleiten. Aus dieser Arbeit heraus entstand dieses Buch. Ein immer gr\u00f6\u00dfer werdender Niedriglohnsektor mit prek\u00e4ren Arbeitsverh\u00e4ltnissen ver\u00e4ndert die Kr\u00e4fteverh\u00e4ltnisse in Betrieben. Zudem gibt es eine zunehmende Anzahl von Betrieben, die kein Interesse an einer sozialpartnerschaftlichen Kooperation mit den gro\u00dfen Gewerkschaften haben und diese massiv bek\u00e4mpfen, zumindest dann, wenn sie wirkliche Verbesserungen f\u00fcr die Belegschaften anstreben. Davon, wie Arbeitgeber das praktizieren und dabei auch erfolgreich sein k\u00f6nnen, erz\u00e4hlt dieser Streik bei Neupack. Er zeigt aber auch, dass dies nicht so sein muss.<\/p>\n<p>In einer erfreulich sachlichen und mitunter selbstkritischen Weise wird hier der Streik bei Neupack dokumentiert und analysiert von denen, die darin selbst eine aktive Rolle \u00fcbernommen haben und viel lernen konnten. Ihr Verdienst ist es, f\u00fcr Au\u00dfenstehende eine erste kompakte, den gesamten Verlauf umfassende Chronologie und Bewertung dieses exemplarischen Arbeitskampfes vorlegen zu k\u00f6nnen.<\/p>\n<p>&nbsp;<\/p>\n","protected":false},"excerpt":{"rendered":"<p>Ein Unterst\u00fctzerkreis konnte einen der l\u00e4ngsten Arbeitsk\u00e4mpfe der letzten Jahrzehnte in Deutschland von der Vorbereitung bis zum Abschluss begleiten. Aus dieser Arbeit heraus entstand dieses&hellip;<\/p>\n","protected":false},"featured_media":8451,"template":"","meta":{"_eb_attr":""},"product_brand":[],"product_cat":[171,8],"product_tag":[],"class_list":{"0":"post-68","1":"product","2":"type-product","3":"status-publish","4":"has-post-thumbnail","6":"product_cat-neupack","7":"product_cat-kaempfe","9":"first","10":"instock","11":"taxable","12":"shipping-taxable","13":"purchasable","14":"product-type-simple","15":"customify-col"},"_links":{"self":[{"href":"https:\/\/diebuchmacherei.de\/de_de\/wp-json\/wp\/v2\/product\/68","targetHints":{"allow":["GET"]}}],"collection":[{"href":"https:\/\/diebuchmacherei.de\/de_de\/wp-json\/wp\/v2\/product"}],"about":[{"href":"https:\/\/diebuchmacherei.de\/de_de\/wp-json\/wp\/v2\/types\/product"}],"wp:featuredmedia":[{"embeddable":true,"href":"https:\/\/diebuchmacherei.de\/de_de\/wp-json\/wp\/v2\/media\/8451"}],"wp:attachment":[{"href":"https:\/\/diebuchmacherei.de\/de_de\/wp-json\/wp\/v2\/media?parent=68"}],"wp:term":[{"taxonomy":"product_brand","embeddable":true,"href":"https:\/\/diebuchmacherei.de\/de_de\/wp-json\/wp\/v2\/product_brand?post=68"},{"taxonomy":"product_cat","embeddable":true,"href":"https:\/\/diebuchmacherei.de\/de_de\/wp-json\/wp\/v2\/product_cat?post=68"},{"taxonomy":"product_tag","embeddable":true,"href":"https:\/\/diebuchmacherei.de\/de_de\/wp-json\/wp\/v2\/product_tag?post=68"}],"curies":[{"name":"wp","href":"https:\/\/api.w.org\/{rel}","templated":true}]}}