{"id":7067,"date":"2025-03-16T16:11:43","date_gmt":"2025-03-16T15:11:43","guid":{"rendered":"https:\/\/diebuchmacherei.de\/?post_type=product&#038;p=7067"},"modified":"2025-08-31T21:27:53","modified_gmt":"2025-08-31T19:27:53","slug":"solidaritaet-statt-konkurrenz","status":"publish","type":"product","link":"https:\/\/diebuchmacherei.de\/de_de\/produkt\/solidaritaet-statt-konkurrenz\/","title":{"rendered":"Solidarit\u00e4t statt Konkurrenz &#8211; Gillette: 30 Jahre gewerkschaftliche Zusammenarbeit in Europa"},"content":{"rendered":"<p>Ab Mitte der 1980er Jahre mussten sich die Belegschaften und die Gewerkschaften immer mehr mit den Folgen der Globalisierung in den international agierenden Unternehmen auseinandersetzen.<\/p>\n<p>Gillette hatte damals Werke in vier europ\u00e4ischen L\u00e4ndern und die Konzernleitung ging mehr und mehr dazu u\u0308ber, die Standorte gegeneinander auszuspielen, um die Unternehmensziele durchzusetzen.<\/p>\n<p>Die damit konfrontierten Arbeitnehmervertreter erkannten nach und nach die Notwendigkeit, sich untereinander auszutauschen und zu vernetzen. Das fu\u0308hrte Anfang 1989 zur Gru\u0308ndung einer werku\u0308bergreifenden Zusammenarbeit, die als Vorl\u00e4ufer der Europ\u00e4ischen Betriebsr\u00e4te angesehen werden kann, lange bevor solche tats\u00e4chlich Realit\u00e4t in der europ\u00e4ischen Gewerkschaftsarbeit wurden.<\/p>\n<p>In der vorliegenden Broschu\u0308re wird berichtet, wie es dazu kam und was daraus wurde. Es wird die Erfahrung von 30 Jahren internationaler gewerkschaftlicher Solidarit\u00e4t nachgezeichnet, die nichts an Aktualit\u00e4t verloren hat.<\/p>\n","protected":false},"excerpt":{"rendered":"<p>Ab Mitte der 1980er Jahre mussten sich die Belegschaften und die Gewerkschaften immer mehr mit den Folgen der Globalisierung in den international agierenden Unternehmen auseinandersetzen.&hellip;<\/p>\n","protected":false},"featured_media":7068,"template":"","meta":{"_eb_attr":""},"product_brand":[],"product_cat":[8],"product_tag":[],"class_list":{"0":"post-7067","1":"product","2":"type-product","3":"status-publish","4":"has-post-thumbnail","6":"product_cat-kaempfe","8":"first","9":"instock","10":"taxable","11":"shipping-taxable","12":"purchasable","13":"product-type-simple","14":"customify-col"},"_links":{"self":[{"href":"https:\/\/diebuchmacherei.de\/de_de\/wp-json\/wp\/v2\/product\/7067","targetHints":{"allow":["GET"]}}],"collection":[{"href":"https:\/\/diebuchmacherei.de\/de_de\/wp-json\/wp\/v2\/product"}],"about":[{"href":"https:\/\/diebuchmacherei.de\/de_de\/wp-json\/wp\/v2\/types\/product"}],"wp:featuredmedia":[{"embeddable":true,"href":"https:\/\/diebuchmacherei.de\/de_de\/wp-json\/wp\/v2\/media\/7068"}],"wp:attachment":[{"href":"https:\/\/diebuchmacherei.de\/de_de\/wp-json\/wp\/v2\/media?parent=7067"}],"wp:term":[{"taxonomy":"product_brand","embeddable":true,"href":"https:\/\/diebuchmacherei.de\/de_de\/wp-json\/wp\/v2\/product_brand?post=7067"},{"taxonomy":"product_cat","embeddable":true,"href":"https:\/\/diebuchmacherei.de\/de_de\/wp-json\/wp\/v2\/product_cat?post=7067"},{"taxonomy":"product_tag","embeddable":true,"href":"https:\/\/diebuchmacherei.de\/de_de\/wp-json\/wp\/v2\/product_tag?post=7067"}],"curies":[{"name":"wp","href":"https:\/\/api.w.org\/{rel}","templated":true}]}}