{"id":72,"date":"2015-02-28T18:06:58","date_gmt":"2015-02-28T17:06:58","guid":{"rendered":"http:\/\/www.diebuchmacherei.dev\/?post_type=product&#038;p=72"},"modified":"2026-02-15T15:55:44","modified_gmt":"2026-02-15T14:55:44","slug":"eine-geschichte-der-novemberrevolution","status":"publish","type":"product","link":"https:\/\/diebuchmacherei.de\/de_de\/produkt\/eine-geschichte-der-novemberrevolution\/","title":{"rendered":"Eine Geschichte der Novemberrevolution"},"content":{"rendered":"<p>Neuausgabe der B\u00e4nde &#8220;Vom Kaiserreich zur Republik&#8221;, &#8220;Die Novemberrevolution&#8221;, &#8220;Der B\u00fcrgerkrieg in Deutschland&#8221;<\/p>\n<p>In einer historischen Trilogie unter dem Obertitel &#8220;Vom Kaiserreich zur Republik&#8221; verfasste Richard M\u00fcller, Metallarbeiter und Vorsitzender des Vollzugsrats der Arbeiter- und Soldatenr\u00e4te zur deutschen Novemberrevolution einen ungew\u00f6hnlichen Zeitzeugenbericht. Seine packend erz\u00e4hlten B\u00e4nde inspirierten Historiker wie Sebastian Haffner und sind Standardwerk und Geheimtipp zugleich. Seit Oktober 2011sind die drei B\u00e4nde in einem Band geb\u00fcndelt wieder verf\u00fcgbar.<br \/>\n++++ Ab 5.Auflage (M\u00e4rz 2012) mit Chronologie und Personenregister ++++<br \/>\nHier gibt es f\u00fcr alle, die das Buch bisher erworben haben, eine pdf zur\u00a0<a href=\"https:\/\/diebuchmacherei.de\/wp-content\/uploads\/2015\/03\/Chronologie.pdf\">Chronologie<\/a> und zum <a href=\"https:\/\/diebuchmacherei.de\/wp-content\/uploads\/2015\/03\/Personeregister.pdf\">Personenregister<\/a><\/p>\n<p>&nbsp;<\/p>\n","protected":false},"excerpt":{"rendered":"<p>Neuausgabe der B\u00e4nde &#8220;Vom Kaiserreich zur Republik&#8221;, &#8220;Die Novemberrevolution&#8221;, &#8220;Der B\u00fcrgerkrieg in Deutschland&#8221; In einer historischen Trilogie unter dem Obertitel &#8220;Vom Kaiserreich zur Republik&#8221; verfasste&hellip;<\/p>\n","protected":false},"featured_media":8435,"template":"","meta":{"_eb_attr":""},"product_brand":[],"product_cat":[8],"product_tag":[],"class_list":{"0":"post-72","1":"product","2":"type-product","3":"status-publish","4":"has-post-thumbnail","6":"product_cat-kaempfe","8":"first","9":"instock","10":"taxable","11":"shipping-taxable","12":"purchasable","13":"product-type-simple","14":"customify-col"},"_links":{"self":[{"href":"https:\/\/diebuchmacherei.de\/de_de\/wp-json\/wp\/v2\/product\/72","targetHints":{"allow":["GET"]}}],"collection":[{"href":"https:\/\/diebuchmacherei.de\/de_de\/wp-json\/wp\/v2\/product"}],"about":[{"href":"https:\/\/diebuchmacherei.de\/de_de\/wp-json\/wp\/v2\/types\/product"}],"wp:featuredmedia":[{"embeddable":true,"href":"https:\/\/diebuchmacherei.de\/de_de\/wp-json\/wp\/v2\/media\/8435"}],"wp:attachment":[{"href":"https:\/\/diebuchmacherei.de\/de_de\/wp-json\/wp\/v2\/media?parent=72"}],"wp:term":[{"taxonomy":"product_brand","embeddable":true,"href":"https:\/\/diebuchmacherei.de\/de_de\/wp-json\/wp\/v2\/product_brand?post=72"},{"taxonomy":"product_cat","embeddable":true,"href":"https:\/\/diebuchmacherei.de\/de_de\/wp-json\/wp\/v2\/product_cat?post=72"},{"taxonomy":"product_tag","embeddable":true,"href":"https:\/\/diebuchmacherei.de\/de_de\/wp-json\/wp\/v2\/product_tag?post=72"}],"curies":[{"name":"wp","href":"https:\/\/api.w.org\/{rel}","templated":true}]}}