{"id":7271,"date":"2025-08-04T17:03:55","date_gmt":"2025-08-04T15:03:55","guid":{"rendered":"https:\/\/diebuchmacherei.de\/?post_type=product&#038;p=7271"},"modified":"2025-10-28T15:49:15","modified_gmt":"2025-10-28T14:49:15","slug":"das-kapital-kurzfassung-aller-drei-baende","status":"publish","type":"product","link":"https:\/\/diebuchmacherei.de\/de_de\/produkt\/das-kapital-kurzfassung-aller-drei-baende\/","title":{"rendered":"Das Kapital &#8211; Kurzfassung aller drei B\u00e4nde"},"content":{"rendered":"<p>Wer hat noch die Zeit, 2.200 Seiten aller drei B\u00e4nde des Kapitals zu lesen?<\/p>\n<p>Eine aufmerksame Lekt\u00fcre braucht daf\u00fcr rund 160 Stunden oder einen vollen Arbeitsmonat.<\/p>\n<p>Um in k\u00fcrzerer Zeit mehr Interessierte mit der Marx\u2018schen Kritik des Kapitalismus vertraut zu machen, wurde von Wal Buchenberg diese kommentierte Kurzfassung aller drei Kapitalb\u00e4nde erstellt, die auf die Vertiefung von Einzelfragen verzichtet, aber auf weniger als 500 Seiten den vollst\u00e4ndigen Gedankengang von Marx\u2018 Hauptwerk im Zusammenhang und seinen eigenen Worten bietet.<\/p>\n","protected":false},"excerpt":{"rendered":"<p>Wer hat noch die Zeit, 2.200 Seiten aller drei B\u00e4nde des Kapitals zu lesen? Eine aufmerksame Lekt\u00fcre braucht daf\u00fcr rund 160 Stunden oder einen vollen&hellip;<\/p>\n","protected":false},"featured_media":7272,"template":"","meta":{"_eb_attr":""},"product_brand":[],"product_cat":[85],"product_tag":[201,202],"class_list":{"0":"post-7271","1":"product","2":"type-product","3":"status-publish","4":"has-post-thumbnail","6":"product_cat-kapitalismuskritik","7":"product_tag-444-seiten","8":"product_tag-isbn-978-3-9826199-8-9-covergestaltung-jochen-gester","10":"first","11":"instock","12":"taxable","13":"shipping-taxable","14":"purchasable","15":"product-type-simple","16":"customify-col"},"_links":{"self":[{"href":"https:\/\/diebuchmacherei.de\/de_de\/wp-json\/wp\/v2\/product\/7271","targetHints":{"allow":["GET"]}}],"collection":[{"href":"https:\/\/diebuchmacherei.de\/de_de\/wp-json\/wp\/v2\/product"}],"about":[{"href":"https:\/\/diebuchmacherei.de\/de_de\/wp-json\/wp\/v2\/types\/product"}],"wp:featuredmedia":[{"embeddable":true,"href":"https:\/\/diebuchmacherei.de\/de_de\/wp-json\/wp\/v2\/media\/7272"}],"wp:attachment":[{"href":"https:\/\/diebuchmacherei.de\/de_de\/wp-json\/wp\/v2\/media?parent=7271"}],"wp:term":[{"taxonomy":"product_brand","embeddable":true,"href":"https:\/\/diebuchmacherei.de\/de_de\/wp-json\/wp\/v2\/product_brand?post=7271"},{"taxonomy":"product_cat","embeddable":true,"href":"https:\/\/diebuchmacherei.de\/de_de\/wp-json\/wp\/v2\/product_cat?post=7271"},{"taxonomy":"product_tag","embeddable":true,"href":"https:\/\/diebuchmacherei.de\/de_de\/wp-json\/wp\/v2\/product_tag?post=7271"}],"curies":[{"name":"wp","href":"https:\/\/api.w.org\/{rel}","templated":true}]}}