{"id":771,"date":"2016-04-29T16:14:02","date_gmt":"2016-04-29T14:14:02","guid":{"rendered":"http:\/\/diebuchmacherei.de\/?post_type=product&#038;p=771"},"modified":"2026-02-15T15:49:37","modified_gmt":"2026-02-15T14:49:37","slug":"klassenkaempfe-in-der-udssr","status":"publish","type":"product","link":"https:\/\/diebuchmacherei.de\/de_de\/produkt\/klassenkaempfe-in-der-udssr\/","title":{"rendered":"Klassenk\u00e4mpfe in der UdSSR"},"content":{"rendered":"<p>Charles Bettelheim, einer der profiliertesten marxistischen \u00d6konomen des 20. Jahrhunderts, befasste sich Jahrzehnte mit \u00d6konomie und Politik der Sowjetunion. Der franz\u00f6sische Jungkommunist wurde zuerst ein Kritiker des Stalinismus, war sp\u00e4ter stark maoistisch beeinflusst, um dann in seiner letzten Lebensphase das bolschewistische Revolutionsmodell einer grunds\u00e4tzlichen Kritik von links zu unterziehen. In \u00fcber 600 Seiten untersuchte und analysierte er \u201edie Welt der Herrschenden\u201c und \u201edie Welt der Beherrschten\u201c.<\/p>\n<p>Charles Bettelheims Studien \u00fcber Wirtschaft und Politik der Sowjetunion teilen sich in drei Zeitphasen. Im ersten Buch behandelte er die Zeitphase von 1917-1923, im zweiten thematisierte er die Periode von 1923-1930. Die Untersuchung endet mit einer dritten Periode, die die Zeit von 1930 bis 1941 umfasst und als Doppelband herausgegeben wurde (Bd. 3.1 und 3.2). Alle B\u00e4nde liegen in der Ausgangssprache Franz\u00f6sisch vor. Der erste erschien 1974, der zweite 1977. Der Doppelband erschien in zwei Teilen: 1982 gab es den ersten, 1983 folgte der zweite.<\/p>\n<p>Nur der ersten Band (1917-1923) erschien 1975 in deutscher Sprache.<\/p>\n<p>Bettelheim verfasste Band 1 und Band 2 als Verteidigung des Leninismus gegen seine stalinistische Entartung. In den letzten beiden B\u00e4nden (Bd. 3.1 und 3.2) erweiterte er diese Kritik in Richtung grunds\u00e4tzlicher Zweifel am bolschewistischen Revolutionsmodell.<\/p>\n<p>Diese beiden B\u00e4nde liegen jetzt erstmals &#8211; \u00fcbersetzt von Andreas F\u00f6rster &#8211; in deutscher Sprache bei uns vor. Sie haben bei uns die Bezeichnung \u201eBand 3 und 4\u201c.<\/p>\n<p>&nbsp;<\/p>\n<p><strong>\u00a0<\/strong><\/p>\n","protected":false},"excerpt":{"rendered":"<p>Charles Bettelheim, einer der profiliertesten marxistischen \u00d6konomen des 20. Jahrhunderts, befasste sich Jahrzehnte mit \u00d6konomie und Politik der Sowjetunion. Der franz\u00f6sische Jungkommunist wurde zuerst ein&hellip;<\/p>\n","protected":false},"featured_media":8430,"template":"","meta":{"_eb_attr":""},"product_brand":[],"product_cat":[8],"product_tag":[],"class_list":{"0":"post-771","1":"product","2":"type-product","3":"status-publish","4":"has-post-thumbnail","6":"product_cat-kaempfe","8":"first","9":"instock","10":"taxable","11":"shipping-taxable","12":"purchasable","13":"product-type-simple","14":"customify-col"},"_links":{"self":[{"href":"https:\/\/diebuchmacherei.de\/de_de\/wp-json\/wp\/v2\/product\/771","targetHints":{"allow":["GET"]}}],"collection":[{"href":"https:\/\/diebuchmacherei.de\/de_de\/wp-json\/wp\/v2\/product"}],"about":[{"href":"https:\/\/diebuchmacherei.de\/de_de\/wp-json\/wp\/v2\/types\/product"}],"wp:featuredmedia":[{"embeddable":true,"href":"https:\/\/diebuchmacherei.de\/de_de\/wp-json\/wp\/v2\/media\/8430"}],"wp:attachment":[{"href":"https:\/\/diebuchmacherei.de\/de_de\/wp-json\/wp\/v2\/media?parent=771"}],"wp:term":[{"taxonomy":"product_brand","embeddable":true,"href":"https:\/\/diebuchmacherei.de\/de_de\/wp-json\/wp\/v2\/product_brand?post=771"},{"taxonomy":"product_cat","embeddable":true,"href":"https:\/\/diebuchmacherei.de\/de_de\/wp-json\/wp\/v2\/product_cat?post=771"},{"taxonomy":"product_tag","embeddable":true,"href":"https:\/\/diebuchmacherei.de\/de_de\/wp-json\/wp\/v2\/product_tag?post=771"}],"curies":[{"name":"wp","href":"https:\/\/api.w.org\/{rel}","templated":true}]}}