{"id":80,"date":"2015-03-03T18:19:57","date_gmt":"2015-03-03T17:19:57","guid":{"rendered":"http:\/\/www.diebuchmacherei.dev\/?post_type=product&#038;p=80"},"modified":"2026-02-15T15:12:57","modified_gmt":"2026-02-15T14:12:57","slug":"die-unbekannte-revolution","status":"publish","type":"product","link":"https:\/\/diebuchmacherei.de\/de_de\/produkt\/die-unbekannte-revolution\/","title":{"rendered":"Die unbekannte Revolution"},"content":{"rendered":"<p>Als 1974 endlich eine deutsche Ausgabe von Volins Verm\u00e4chtnis <em>Die unbekannte Revolution<\/em> erschien, wurde dies durch die Lautsprecher der Zeit \u00fcbert\u00f6nt. F\u00fcr die gro\u00dfen politischen Str\u00f6mungen des linken Antikapitalismus stand damals au\u00dfer Zweifel, dass der zuk\u00fcnftige Sozialismus nur in der Nachfolge der Bolschewiki siegen k\u00f6nne. Doch sp\u00e4testens mit der Implosion der Sowjetunion und der Aufl\u00f6sung bzw. Marginalisierung der an diesem Modell orientierten Parteien sind diese Gewissheiten ersch\u00fcttert. Um die Ursachen des letztlich gescheiterten bolschewistischen Revolutionskonzepts zu begreifen, ist Volins Zeitzeugnis immer noch eine unverzichtbare Quelle. Der russische Revolution\u00e4r und Anarchist analysiert hier die Vorgeschichte und den Ablauf der Oktoberrevolution, zerpfl\u00fcckt mit Hilfe von Dokumenten verbreitete L\u00fcgen \u00fcber den Aufstand von Kronstadt und er\u00f6ffnet den Blick f\u00fcr die kaum bekannten Bauernk\u00e4mpfe in der Ukraine. Seine Analyse er\u00f6ffnet einen Zugang zur sozialen Revolution aus dem \u201eGed\u00e4chtnis der Besiegten\u201c und macht begreifbar, warum der Bolschewismus selbst, und nicht erst seine stalinistischen Exzesse, zum Problem der sozialen Emanzipationsbewegungen Russlands und der Ukraine wurde.<\/p>\n","protected":false},"excerpt":{"rendered":"<p>Als 1974 endlich eine deutsche Ausgabe von Volins Verm\u00e4chtnis Die unbekannte Revolution erschien, wurde dies durch die Lautsprecher der Zeit \u00fcbert\u00f6nt. F\u00fcr die gro\u00dfen politischen&hellip;<\/p>\n","protected":false},"featured_media":8447,"template":"","meta":{"_eb_attr":""},"product_brand":[],"product_cat":[9],"product_tag":[],"class_list":{"0":"post-80","1":"product","2":"type-product","3":"status-publish","4":"has-post-thumbnail","6":"product_cat-utopien","8":"first","9":"instock","10":"taxable","11":"shipping-taxable","12":"purchasable","13":"product-type-simple","14":"customify-col"},"_links":{"self":[{"href":"https:\/\/diebuchmacherei.de\/de_de\/wp-json\/wp\/v2\/product\/80","targetHints":{"allow":["GET"]}}],"collection":[{"href":"https:\/\/diebuchmacherei.de\/de_de\/wp-json\/wp\/v2\/product"}],"about":[{"href":"https:\/\/diebuchmacherei.de\/de_de\/wp-json\/wp\/v2\/types\/product"}],"wp:featuredmedia":[{"embeddable":true,"href":"https:\/\/diebuchmacherei.de\/de_de\/wp-json\/wp\/v2\/media\/8447"}],"wp:attachment":[{"href":"https:\/\/diebuchmacherei.de\/de_de\/wp-json\/wp\/v2\/media?parent=80"}],"wp:term":[{"taxonomy":"product_brand","embeddable":true,"href":"https:\/\/diebuchmacherei.de\/de_de\/wp-json\/wp\/v2\/product_brand?post=80"},{"taxonomy":"product_cat","embeddable":true,"href":"https:\/\/diebuchmacherei.de\/de_de\/wp-json\/wp\/v2\/product_cat?post=80"},{"taxonomy":"product_tag","embeddable":true,"href":"https:\/\/diebuchmacherei.de\/de_de\/wp-json\/wp\/v2\/product_tag?post=80"}],"curies":[{"name":"wp","href":"https:\/\/api.w.org\/{rel}","templated":true}]}}