{"id":82,"date":"2015-03-02T18:23:36","date_gmt":"2015-03-02T17:23:36","guid":{"rendered":"http:\/\/www.diebuchmacherei.dev\/?post_type=product&#038;p=82"},"modified":"2026-02-15T15:16:59","modified_gmt":"2026-02-15T14:16:59","slug":"die-libertaere-gesellschaft","status":"publish","type":"product","link":"https:\/\/diebuchmacherei.de\/de_de\/produkt\/die-libertaere-gesellschaft\/","title":{"rendered":"Die libert\u00e4re Gesellschaft"},"content":{"rendered":"<p>\u201eDie Utopie ist die Wahrheit von morgen\u201c (Victor Hugo) &#8211; Gerhard Stange macht sich in diesem Manifest Gedanken dar\u00fcber, wie eine freiheitliche und solidarische Gesellschaft auf den wesentlichen Feldern des gesellschaftlichen Lebens organisiert sein k\u00f6nnte, um eine tragf\u00e4hige Alternative zum Kapitalismus hervorzubringen. Die Thesen des Autors brechen mit einem unseligen Dogma im marxistischen Denken, die an die religi\u00f6se Tradition des \u201eBilderverbots\u201c erinnert. Denn so verr\u00fcckt es w\u00e4re, eine herrschaftsfreie Gesellschaft bis ins Detail auf dem Rei\u00dfbrett zu entwerfen, so verr\u00fcckt ist es, sich vorzustellen, man k\u00f6nne dorthin gelangen, ohne dass f\u00fcr die wichtigsten Ver\u00e4nderungen vorher gesellschaftliche Mehrheiten gewonnen zu haben. Auf diese Anstrengung zu verzichten hei\u00dft auf die Utopie zu verzichten. Gerhard Stange begreift sein Manifest als Vorschlag zu einer offenen Diskussion.<\/p>\n<p>&nbsp;<\/p>\n","protected":false},"excerpt":{"rendered":"<p>\u201eDie Utopie ist die Wahrheit von morgen\u201c (Victor Hugo) &#8211; Gerhard Stange macht sich in diesem Manifest Gedanken dar\u00fcber, wie eine freiheitliche und solidarische Gesellschaft&hellip;<\/p>\n","protected":false},"featured_media":8442,"template":"","meta":{"_eb_attr":""},"product_brand":[],"product_cat":[9],"product_tag":[],"class_list":{"0":"post-82","1":"product","2":"type-product","3":"status-publish","4":"has-post-thumbnail","6":"product_cat-utopien","8":"first","9":"instock","10":"taxable","11":"shipping-taxable","12":"purchasable","13":"product-type-simple","14":"customify-col"},"_links":{"self":[{"href":"https:\/\/diebuchmacherei.de\/de_de\/wp-json\/wp\/v2\/product\/82","targetHints":{"allow":["GET"]}}],"collection":[{"href":"https:\/\/diebuchmacherei.de\/de_de\/wp-json\/wp\/v2\/product"}],"about":[{"href":"https:\/\/diebuchmacherei.de\/de_de\/wp-json\/wp\/v2\/types\/product"}],"wp:featuredmedia":[{"embeddable":true,"href":"https:\/\/diebuchmacherei.de\/de_de\/wp-json\/wp\/v2\/media\/8442"}],"wp:attachment":[{"href":"https:\/\/diebuchmacherei.de\/de_de\/wp-json\/wp\/v2\/media?parent=82"}],"wp:term":[{"taxonomy":"product_brand","embeddable":true,"href":"https:\/\/diebuchmacherei.de\/de_de\/wp-json\/wp\/v2\/product_brand?post=82"},{"taxonomy":"product_cat","embeddable":true,"href":"https:\/\/diebuchmacherei.de\/de_de\/wp-json\/wp\/v2\/product_cat?post=82"},{"taxonomy":"product_tag","embeddable":true,"href":"https:\/\/diebuchmacherei.de\/de_de\/wp-json\/wp\/v2\/product_tag?post=82"}],"curies":[{"name":"wp","href":"https:\/\/api.w.org\/{rel}","templated":true}]}}