{"id":9939,"date":"2026-05-09T10:13:21","date_gmt":"2026-05-09T08:13:21","guid":{"rendered":"https:\/\/diebuchmacherei.de\/?post_type=product&#038;p=9939"},"modified":"2026-05-09T11:32:32","modified_gmt":"2026-05-09T09:32:32","slug":"truemmer-auf-truemmer","status":"publish","type":"product","link":"https:\/\/diebuchmacherei.de\/de_de\/produkt\/truemmer-auf-truemmer\/","title":{"rendered":"Tr\u00fcmmer auf Tr\u00fcmmer"},"content":{"rendered":"<p>Sp\u00e4testens seit Oktober 2023 dient die deutsche Staatsr\u00e4son als Sicherheit Israels der Verwandlung staatlicher Gewalt in einen Akt der Wiedergutmachung. Wie konnte die Erinnerungskultur zu einem Instrument rassistischer und antilinker Verfolgung werden? Und wie ist diese Staatsr\u00e4son \u2013 angesichts des globalen Rechtsrucks \u2013 zu verstehen? Der Sammelband beleuchtet Vergangenheit und Gegenwart der herrschenden deutschen Ideologie und pl\u00e4diert fu\u0308r ein universelles<br \/>\nNie wieder.<\/p>\n<p>Mit Beitr\u00e4gen von Bue Ru\u0308bner Hansen, Leandros Fischer, Sami Khatib, Gilbert, Achcar, Jewish Currents, Gerhard Hanloser, Emily Dische-Becker, Anna Younes, Alexander Gorski, 3ezwa, Nahed Samour, AK Beau S\u00e9jour und Alberto Toscano.<\/p>\n","protected":false},"excerpt":{"rendered":"<p>Sp\u00e4testens seit Oktober 2023 dient die deutsche Staatsr\u00e4son als Sicherheit Israels der Verwandlung staatlicher Gewalt in einen Akt der Wiedergutmachung. Wie konnte die Erinnerungskultur zu&hellip;<\/p>\n","protected":false},"featured_media":9940,"template":"","meta":{"_eb_attr":""},"product_brand":[],"product_cat":[84],"product_tag":[237,238,239],"class_list":{"0":"post-9939","1":"product","2":"type-product","3":"status-publish","4":"has-post-thumbnail","6":"product_cat-lebendiger-antifaschismus","7":"product_tag-268-seiten","8":"product_tag-isbn-978-3-9827938-5-6","9":"product_tag-packerback","11":"first","12":"instock","13":"taxable","14":"shipping-taxable","15":"purchasable","16":"product-type-simple","17":"customify-col"},"_links":{"self":[{"href":"https:\/\/diebuchmacherei.de\/de_de\/wp-json\/wp\/v2\/product\/9939","targetHints":{"allow":["GET"]}}],"collection":[{"href":"https:\/\/diebuchmacherei.de\/de_de\/wp-json\/wp\/v2\/product"}],"about":[{"href":"https:\/\/diebuchmacherei.de\/de_de\/wp-json\/wp\/v2\/types\/product"}],"wp:featuredmedia":[{"embeddable":true,"href":"https:\/\/diebuchmacherei.de\/de_de\/wp-json\/wp\/v2\/media\/9940"}],"wp:attachment":[{"href":"https:\/\/diebuchmacherei.de\/de_de\/wp-json\/wp\/v2\/media?parent=9939"}],"wp:term":[{"taxonomy":"product_brand","embeddable":true,"href":"https:\/\/diebuchmacherei.de\/de_de\/wp-json\/wp\/v2\/product_brand?post=9939"},{"taxonomy":"product_cat","embeddable":true,"href":"https:\/\/diebuchmacherei.de\/de_de\/wp-json\/wp\/v2\/product_cat?post=9939"},{"taxonomy":"product_tag","embeddable":true,"href":"https:\/\/diebuchmacherei.de\/de_de\/wp-json\/wp\/v2\/product_tag?post=9939"}],"curies":[{"name":"wp","href":"https:\/\/api.w.org\/{rel}","templated":true}]}}